{"id":7128,"date":"2024-09-27T08:27:43","date_gmt":"2024-09-27T08:27:43","guid":{"rendered":"https:\/\/www.goldenglobe.hr\/?post_type=product&#038;p=7128"},"modified":"2024-09-27T08:37:32","modified_gmt":"2024-09-27T08:37:32","slug":"aluminijska-turbina-air-hawk","status":"publish","type":"product","link":"https:\/\/www.goldenglobe.hr\/index.php\/proizvod\/aluminijska-turbina-air-hawk\/","title":{"rendered":"Aluminijska Turbina Air Hawk"},"content":{"rendered":"<p>Aluminijska Turbina Air Hawk za Va\u0161 krov nudi mnoge prednosti:<\/p>\n<ul>\n<li><strong>Produ\u017eite vijek<\/strong> trajanja Va\u0161eg krova<\/li>\n<li><strong>Regulirajte koli\u010dinu vlage<\/strong> u sustavu krova<\/li>\n<li>Omogu\u0107ite <strong>izlazak vi\u0161ka topline<\/strong> <strong>i vodene pare<\/strong> iz krovne konstrukcije<\/li>\n<li>Omogu\u0107ite <strong>cirkulaciju zraka<\/strong> izme\u0111u izolacije i krovne konstrukcije<\/li>\n<li><strong>Sprije\u010dite vlagu<\/strong> da o\u0161teti krovnu konstrukciju<\/li>\n<li><strong>Ohladite krov<\/strong> u vru\u0107im vremenskim uvjetimaBitno je omogu\u0107iti disipaciju topline i izlazak vodene pare iz krovnog sustava putem pravilne ventilacije. Stoga, zrak mora slobodno cirkulirati izme\u0111u izolacije i nape koja se mo\u017ee pri\u010dvrstiti, od ispod strehe do vrha krova.<\/li>\n<li>Na krovovima s nagibom od 15\u00b0 do 40\u00b0, minimalna neto slobodna ventilacijska povr\u0161ina iznosi 33 cm\u00b2, dok je na krovovima s nagibom od 41\u00b0 do 85\u00b0 minimalna neto slobodna ventilacijska povr\u0161ina 16 cm\u00b2 za svaki 1 m\u00b2 izoliranog stropnog podru\u010dja (P), uvijek ravnomjerno podijeljena izme\u0111u povr\u0161ine ispod strehe i vrha krova.<\/li>\n<li><a href=\"https:\/\/www.youtube.com\/watch?v=Xv2ywGv68sA&amp;t=41s\">KAKO ALUMINIJSKA TURBINA AIR HAWK REAGIRA NA JAKIM VJETROVIMA I KI\u0160I<\/a><\/li>\n<\/ul>\n","protected":false},"excerpt":{"rendered":"<p>12 inch<\/p>\n","protected":false},"featured_media":7129,"template":"","meta":[],"product_cat":[54,55],"product_tag":[],"class_list":{"0":"post-7128","1":"product","2":"type-product","3":"status-publish","4":"has-post-thumbnail","6":"product_cat-krovnaoprema","7":"product_cat-sindra","8":"col-12 col-sm-6 col-md-4 col-lg-3","10":"first","11":"instock","12":"taxable","13":"shipping-taxable","14":"purchasable","15":"product-type-simple"},"yoast_head":"<!-- This site is optimized with the Yoast SEO plugin v24.1 - https:\/\/yoast.com\/wordpress\/plugins\/seo\/ -->\n<title>Aluminijska Turbina Air Hawk - Golden Globe d.o.o.<\/title>\n<meta name=\"robots\" content=\"index, follow, max-snippet:-1, max-image-preview:large, max-video-preview:-1\" \/>\n<link rel=\"canonical\" href=\"https:\/\/www.goldenglobe.hr\/index.php\/proizvod\/aluminijska-turbina-air-hawk\/\" \/>\n<meta property=\"og:locale\" content=\"hr_HR\" \/>\n<meta property=\"og:type\" content=\"article\" \/>\n<meta property=\"og:title\" content=\"Aluminijska Turbina Air Hawk - Golden Globe d.o.o.\" \/>\n<meta property=\"og:description\" content=\"12 inch\" \/>\n<meta property=\"og:url\" content=\"https:\/\/www.goldenglobe.hr\/index.php\/proizvod\/aluminijska-turbina-air-hawk\/\" \/>\n<meta property=\"og:site_name\" content=\"Golden Globe d.o.o.\" \/>\n<meta property=\"article:modified_time\" content=\"2024-09-27T08:37:32+00:00\" \/>\n<meta property=\"og:image\" content=\"https:\/\/www.goldenglobe.hr\/wp-content\/uploads\/2024\/09\/Airhawk-12-inch-Alu.jpeg\" \/>\n\t<meta property=\"og:image:width\" content=\"1920\" \/>\n\t<meta property=\"og:image:height\" content=\"1920\" \/>\n\t<meta property=\"og:image:type\" content=\"image\/jpeg\" \/>\n<meta name=\"twitter:card\" content=\"summary_large_image\" \/>\n<meta name=\"twitter:label1\" content=\"Procijenjeno vrijeme \u010ditanja\" \/>\n\t<meta name=\"twitter:data1\" content=\"1 minuta\" \/>\n<script type=\"application\/ld+json\" class=\"yoast-schema-graph\">{\"@context\":\"https:\/\/schema.org\",\"@graph\":[{\"@type\":\"WebPage\",\"@id\":\"https:\/\/www.goldenglobe.hr\/index.php\/proizvod\/aluminijska-turbina-air-hawk\/\",\"url\":\"https:\/\/www.goldenglobe.hr\/index.php\/proizvod\/aluminijska-turbina-air-hawk\/\",\"name\":\"Aluminijska Turbina Air Hawk - Golden Globe d.o.o.\",\"isPartOf\":{\"@id\":\"https:\/\/www.goldenglobe.hr\/#website\"},\"primaryImageOfPage\":{\"@id\":\"https:\/\/www.goldenglobe.hr\/index.php\/proizvod\/aluminijska-turbina-air-hawk\/#primaryimage\"},\"image\":{\"@id\":\"https:\/\/www.goldenglobe.hr\/index.php\/proizvod\/aluminijska-turbina-air-hawk\/#primaryimage\"},\"thumbnailUrl\":\"https:\/\/www.goldenglobe.hr\/wp-content\/uploads\/2024\/09\/Airhawk-12-inch-Alu.jpeg\",\"datePublished\":\"2024-09-27T08:27:43+00:00\",\"dateModified\":\"2024-09-27T08:37:32+00:00\",\"breadcrumb\":{\"@id\":\"https:\/\/www.goldenglobe.hr\/index.php\/proizvod\/aluminijska-turbina-air-hawk\/#breadcrumb\"},\"inLanguage\":\"hr\",\"potentialAction\":[{\"@type\":\"ReadAction\",\"target\":[\"https:\/\/www.goldenglobe.hr\/index.php\/proizvod\/aluminijska-turbina-air-hawk\/\"]}]},{\"@type\":\"ImageObject\",\"inLanguage\":\"hr\",\"@id\":\"https:\/\/www.goldenglobe.hr\/index.php\/proizvod\/aluminijska-turbina-air-hawk\/#primaryimage\",\"url\":\"https:\/\/www.goldenglobe.hr\/wp-content\/uploads\/2024\/09\/Airhawk-12-inch-Alu.jpeg\",\"contentUrl\":\"https:\/\/www.goldenglobe.hr\/wp-content\/uploads\/2024\/09\/Airhawk-12-inch-Alu.jpeg\",\"width\":1920,\"height\":1920},{\"@type\":\"BreadcrumbList\",\"@id\":\"https:\/\/www.goldenglobe.hr\/index.php\/proizvod\/aluminijska-turbina-air-hawk\/#breadcrumb\",\"itemListElement\":[{\"@type\":\"ListItem\",\"position\":1,\"name\":\"Po\u010detna stranica\",\"item\":\"https:\/\/www.goldenglobe.hr\/\"},{\"@type\":\"ListItem\",\"position\":2,\"name\":\"Trgovina\",\"item\":\"https:\/\/www.goldenglobe.hr\/index.php\/trgovina\/\"},{\"@type\":\"ListItem\",\"position\":3,\"name\":\"Aluminijska Turbina Air Hawk\"}]},{\"@type\":\"WebSite\",\"@id\":\"https:\/\/www.goldenglobe.hr\/#website\",\"url\":\"https:\/\/www.goldenglobe.hr\/\",\"name\":\"Golden Globe d.o.o.\",\"description\":\"Sve za krov na jednomu mjestu\",\"potentialAction\":[{\"@type\":\"SearchAction\",\"target\":{\"@type\":\"EntryPoint\",\"urlTemplate\":\"https:\/\/www.goldenglobe.hr\/?s={search_term_string}\"},\"query-input\":{\"@type\":\"PropertyValueSpecification\",\"valueRequired\":true,\"valueName\":\"search_term_string\"}}],\"inLanguage\":\"hr\"}]}<\/script>\n<!-- \/ Yoast SEO plugin. -->","yoast_head_json":{"title":"Aluminijska Turbina Air Hawk - Golden Globe d.o.o.","robots":{"index":"index","follow":"follow","max-snippet":"max-snippet:-1","max-image-preview":"max-image-preview:large","max-video-preview":"max-video-preview:-1"},"canonical":"https:\/\/www.goldenglobe.hr\/index.php\/proizvod\/aluminijska-turbina-air-hawk\/","og_locale":"hr_HR","og_type":"article","og_title":"Aluminijska Turbina Air Hawk - Golden Globe d.o.o.","og_description":"12 inch","og_url":"https:\/\/www.goldenglobe.hr\/index.php\/proizvod\/aluminijska-turbina-air-hawk\/","og_site_name":"Golden Globe d.o.o.","article_modified_time":"2024-09-27T08:37:32+00:00","og_image":[{"width":1920,"height":1920,"url":"https:\/\/www.goldenglobe.hr\/wp-content\/uploads\/2024\/09\/Airhawk-12-inch-Alu.jpeg","type":"image\/jpeg"}],"twitter_card":"summary_large_image","twitter_misc":{"Procijenjeno vrijeme \u010ditanja":"1 minuta"},"schema":{"@context":"https:\/\/schema.org","@graph":[{"@type":"WebPage","@id":"https:\/\/www.goldenglobe.hr\/index.php\/proizvod\/aluminijska-turbina-air-hawk\/","url":"https:\/\/www.goldenglobe.hr\/index.php\/proizvod\/aluminijska-turbina-air-hawk\/","name":"Aluminijska Turbina Air Hawk - Golden Globe d.o.o.","isPartOf":{"@id":"https:\/\/www.goldenglobe.hr\/#website"},"primaryImageOfPage":{"@id":"https:\/\/www.goldenglobe.hr\/index.php\/proizvod\/aluminijska-turbina-air-hawk\/#primaryimage"},"image":{"@id":"https:\/\/www.goldenglobe.hr\/index.php\/proizvod\/aluminijska-turbina-air-hawk\/#primaryimage"},"thumbnailUrl":"https:\/\/www.goldenglobe.hr\/wp-content\/uploads\/2024\/09\/Airhawk-12-inch-Alu.jpeg","datePublished":"2024-09-27T08:27:43+00:00","dateModified":"2024-09-27T08:37:32+00:00","breadcrumb":{"@id":"https:\/\/www.goldenglobe.hr\/index.php\/proizvod\/aluminijska-turbina-air-hawk\/#breadcrumb"},"inLanguage":"hr","potentialAction":[{"@type":"ReadAction","target":["https:\/\/www.goldenglobe.hr\/index.php\/proizvod\/aluminijska-turbina-air-hawk\/"]}]},{"@type":"ImageObject","inLanguage":"hr","@id":"https:\/\/www.goldenglobe.hr\/index.php\/proizvod\/aluminijska-turbina-air-hawk\/#primaryimage","url":"https:\/\/www.goldenglobe.hr\/wp-content\/uploads\/2024\/09\/Airhawk-12-inch-Alu.jpeg","contentUrl":"https:\/\/www.goldenglobe.hr\/wp-content\/uploads\/2024\/09\/Airhawk-12-inch-Alu.jpeg","width":1920,"height":1920},{"@type":"BreadcrumbList","@id":"https:\/\/www.goldenglobe.hr\/index.php\/proizvod\/aluminijska-turbina-air-hawk\/#breadcrumb","itemListElement":[{"@type":"ListItem","position":1,"name":"Po\u010detna stranica","item":"https:\/\/www.goldenglobe.hr\/"},{"@type":"ListItem","position":2,"name":"Trgovina","item":"https:\/\/www.goldenglobe.hr\/index.php\/trgovina\/"},{"@type":"ListItem","position":3,"name":"Aluminijska Turbina Air Hawk"}]},{"@type":"WebSite","@id":"https:\/\/www.goldenglobe.hr\/#website","url":"https:\/\/www.goldenglobe.hr\/","name":"Golden Globe d.o.o.","description":"Sve za krov na jednomu mjestu","potentialAction":[{"@type":"SearchAction","target":{"@type":"EntryPoint","urlTemplate":"https:\/\/www.goldenglobe.hr\/?s={search_term_string}"},"query-input":{"@type":"PropertyValueSpecification","valueRequired":true,"valueName":"search_term_string"}}],"inLanguage":"hr"}]}},"_links":{"self":[{"href":"https:\/\/www.goldenglobe.hr\/index.php\/wp-json\/wp\/v2\/product\/7128","targetHints":{"allow":["GET"]}}],"collection":[{"href":"https:\/\/www.goldenglobe.hr\/index.php\/wp-json\/wp\/v2\/product"}],"about":[{"href":"https:\/\/www.goldenglobe.hr\/index.php\/wp-json\/wp\/v2\/types\/product"}],"wp:featuredmedia":[{"embeddable":true,"href":"https:\/\/www.goldenglobe.hr\/index.php\/wp-json\/wp\/v2\/media\/7129"}],"wp:attachment":[{"href":"https:\/\/www.goldenglobe.hr\/index.php\/wp-json\/wp\/v2\/media?parent=7128"}],"wp:term":[{"taxonomy":"product_cat","embeddable":true,"href":"https:\/\/www.goldenglobe.hr\/index.php\/wp-json\/wp\/v2\/product_cat?post=7128"},{"taxonomy":"product_tag","embeddable":true,"href":"https:\/\/www.goldenglobe.hr\/index.php\/wp-json\/wp\/v2\/product_tag?post=7128"}],"curies":[{"name":"wp","href":"https:\/\/api.w.org\/{rel}","templated":true}]}}