{"id":7002,"date":"2024-04-15T06:05:53","date_gmt":"2024-04-15T06:05:53","guid":{"rendered":"https:\/\/www.goldenglobe.hr\/?post_type=product&#038;p=7002"},"modified":"2024-04-15T06:27:16","modified_gmt":"2024-04-15T06:27:16","slug":"armirana-aluminijska-parna-brana","status":"publish","type":"product","link":"https:\/\/www.goldenglobe.hr\/index.php\/proizvod\/armirana-aluminijska-parna-brana\/","title":{"rendered":"Armirana aluminijska parna brana"},"content":{"rendered":"<p>RODACH armirana aluminijska parna brana<\/p>\n<p>RODACH Armirana aluminijska parna brana s pove\u0107anom otporno\u0161\u0107u na mehani\u010dka o\u0161te\u0107enja, koristi se na kosim i ravnim krovovima te unutar zidova zgrada. Potpuno \u0161titi od prodora vlage. Ima zaslon koji reflektira toplinsko zra\u010denje, \u0161to \u0161titi zidove i potkrovlje od gubitka topline.<\/p>\n<p>&nbsp;<\/p>\n<p>\u0160TITI OD GUBITKA TOPLINE<\/p>\n<p>Kori\u0161tenjem zaslona koji reflektira toplinsko zra\u010denje, RODACH AL90 u\u010dinkovito sprje\u010dava gubitak topline u zgradama.<\/p>\n<p>&nbsp;<\/p>\n<p>OTPORNOST NA MEHANI\u010cKA O\u0160TE\u0106ENJA<\/p>\n<p>Vi\u0161eslojna struktura osigurava pove\u0107anu mehani\u010dku \u010dvrsto\u0107u uz smanjenu debljinu.<\/p>\n<p>&nbsp;<\/p>\n<p>ZA\u0160TITA OD VLA\u017dNOSTI<\/p>\n<p>Zahvaljuju\u0107i uporabi polietilena, koji je karakteriziran niskom propusno\u0161\u0107u za vodenu paru, folija u\u010dinkovito \u0161titi strukturu zidova i krovova od vlage.<\/p>\n<p>&nbsp;<\/p>\n<p>TEHNI\u010cKA SVOJSTVA<br \/>\nDebljina ili te\u017eina 90 g\/m2 \u00b1 25%<\/p>\n<p>Raspon radne temperature -30 \u00f7 70\u00b0C<\/p>\n<p>\u010cvrsto\u0107a na rastezanje<\/p>\n<p>\u2013 uzdu\u017eno<\/p>\n<p>\u2013 popre\u010dno<\/p>\n<p>\u2265220 N\/50mm<\/p>\n<p>\u2265150 N\/50mm<\/p>\n<p>Sd-vrijednost pribl. 50m<\/p>\n<p>Vodootpornost Nepropusnost za vodu pri 2 kPa<\/p>\n<p>Vatrootpornost Razred E<\/p>\n<p>Boja folije srebrna<\/p>\n<p>Dimenzije folije 1,5m x 50m<\/p>\n<p>&nbsp;<\/p>\n<p>MONTA\u017dA I PRI\u010cVR\u0160\u0106IVANJE<\/p>\n<p>Naknadne trake folije trebaju se postaviti na preklapanje, \u010dija veli\u010dina ovisi o smjeru polaganja \u2013 15 cm za paralelno polaganje i 20 cm za okomito polaganje na rogove. Foliju treba pri\u010dvrstiti na rogove s klamericama, a preklapaju\u0107e niti treba \u010dvrsto spojiti kori\u0161tenjem RODACH samoljepljivom trakom.<\/p>\n","protected":false},"excerpt":{"rendered":"<p>RODACH armirana aluminijska parna brana<\/p>\n<p>90g\/m2<\/p>\n<p>Dimenzije folije 1,5m x 50m (75m2)<\/p>\n<p>&nbsp;<\/p>\n","protected":false},"featured_media":7003,"template":"","meta":[],"product_cat":[54],"product_tag":[],"class_list":{"0":"post-7002","1":"product","2":"type-product","3":"status-publish","4":"has-post-thumbnail","6":"product_cat-krovnaoprema","7":"col-12 col-sm-6 col-md-4 col-lg-3","9":"first","10":"instock","11":"taxable","12":"shipping-taxable","13":"purchasable","14":"product-type-simple"},"yoast_head":"<!-- This site is optimized with the Yoast SEO plugin v24.1 - https:\/\/yoast.com\/wordpress\/plugins\/seo\/ -->\n<title>Armirana aluminijska parna brana - Golden Globe d.o.o.<\/title>\n<meta name=\"robots\" content=\"index, follow, max-snippet:-1, max-image-preview:large, max-video-preview:-1\" \/>\n<link rel=\"canonical\" href=\"https:\/\/www.goldenglobe.hr\/index.php\/proizvod\/armirana-aluminijska-parna-brana\/\" \/>\n<meta property=\"og:locale\" content=\"hr_HR\" \/>\n<meta property=\"og:type\" content=\"article\" \/>\n<meta property=\"og:title\" content=\"Armirana aluminijska parna brana - Golden Globe d.o.o.\" \/>\n<meta property=\"og:description\" content=\"RODACH armirana aluminijska parna brana  90g\/m2  Dimenzije folije 1,5m x 50m (75m2)  &nbsp;\" \/>\n<meta property=\"og:url\" content=\"https:\/\/www.goldenglobe.hr\/index.php\/proizvod\/armirana-aluminijska-parna-brana\/\" \/>\n<meta property=\"og:site_name\" content=\"Golden Globe d.o.o.\" \/>\n<meta property=\"article:modified_time\" content=\"2024-04-15T06:27:16+00:00\" \/>\n<meta property=\"og:image\" content=\"https:\/\/www.goldenglobe.hr\/wp-content\/uploads\/2024\/04\/ALUMINIJSKA-PARNA-BRANA-RODACH-90g.png\" \/>\n\t<meta property=\"og:image:width\" content=\"1080\" \/>\n\t<meta property=\"og:image:height\" content=\"1080\" \/>\n\t<meta property=\"og:image:type\" content=\"image\/png\" \/>\n<meta name=\"twitter:card\" content=\"summary_large_image\" \/>\n<meta name=\"twitter:label1\" content=\"Procijenjeno vrijeme \u010ditanja\" \/>\n\t<meta name=\"twitter:data1\" content=\"2 minute\" \/>\n<script type=\"application\/ld+json\" class=\"yoast-schema-graph\">{\"@context\":\"https:\/\/schema.org\",\"@graph\":[{\"@type\":\"WebPage\",\"@id\":\"https:\/\/www.goldenglobe.hr\/index.php\/proizvod\/armirana-aluminijska-parna-brana\/\",\"url\":\"https:\/\/www.goldenglobe.hr\/index.php\/proizvod\/armirana-aluminijska-parna-brana\/\",\"name\":\"Armirana aluminijska parna brana - Golden Globe d.o.o.\",\"isPartOf\":{\"@id\":\"https:\/\/www.goldenglobe.hr\/#website\"},\"primaryImageOfPage\":{\"@id\":\"https:\/\/www.goldenglobe.hr\/index.php\/proizvod\/armirana-aluminijska-parna-brana\/#primaryimage\"},\"image\":{\"@id\":\"https:\/\/www.goldenglobe.hr\/index.php\/proizvod\/armirana-aluminijska-parna-brana\/#primaryimage\"},\"thumbnailUrl\":\"https:\/\/www.goldenglobe.hr\/wp-content\/uploads\/2024\/04\/ALUMINIJSKA-PARNA-BRANA-RODACH-90g.png\",\"datePublished\":\"2024-04-15T06:05:53+00:00\",\"dateModified\":\"2024-04-15T06:27:16+00:00\",\"breadcrumb\":{\"@id\":\"https:\/\/www.goldenglobe.hr\/index.php\/proizvod\/armirana-aluminijska-parna-brana\/#breadcrumb\"},\"inLanguage\":\"hr\",\"potentialAction\":[{\"@type\":\"ReadAction\",\"target\":[\"https:\/\/www.goldenglobe.hr\/index.php\/proizvod\/armirana-aluminijska-parna-brana\/\"]}]},{\"@type\":\"ImageObject\",\"inLanguage\":\"hr\",\"@id\":\"https:\/\/www.goldenglobe.hr\/index.php\/proizvod\/armirana-aluminijska-parna-brana\/#primaryimage\",\"url\":\"https:\/\/www.goldenglobe.hr\/wp-content\/uploads\/2024\/04\/ALUMINIJSKA-PARNA-BRANA-RODACH-90g.png\",\"contentUrl\":\"https:\/\/www.goldenglobe.hr\/wp-content\/uploads\/2024\/04\/ALUMINIJSKA-PARNA-BRANA-RODACH-90g.png\",\"width\":1080,\"height\":1080},{\"@type\":\"BreadcrumbList\",\"@id\":\"https:\/\/www.goldenglobe.hr\/index.php\/proizvod\/armirana-aluminijska-parna-brana\/#breadcrumb\",\"itemListElement\":[{\"@type\":\"ListItem\",\"position\":1,\"name\":\"Po\u010detna stranica\",\"item\":\"https:\/\/www.goldenglobe.hr\/\"},{\"@type\":\"ListItem\",\"position\":2,\"name\":\"Trgovina\",\"item\":\"https:\/\/www.goldenglobe.hr\/index.php\/trgovina\/\"},{\"@type\":\"ListItem\",\"position\":3,\"name\":\"Armirana aluminijska parna brana\"}]},{\"@type\":\"WebSite\",\"@id\":\"https:\/\/www.goldenglobe.hr\/#website\",\"url\":\"https:\/\/www.goldenglobe.hr\/\",\"name\":\"Golden Globe d.o.o.\",\"description\":\"Sve za krov na jednomu mjestu\",\"potentialAction\":[{\"@type\":\"SearchAction\",\"target\":{\"@type\":\"EntryPoint\",\"urlTemplate\":\"https:\/\/www.goldenglobe.hr\/?s={search_term_string}\"},\"query-input\":{\"@type\":\"PropertyValueSpecification\",\"valueRequired\":true,\"valueName\":\"search_term_string\"}}],\"inLanguage\":\"hr\"}]}<\/script>\n<!-- \/ Yoast SEO plugin. -->","yoast_head_json":{"title":"Armirana aluminijska parna brana - Golden Globe d.o.o.","robots":{"index":"index","follow":"follow","max-snippet":"max-snippet:-1","max-image-preview":"max-image-preview:large","max-video-preview":"max-video-preview:-1"},"canonical":"https:\/\/www.goldenglobe.hr\/index.php\/proizvod\/armirana-aluminijska-parna-brana\/","og_locale":"hr_HR","og_type":"article","og_title":"Armirana aluminijska parna brana - Golden Globe d.o.o.","og_description":"RODACH armirana aluminijska parna brana  90g\/m2  Dimenzije folije 1,5m x 50m (75m2)  &nbsp;","og_url":"https:\/\/www.goldenglobe.hr\/index.php\/proizvod\/armirana-aluminijska-parna-brana\/","og_site_name":"Golden Globe d.o.o.","article_modified_time":"2024-04-15T06:27:16+00:00","og_image":[{"width":1080,"height":1080,"url":"https:\/\/www.goldenglobe.hr\/wp-content\/uploads\/2024\/04\/ALUMINIJSKA-PARNA-BRANA-RODACH-90g.png","type":"image\/png"}],"twitter_card":"summary_large_image","twitter_misc":{"Procijenjeno vrijeme \u010ditanja":"2 minute"},"schema":{"@context":"https:\/\/schema.org","@graph":[{"@type":"WebPage","@id":"https:\/\/www.goldenglobe.hr\/index.php\/proizvod\/armirana-aluminijska-parna-brana\/","url":"https:\/\/www.goldenglobe.hr\/index.php\/proizvod\/armirana-aluminijska-parna-brana\/","name":"Armirana aluminijska parna brana - Golden Globe d.o.o.","isPartOf":{"@id":"https:\/\/www.goldenglobe.hr\/#website"},"primaryImageOfPage":{"@id":"https:\/\/www.goldenglobe.hr\/index.php\/proizvod\/armirana-aluminijska-parna-brana\/#primaryimage"},"image":{"@id":"https:\/\/www.goldenglobe.hr\/index.php\/proizvod\/armirana-aluminijska-parna-brana\/#primaryimage"},"thumbnailUrl":"https:\/\/www.goldenglobe.hr\/wp-content\/uploads\/2024\/04\/ALUMINIJSKA-PARNA-BRANA-RODACH-90g.png","datePublished":"2024-04-15T06:05:53+00:00","dateModified":"2024-04-15T06:27:16+00:00","breadcrumb":{"@id":"https:\/\/www.goldenglobe.hr\/index.php\/proizvod\/armirana-aluminijska-parna-brana\/#breadcrumb"},"inLanguage":"hr","potentialAction":[{"@type":"ReadAction","target":["https:\/\/www.goldenglobe.hr\/index.php\/proizvod\/armirana-aluminijska-parna-brana\/"]}]},{"@type":"ImageObject","inLanguage":"hr","@id":"https:\/\/www.goldenglobe.hr\/index.php\/proizvod\/armirana-aluminijska-parna-brana\/#primaryimage","url":"https:\/\/www.goldenglobe.hr\/wp-content\/uploads\/2024\/04\/ALUMINIJSKA-PARNA-BRANA-RODACH-90g.png","contentUrl":"https:\/\/www.goldenglobe.hr\/wp-content\/uploads\/2024\/04\/ALUMINIJSKA-PARNA-BRANA-RODACH-90g.png","width":1080,"height":1080},{"@type":"BreadcrumbList","@id":"https:\/\/www.goldenglobe.hr\/index.php\/proizvod\/armirana-aluminijska-parna-brana\/#breadcrumb","itemListElement":[{"@type":"ListItem","position":1,"name":"Po\u010detna stranica","item":"https:\/\/www.goldenglobe.hr\/"},{"@type":"ListItem","position":2,"name":"Trgovina","item":"https:\/\/www.goldenglobe.hr\/index.php\/trgovina\/"},{"@type":"ListItem","position":3,"name":"Armirana aluminijska parna brana"}]},{"@type":"WebSite","@id":"https:\/\/www.goldenglobe.hr\/#website","url":"https:\/\/www.goldenglobe.hr\/","name":"Golden Globe d.o.o.","description":"Sve za krov na jednomu mjestu","potentialAction":[{"@type":"SearchAction","target":{"@type":"EntryPoint","urlTemplate":"https:\/\/www.goldenglobe.hr\/?s={search_term_string}"},"query-input":{"@type":"PropertyValueSpecification","valueRequired":true,"valueName":"search_term_string"}}],"inLanguage":"hr"}]}},"_links":{"self":[{"href":"https:\/\/www.goldenglobe.hr\/index.php\/wp-json\/wp\/v2\/product\/7002","targetHints":{"allow":["GET"]}}],"collection":[{"href":"https:\/\/www.goldenglobe.hr\/index.php\/wp-json\/wp\/v2\/product"}],"about":[{"href":"https:\/\/www.goldenglobe.hr\/index.php\/wp-json\/wp\/v2\/types\/product"}],"wp:featuredmedia":[{"embeddable":true,"href":"https:\/\/www.goldenglobe.hr\/index.php\/wp-json\/wp\/v2\/media\/7003"}],"wp:attachment":[{"href":"https:\/\/www.goldenglobe.hr\/index.php\/wp-json\/wp\/v2\/media?parent=7002"}],"wp:term":[{"taxonomy":"product_cat","embeddable":true,"href":"https:\/\/www.goldenglobe.hr\/index.php\/wp-json\/wp\/v2\/product_cat?post=7002"},{"taxonomy":"product_tag","embeddable":true,"href":"https:\/\/www.goldenglobe.hr\/index.php\/wp-json\/wp\/v2\/product_tag?post=7002"}],"curies":[{"name":"wp","href":"https:\/\/api.w.org\/{rel}","templated":true}]}}