{"id":6898,"date":"2023-12-04T16:04:28","date_gmt":"2023-12-04T16:04:28","guid":{"rendered":"https:\/\/www.goldenglobe.hr\/?post_type=product&#038;p=6898"},"modified":"2024-02-05T16:23:34","modified_gmt":"2024-02-05T16:23:34","slug":"akcija-fof-m8-78-x-134cm","status":"publish","type":"product","link":"https:\/\/www.goldenglobe.hr\/index.php\/proizvod\/akcija-fof-m8-78-x-134cm\/","title":{"rendered":"AKCIJA &#8211; FOF M8 (78 x 134cm) KROVNI PROZOR + OP\u0160AV"},"content":{"rendered":"<ul type=\"square\">\n<li>24mm sa duplom glazurom (4-16-4H) B700 Pane<\/li>\n<li><strong>U\u010dvr\u0161\u0107eno<\/strong> vanjsko staklo<\/li>\n<li>Ug = 1,0 i Uw = 1,4<\/li>\n<li>Sredi\u0161nji ovjes<\/li>\n<li>Za nagibe krova od 15 do 90 stupnjeva<\/li>\n<li>Drva koja koristimo ima certifikat <strong>odr\u017eivosti<\/strong><\/li>\n<li>Esteski privla\u010dna ru\u010dka<\/li>\n<li>Jednostavna instalacija uz pomo\u0107 uputa za ugradnju<\/li>\n<li>Jamstvo na 10 godina<\/li>\n<\/ul>\n<p>Rolux krovni prozori su proizvodi Altaterra koja je ujedno i \u010dlan <strong>VELUX<\/strong> grupe. VELUX grupa je proizvo\u0111a\u010d krovnih prozora i ve\u0107 80 godina donosi prirodno svjetlo i svje\u017e zrak u domove diljem svijeta.<\/p>\n","protected":false},"excerpt":{"rendered":"<p><em>Drveni krovni prozor ROLUX sa sredi\u0161njim ovjesom za nagibe krova od 15 do 90 stupnjeva.<\/em><\/p>\n<p>Uz svaki Rolux krovni prozor obavezno je imati odgovaraju\u0107i Rolux univerzalni op\u0161av!<\/p>\n","protected":false},"featured_media":6944,"template":"","meta":[],"product_cat":[61],"product_tag":[],"class_list":{"0":"post-6898","1":"product","2":"type-product","3":"status-publish","4":"has-post-thumbnail","6":"product_cat-krovni-prozori-rolux","7":"col-12 col-sm-6 col-md-4 col-lg-3","9":"first","10":"instock","11":"sale","12":"taxable","13":"shipping-taxable","14":"purchasable","15":"product-type-simple"},"yoast_head":"<!-- This site is optimized with the Yoast SEO plugin v24.1 - https:\/\/yoast.com\/wordpress\/plugins\/seo\/ -->\n<title>AKCIJA - FOF M8 (78 x 134cm) KROVNI PROZOR + OP\u0160AV - Golden Globe d.o.o.<\/title>\n<meta name=\"robots\" content=\"index, follow, max-snippet:-1, max-image-preview:large, max-video-preview:-1\" \/>\n<link rel=\"canonical\" href=\"https:\/\/www.goldenglobe.hr\/index.php\/proizvod\/akcija-fof-m8-78-x-134cm\/\" \/>\n<meta property=\"og:locale\" content=\"hr_HR\" \/>\n<meta property=\"og:type\" content=\"article\" \/>\n<meta property=\"og:title\" content=\"AKCIJA - FOF M8 (78 x 134cm) KROVNI PROZOR + OP\u0160AV - Golden Globe d.o.o.\" \/>\n<meta property=\"og:description\" content=\"Drveni krovni prozor ROLUX sa sredi\u0161njim ovjesom za nagibe krova od 15 do 90 stupnjeva.  Uz svaki Rolux krovni prozor obavezno je imati odgovaraju\u0107i Rolux univerzalni op\u0161av!\" \/>\n<meta property=\"og:url\" content=\"https:\/\/www.goldenglobe.hr\/index.php\/proizvod\/akcija-fof-m8-78-x-134cm\/\" \/>\n<meta property=\"og:site_name\" content=\"Golden Globe d.o.o.\" \/>\n<meta property=\"article:modified_time\" content=\"2024-02-05T16:23:34+00:00\" \/>\n<meta property=\"og:image\" content=\"https:\/\/www.goldenglobe.hr\/wp-content\/uploads\/2023\/12\/balio_FOF-scaled.jpg\" \/>\n\t<meta property=\"og:image:width\" content=\"1961\" \/>\n\t<meta property=\"og:image:height\" content=\"2560\" \/>\n\t<meta property=\"og:image:type\" content=\"image\/jpeg\" \/>\n<meta name=\"twitter:card\" content=\"summary_large_image\" \/>\n<meta name=\"twitter:label1\" content=\"Procijenjeno vrijeme \u010ditanja\" \/>\n\t<meta name=\"twitter:data1\" content=\"1 minuta\" \/>\n<script type=\"application\/ld+json\" class=\"yoast-schema-graph\">{\"@context\":\"https:\/\/schema.org\",\"@graph\":[{\"@type\":\"WebPage\",\"@id\":\"https:\/\/www.goldenglobe.hr\/index.php\/proizvod\/akcija-fof-m8-78-x-134cm\/\",\"url\":\"https:\/\/www.goldenglobe.hr\/index.php\/proizvod\/akcija-fof-m8-78-x-134cm\/\",\"name\":\"AKCIJA - FOF M8 (78 x 134cm) KROVNI PROZOR + OP\u0160AV - Golden Globe d.o.o.\",\"isPartOf\":{\"@id\":\"https:\/\/www.goldenglobe.hr\/#website\"},\"primaryImageOfPage\":{\"@id\":\"https:\/\/www.goldenglobe.hr\/index.php\/proizvod\/akcija-fof-m8-78-x-134cm\/#primaryimage\"},\"image\":{\"@id\":\"https:\/\/www.goldenglobe.hr\/index.php\/proizvod\/akcija-fof-m8-78-x-134cm\/#primaryimage\"},\"thumbnailUrl\":\"https:\/\/www.goldenglobe.hr\/wp-content\/uploads\/2023\/12\/balio_FOF-scaled.jpg\",\"datePublished\":\"2023-12-04T16:04:28+00:00\",\"dateModified\":\"2024-02-05T16:23:34+00:00\",\"breadcrumb\":{\"@id\":\"https:\/\/www.goldenglobe.hr\/index.php\/proizvod\/akcija-fof-m8-78-x-134cm\/#breadcrumb\"},\"inLanguage\":\"hr\",\"potentialAction\":[{\"@type\":\"ReadAction\",\"target\":[\"https:\/\/www.goldenglobe.hr\/index.php\/proizvod\/akcija-fof-m8-78-x-134cm\/\"]}]},{\"@type\":\"ImageObject\",\"inLanguage\":\"hr\",\"@id\":\"https:\/\/www.goldenglobe.hr\/index.php\/proizvod\/akcija-fof-m8-78-x-134cm\/#primaryimage\",\"url\":\"https:\/\/www.goldenglobe.hr\/wp-content\/uploads\/2023\/12\/balio_FOF-scaled.jpg\",\"contentUrl\":\"https:\/\/www.goldenglobe.hr\/wp-content\/uploads\/2023\/12\/balio_FOF-scaled.jpg\",\"width\":1961,\"height\":2560},{\"@type\":\"BreadcrumbList\",\"@id\":\"https:\/\/www.goldenglobe.hr\/index.php\/proizvod\/akcija-fof-m8-78-x-134cm\/#breadcrumb\",\"itemListElement\":[{\"@type\":\"ListItem\",\"position\":1,\"name\":\"Po\u010detna stranica\",\"item\":\"https:\/\/www.goldenglobe.hr\/\"},{\"@type\":\"ListItem\",\"position\":2,\"name\":\"Trgovina\",\"item\":\"https:\/\/www.goldenglobe.hr\/index.php\/trgovina\/\"},{\"@type\":\"ListItem\",\"position\":3,\"name\":\"AKCIJA &#8211; FOF M8 (78 x 134cm) KROVNI PROZOR + OP\u0160AV\"}]},{\"@type\":\"WebSite\",\"@id\":\"https:\/\/www.goldenglobe.hr\/#website\",\"url\":\"https:\/\/www.goldenglobe.hr\/\",\"name\":\"Golden Globe d.o.o.\",\"description\":\"Sve za krov na jednomu mjestu\",\"potentialAction\":[{\"@type\":\"SearchAction\",\"target\":{\"@type\":\"EntryPoint\",\"urlTemplate\":\"https:\/\/www.goldenglobe.hr\/?s={search_term_string}\"},\"query-input\":{\"@type\":\"PropertyValueSpecification\",\"valueRequired\":true,\"valueName\":\"search_term_string\"}}],\"inLanguage\":\"hr\"}]}<\/script>\n<!-- \/ Yoast SEO plugin. -->","yoast_head_json":{"title":"AKCIJA - FOF M8 (78 x 134cm) KROVNI PROZOR + OP\u0160AV - Golden Globe d.o.o.","robots":{"index":"index","follow":"follow","max-snippet":"max-snippet:-1","max-image-preview":"max-image-preview:large","max-video-preview":"max-video-preview:-1"},"canonical":"https:\/\/www.goldenglobe.hr\/index.php\/proizvod\/akcija-fof-m8-78-x-134cm\/","og_locale":"hr_HR","og_type":"article","og_title":"AKCIJA - FOF M8 (78 x 134cm) KROVNI PROZOR + OP\u0160AV - Golden Globe d.o.o.","og_description":"Drveni krovni prozor ROLUX sa sredi\u0161njim ovjesom za nagibe krova od 15 do 90 stupnjeva.  Uz svaki Rolux krovni prozor obavezno je imati odgovaraju\u0107i Rolux univerzalni op\u0161av!","og_url":"https:\/\/www.goldenglobe.hr\/index.php\/proizvod\/akcija-fof-m8-78-x-134cm\/","og_site_name":"Golden Globe d.o.o.","article_modified_time":"2024-02-05T16:23:34+00:00","og_image":[{"width":1961,"height":2560,"url":"https:\/\/www.goldenglobe.hr\/wp-content\/uploads\/2023\/12\/balio_FOF-scaled.jpg","type":"image\/jpeg"}],"twitter_card":"summary_large_image","twitter_misc":{"Procijenjeno vrijeme \u010ditanja":"1 minuta"},"schema":{"@context":"https:\/\/schema.org","@graph":[{"@type":"WebPage","@id":"https:\/\/www.goldenglobe.hr\/index.php\/proizvod\/akcija-fof-m8-78-x-134cm\/","url":"https:\/\/www.goldenglobe.hr\/index.php\/proizvod\/akcija-fof-m8-78-x-134cm\/","name":"AKCIJA - FOF M8 (78 x 134cm) KROVNI PROZOR + OP\u0160AV - Golden Globe d.o.o.","isPartOf":{"@id":"https:\/\/www.goldenglobe.hr\/#website"},"primaryImageOfPage":{"@id":"https:\/\/www.goldenglobe.hr\/index.php\/proizvod\/akcija-fof-m8-78-x-134cm\/#primaryimage"},"image":{"@id":"https:\/\/www.goldenglobe.hr\/index.php\/proizvod\/akcija-fof-m8-78-x-134cm\/#primaryimage"},"thumbnailUrl":"https:\/\/www.goldenglobe.hr\/wp-content\/uploads\/2023\/12\/balio_FOF-scaled.jpg","datePublished":"2023-12-04T16:04:28+00:00","dateModified":"2024-02-05T16:23:34+00:00","breadcrumb":{"@id":"https:\/\/www.goldenglobe.hr\/index.php\/proizvod\/akcija-fof-m8-78-x-134cm\/#breadcrumb"},"inLanguage":"hr","potentialAction":[{"@type":"ReadAction","target":["https:\/\/www.goldenglobe.hr\/index.php\/proizvod\/akcija-fof-m8-78-x-134cm\/"]}]},{"@type":"ImageObject","inLanguage":"hr","@id":"https:\/\/www.goldenglobe.hr\/index.php\/proizvod\/akcija-fof-m8-78-x-134cm\/#primaryimage","url":"https:\/\/www.goldenglobe.hr\/wp-content\/uploads\/2023\/12\/balio_FOF-scaled.jpg","contentUrl":"https:\/\/www.goldenglobe.hr\/wp-content\/uploads\/2023\/12\/balio_FOF-scaled.jpg","width":1961,"height":2560},{"@type":"BreadcrumbList","@id":"https:\/\/www.goldenglobe.hr\/index.php\/proizvod\/akcija-fof-m8-78-x-134cm\/#breadcrumb","itemListElement":[{"@type":"ListItem","position":1,"name":"Po\u010detna stranica","item":"https:\/\/www.goldenglobe.hr\/"},{"@type":"ListItem","position":2,"name":"Trgovina","item":"https:\/\/www.goldenglobe.hr\/index.php\/trgovina\/"},{"@type":"ListItem","position":3,"name":"AKCIJA &#8211; FOF M8 (78 x 134cm) KROVNI PROZOR + OP\u0160AV"}]},{"@type":"WebSite","@id":"https:\/\/www.goldenglobe.hr\/#website","url":"https:\/\/www.goldenglobe.hr\/","name":"Golden Globe d.o.o.","description":"Sve za krov na jednomu mjestu","potentialAction":[{"@type":"SearchAction","target":{"@type":"EntryPoint","urlTemplate":"https:\/\/www.goldenglobe.hr\/?s={search_term_string}"},"query-input":{"@type":"PropertyValueSpecification","valueRequired":true,"valueName":"search_term_string"}}],"inLanguage":"hr"}]}},"_links":{"self":[{"href":"https:\/\/www.goldenglobe.hr\/index.php\/wp-json\/wp\/v2\/product\/6898","targetHints":{"allow":["GET"]}}],"collection":[{"href":"https:\/\/www.goldenglobe.hr\/index.php\/wp-json\/wp\/v2\/product"}],"about":[{"href":"https:\/\/www.goldenglobe.hr\/index.php\/wp-json\/wp\/v2\/types\/product"}],"wp:featuredmedia":[{"embeddable":true,"href":"https:\/\/www.goldenglobe.hr\/index.php\/wp-json\/wp\/v2\/media\/6944"}],"wp:attachment":[{"href":"https:\/\/www.goldenglobe.hr\/index.php\/wp-json\/wp\/v2\/media?parent=6898"}],"wp:term":[{"taxonomy":"product_cat","embeddable":true,"href":"https:\/\/www.goldenglobe.hr\/index.php\/wp-json\/wp\/v2\/product_cat?post=6898"},{"taxonomy":"product_tag","embeddable":true,"href":"https:\/\/www.goldenglobe.hr\/index.php\/wp-json\/wp\/v2\/product_tag?post=6898"}],"curies":[{"name":"wp","href":"https:\/\/api.w.org\/{rel}","templated":true}]}}