{"id":6797,"date":"2023-11-13T12:03:28","date_gmt":"2023-11-13T12:03:28","guid":{"rendered":"https:\/\/www.goldenglobe.hr\/?post_type=product&#038;p=6797"},"modified":"2025-02-04T13:37:14","modified_gmt":"2025-02-04T13:37:14","slug":"roflor-spc-ottawa","status":"publish","type":"product","link":"https:\/\/www.goldenglobe.hr\/index.php\/proizvod\/roflor-spc-ottawa\/","title":{"rendered":"ROFLOR SPC OTTAWA"},"content":{"rendered":"<p>ROFLOR SPC PODOVI<\/p>\n<p>ROFLOR SPC Podovi su revolucionarno rje\u0161enje u svijetu vinilnih podnih obloga, kombinuju\u0107i vrhunski dizajn sa superiornim performansom. Ovaj inovativni brend podova pru\u017ea nevjerojatnu raznolikost dizajna, transformiraju\u0107i svaki prostor u estetski privla\u010dno okru\u017eenje.<\/p>\n<p>Ono \u0161to izdvaja ROFLOR SPC podove je njihova izuzetna izdr\u017eljivost. Kombinacija kamena i plastike \u010dini ih 100% vodootpornim, osiguravaju\u0107i dugotrajano rje\u0161enje za Va\u0161 dom. Iako ROFLOR SPC podovi nemaju u sebi nimalo drveta, oni i dalje imaju osje\u0107aj prirodnoga drveta na dodir. Bez obzira da li se radi o kuhinji, kupaoni ili dnevnom boravku, ROFLOR SPC Podovi \u0107e odoljeti vla\u017enosti i o\u010duvati svoj besprijekoran izgled.<\/p>\n<p>Jo\u0161 jedna velika prednost ROFLOR SPC podova je njihova zvu\u010dna izolacija. Integrirana podloga ispod svakog ROFLOR SPC poda je odli\u010dna zvu\u010dna izolacija koja je jo\u0161 jedna klju\u010dna prednost ovog proizvoda. Nema vi\u0161e bu\u0111enja radi ostalih \u010dlanova obitelji koji su u drugoj sobi, nema vi\u0161e buke prilikom hodanja, ROFLOR SPC podovi su savr\u0161eno rje\u0161enje!<\/p>\n<p>ROFLOR SPC unapre\u0111uje Va\u0161 podni prostor s izuzetnom otporno\u0161\u0107u na ogrebotine. Za razliku od tradicionalnog parketa i laminata, na\u0161 inovativni vinilni pod od kamena i plastike pru\u017ea nevjerojatnu izdr\u017eljivost. Bez obzira na hodanje u visokim potpeticama ili ostale ku\u0107ne aktivnosti, ROFLOR SPC \u0161titi Va\u0161 pod od svakodnevnih ogrebotina. U\u017eivajte u besprijekornoj estetici bez brige o o\u0161te\u0107enjima.<\/p>\n<p>\u0160irok spektar dizajna omogu\u0107ava personalizaciju prostora prema va\u0161em ukusu i stilu. Bez obzira da li birate klasi\u010dne drvene tonove, modernisti\u010dke geometrijske uzorke ili elegantne plo\u010dice, ROFLOR SPC Podovi \u0107e zadovoljiti sva estetska o\u010dekivanja.<\/p>\n<p>Instalacija je brza i jednostavna zahvaljuju\u0107i <b>V\u00e4linge <\/b>2G klik-sistemu postavljanja, pru\u017eaju\u0107i stabilnost i dugotrajnu podr\u0161ku. Ovi podovi ne samo da su estetski zadovoljavaju\u0107i, ve\u0107 i prakti\u010dni, pru\u017eaju\u0107i savr\u0161en spoj stila i funkcionalnosti za svaki prostor. ROFLOR SPC Podovi su simbol sofisticiranosti i modernosti u svijetu podnih obloga.<\/p>\n<p>Na\u010din postavljanja: <a href=\"https:\/\/www.youtube.com\/watch?v=wRC1tBbhsuU\">https:\/\/www.youtube.com\/watch?v=wRC1tBbhsuU<\/a><\/p>\n","protected":false},"excerpt":{"rendered":"<ul>\n<li>100% vodootporan<\/li>\n<li>Prikladan za podno grijanje<\/li>\n<li>Osje\u0107aj prirodnog drveta<\/li>\n<li>klik sistem postavljanja<\/li>\n<li>1230mm x 180mm<\/li>\n<li>1.77m2 u pakiranju<\/li>\n<li>Klasa: 23\/33<\/li>\n<li>Debljina: 5mm (4+1)<\/li>\n<\/ul>\n","protected":false},"featured_media":6798,"template":"","meta":[],"product_cat":[81],"product_tag":[],"class_list":{"0":"post-6797","1":"product","2":"type-product","3":"status-publish","4":"has-post-thumbnail","6":"product_cat-roflor-podovi","7":"col-12 col-sm-6 col-md-4 col-lg-3","9":"first","10":"instock","11":"sale","12":"taxable","13":"shipping-taxable","14":"purchasable","15":"product-type-simple"},"yoast_head":"<!-- This site is optimized with the Yoast SEO plugin v24.1 - https:\/\/yoast.com\/wordpress\/plugins\/seo\/ -->\n<title>ROFLOR SPC OTTAWA - Golden Globe d.o.o.<\/title>\n<meta name=\"description\" content=\"Ono \u0161to izdvaja ROFLOR SPC podove je njihova izuzetna izdr\u017eljivost. Kombinacija kamena i plastike \u010dini ih 100% vodootpornim, osiguravaju\u0107i dugotrajano rje\u0161enje za Va\u0161 dom. Iako ROFLOR SPC podovi nemaju u sebi nimalo drveta, oni i dalje imaju osje\u0107aj prirodnoga drveta na dodir. Bez obzira da li se radi o kuhinji, kupaoni ili dnevnom boravku, ROFLOR SPC Podovi \u0107e odoljeti vla\u017enosti i o\u010duvati svoj besprijekoran izgled.\" \/>\n<meta name=\"robots\" content=\"index, follow, max-snippet:-1, max-image-preview:large, max-video-preview:-1\" \/>\n<link rel=\"canonical\" href=\"https:\/\/www.goldenglobe.hr\/index.php\/proizvod\/roflor-spc-ottawa\/\" \/>\n<meta property=\"og:locale\" content=\"hr_HR\" \/>\n<meta property=\"og:type\" content=\"article\" \/>\n<meta property=\"og:title\" content=\"ROFLOR SPC OTTAWA - Golden Globe d.o.o.\" \/>\n<meta property=\"og:description\" content=\"Ono \u0161to izdvaja ROFLOR SPC podove je njihova izuzetna izdr\u017eljivost. Kombinacija kamena i plastike \u010dini ih 100% vodootpornim, osiguravaju\u0107i dugotrajano rje\u0161enje za Va\u0161 dom. Iako ROFLOR SPC podovi nemaju u sebi nimalo drveta, oni i dalje imaju osje\u0107aj prirodnoga drveta na dodir. Bez obzira da li se radi o kuhinji, kupaoni ili dnevnom boravku, ROFLOR SPC Podovi \u0107e odoljeti vla\u017enosti i o\u010duvati svoj besprijekoran izgled.\" \/>\n<meta property=\"og:url\" content=\"https:\/\/www.goldenglobe.hr\/index.php\/proizvod\/roflor-spc-ottawa\/\" \/>\n<meta property=\"og:site_name\" content=\"Golden Globe d.o.o.\" \/>\n<meta property=\"article:modified_time\" content=\"2025-02-04T13:37:14+00:00\" \/>\n<meta property=\"og:image\" content=\"https:\/\/www.goldenglobe.hr\/wp-content\/uploads\/2023\/11\/Screenshot-2023-11-13-at-12.08.35-682x1024.png\" \/>\n\t<meta property=\"og:image:width\" content=\"682\" \/>\n\t<meta property=\"og:image:height\" content=\"1024\" \/>\n\t<meta property=\"og:image:type\" content=\"image\/png\" \/>\n<meta name=\"twitter:card\" content=\"summary_large_image\" \/>\n<meta name=\"twitter:label1\" content=\"Procijenjeno vrijeme \u010ditanja\" \/>\n\t<meta name=\"twitter:data1\" content=\"2 minute\" \/>\n<script type=\"application\/ld+json\" class=\"yoast-schema-graph\">{\"@context\":\"https:\/\/schema.org\",\"@graph\":[{\"@type\":\"WebPage\",\"@id\":\"https:\/\/www.goldenglobe.hr\/index.php\/proizvod\/roflor-spc-ottawa\/\",\"url\":\"https:\/\/www.goldenglobe.hr\/index.php\/proizvod\/roflor-spc-ottawa\/\",\"name\":\"ROFLOR SPC OTTAWA - Golden Globe d.o.o.\",\"isPartOf\":{\"@id\":\"https:\/\/www.goldenglobe.hr\/#website\"},\"primaryImageOfPage\":{\"@id\":\"https:\/\/www.goldenglobe.hr\/index.php\/proizvod\/roflor-spc-ottawa\/#primaryimage\"},\"image\":{\"@id\":\"https:\/\/www.goldenglobe.hr\/index.php\/proizvod\/roflor-spc-ottawa\/#primaryimage\"},\"thumbnailUrl\":\"https:\/\/www.goldenglobe.hr\/wp-content\/uploads\/2023\/11\/Screenshot-2023-11-13-at-12.08.35.png\",\"datePublished\":\"2023-11-13T12:03:28+00:00\",\"dateModified\":\"2025-02-04T13:37:14+00:00\",\"description\":\"Ono \u0161to izdvaja ROFLOR SPC podove je njihova izuzetna izdr\u017eljivost. Kombinacija kamena i plastike \u010dini ih 100% vodootpornim, osiguravaju\u0107i dugotrajano rje\u0161enje za Va\u0161 dom. Iako ROFLOR SPC podovi nemaju u sebi nimalo drveta, oni i dalje imaju osje\u0107aj prirodnoga drveta na dodir. Bez obzira da li se radi o kuhinji, kupaoni ili dnevnom boravku, ROFLOR SPC Podovi \u0107e odoljeti vla\u017enosti i o\u010duvati svoj besprijekoran izgled.\",\"breadcrumb\":{\"@id\":\"https:\/\/www.goldenglobe.hr\/index.php\/proizvod\/roflor-spc-ottawa\/#breadcrumb\"},\"inLanguage\":\"hr\",\"potentialAction\":[{\"@type\":\"ReadAction\",\"target\":[\"https:\/\/www.goldenglobe.hr\/index.php\/proizvod\/roflor-spc-ottawa\/\"]}]},{\"@type\":\"ImageObject\",\"inLanguage\":\"hr\",\"@id\":\"https:\/\/www.goldenglobe.hr\/index.php\/proizvod\/roflor-spc-ottawa\/#primaryimage\",\"url\":\"https:\/\/www.goldenglobe.hr\/wp-content\/uploads\/2023\/11\/Screenshot-2023-11-13-at-12.08.35.png\",\"contentUrl\":\"https:\/\/www.goldenglobe.hr\/wp-content\/uploads\/2023\/11\/Screenshot-2023-11-13-at-12.08.35.png\",\"width\":929,\"height\":1394},{\"@type\":\"BreadcrumbList\",\"@id\":\"https:\/\/www.goldenglobe.hr\/index.php\/proizvod\/roflor-spc-ottawa\/#breadcrumb\",\"itemListElement\":[{\"@type\":\"ListItem\",\"position\":1,\"name\":\"Po\u010detna stranica\",\"item\":\"https:\/\/www.goldenglobe.hr\/\"},{\"@type\":\"ListItem\",\"position\":2,\"name\":\"Trgovina\",\"item\":\"https:\/\/www.goldenglobe.hr\/index.php\/trgovina\/\"},{\"@type\":\"ListItem\",\"position\":3,\"name\":\"ROFLOR SPC OTTAWA\"}]},{\"@type\":\"WebSite\",\"@id\":\"https:\/\/www.goldenglobe.hr\/#website\",\"url\":\"https:\/\/www.goldenglobe.hr\/\",\"name\":\"Golden Globe d.o.o.\",\"description\":\"Sve za krov na jednomu mjestu\",\"potentialAction\":[{\"@type\":\"SearchAction\",\"target\":{\"@type\":\"EntryPoint\",\"urlTemplate\":\"https:\/\/www.goldenglobe.hr\/?s={search_term_string}\"},\"query-input\":{\"@type\":\"PropertyValueSpecification\",\"valueRequired\":true,\"valueName\":\"search_term_string\"}}],\"inLanguage\":\"hr\"}]}<\/script>\n<!-- \/ Yoast SEO plugin. -->","yoast_head_json":{"title":"ROFLOR SPC OTTAWA - Golden Globe d.o.o.","description":"Ono \u0161to izdvaja ROFLOR SPC podove je njihova izuzetna izdr\u017eljivost. Kombinacija kamena i plastike \u010dini ih 100% vodootpornim, osiguravaju\u0107i dugotrajano rje\u0161enje za Va\u0161 dom. Iako ROFLOR SPC podovi nemaju u sebi nimalo drveta, oni i dalje imaju osje\u0107aj prirodnoga drveta na dodir. Bez obzira da li se radi o kuhinji, kupaoni ili dnevnom boravku, ROFLOR SPC Podovi \u0107e odoljeti vla\u017enosti i o\u010duvati svoj besprijekoran izgled.","robots":{"index":"index","follow":"follow","max-snippet":"max-snippet:-1","max-image-preview":"max-image-preview:large","max-video-preview":"max-video-preview:-1"},"canonical":"https:\/\/www.goldenglobe.hr\/index.php\/proizvod\/roflor-spc-ottawa\/","og_locale":"hr_HR","og_type":"article","og_title":"ROFLOR SPC OTTAWA - Golden Globe d.o.o.","og_description":"Ono \u0161to izdvaja ROFLOR SPC podove je njihova izuzetna izdr\u017eljivost. Kombinacija kamena i plastike \u010dini ih 100% vodootpornim, osiguravaju\u0107i dugotrajano rje\u0161enje za Va\u0161 dom. Iako ROFLOR SPC podovi nemaju u sebi nimalo drveta, oni i dalje imaju osje\u0107aj prirodnoga drveta na dodir. Bez obzira da li se radi o kuhinji, kupaoni ili dnevnom boravku, ROFLOR SPC Podovi \u0107e odoljeti vla\u017enosti i o\u010duvati svoj besprijekoran izgled.","og_url":"https:\/\/www.goldenglobe.hr\/index.php\/proizvod\/roflor-spc-ottawa\/","og_site_name":"Golden Globe d.o.o.","article_modified_time":"2025-02-04T13:37:14+00:00","og_image":[{"width":682,"height":1024,"url":"https:\/\/www.goldenglobe.hr\/wp-content\/uploads\/2023\/11\/Screenshot-2023-11-13-at-12.08.35-682x1024.png","type":"image\/png"}],"twitter_card":"summary_large_image","twitter_misc":{"Procijenjeno vrijeme \u010ditanja":"2 minute"},"schema":{"@context":"https:\/\/schema.org","@graph":[{"@type":"WebPage","@id":"https:\/\/www.goldenglobe.hr\/index.php\/proizvod\/roflor-spc-ottawa\/","url":"https:\/\/www.goldenglobe.hr\/index.php\/proizvod\/roflor-spc-ottawa\/","name":"ROFLOR SPC OTTAWA - Golden Globe d.o.o.","isPartOf":{"@id":"https:\/\/www.goldenglobe.hr\/#website"},"primaryImageOfPage":{"@id":"https:\/\/www.goldenglobe.hr\/index.php\/proizvod\/roflor-spc-ottawa\/#primaryimage"},"image":{"@id":"https:\/\/www.goldenglobe.hr\/index.php\/proizvod\/roflor-spc-ottawa\/#primaryimage"},"thumbnailUrl":"https:\/\/www.goldenglobe.hr\/wp-content\/uploads\/2023\/11\/Screenshot-2023-11-13-at-12.08.35.png","datePublished":"2023-11-13T12:03:28+00:00","dateModified":"2025-02-04T13:37:14+00:00","description":"Ono \u0161to izdvaja ROFLOR SPC podove je njihova izuzetna izdr\u017eljivost. Kombinacija kamena i plastike \u010dini ih 100% vodootpornim, osiguravaju\u0107i dugotrajano rje\u0161enje za Va\u0161 dom. Iako ROFLOR SPC podovi nemaju u sebi nimalo drveta, oni i dalje imaju osje\u0107aj prirodnoga drveta na dodir. Bez obzira da li se radi o kuhinji, kupaoni ili dnevnom boravku, ROFLOR SPC Podovi \u0107e odoljeti vla\u017enosti i o\u010duvati svoj besprijekoran izgled.","breadcrumb":{"@id":"https:\/\/www.goldenglobe.hr\/index.php\/proizvod\/roflor-spc-ottawa\/#breadcrumb"},"inLanguage":"hr","potentialAction":[{"@type":"ReadAction","target":["https:\/\/www.goldenglobe.hr\/index.php\/proizvod\/roflor-spc-ottawa\/"]}]},{"@type":"ImageObject","inLanguage":"hr","@id":"https:\/\/www.goldenglobe.hr\/index.php\/proizvod\/roflor-spc-ottawa\/#primaryimage","url":"https:\/\/www.goldenglobe.hr\/wp-content\/uploads\/2023\/11\/Screenshot-2023-11-13-at-12.08.35.png","contentUrl":"https:\/\/www.goldenglobe.hr\/wp-content\/uploads\/2023\/11\/Screenshot-2023-11-13-at-12.08.35.png","width":929,"height":1394},{"@type":"BreadcrumbList","@id":"https:\/\/www.goldenglobe.hr\/index.php\/proizvod\/roflor-spc-ottawa\/#breadcrumb","itemListElement":[{"@type":"ListItem","position":1,"name":"Po\u010detna stranica","item":"https:\/\/www.goldenglobe.hr\/"},{"@type":"ListItem","position":2,"name":"Trgovina","item":"https:\/\/www.goldenglobe.hr\/index.php\/trgovina\/"},{"@type":"ListItem","position":3,"name":"ROFLOR SPC OTTAWA"}]},{"@type":"WebSite","@id":"https:\/\/www.goldenglobe.hr\/#website","url":"https:\/\/www.goldenglobe.hr\/","name":"Golden Globe d.o.o.","description":"Sve za krov na jednomu mjestu","potentialAction":[{"@type":"SearchAction","target":{"@type":"EntryPoint","urlTemplate":"https:\/\/www.goldenglobe.hr\/?s={search_term_string}"},"query-input":{"@type":"PropertyValueSpecification","valueRequired":true,"valueName":"search_term_string"}}],"inLanguage":"hr"}]}},"_links":{"self":[{"href":"https:\/\/www.goldenglobe.hr\/index.php\/wp-json\/wp\/v2\/product\/6797","targetHints":{"allow":["GET"]}}],"collection":[{"href":"https:\/\/www.goldenglobe.hr\/index.php\/wp-json\/wp\/v2\/product"}],"about":[{"href":"https:\/\/www.goldenglobe.hr\/index.php\/wp-json\/wp\/v2\/types\/product"}],"wp:featuredmedia":[{"embeddable":true,"href":"https:\/\/www.goldenglobe.hr\/index.php\/wp-json\/wp\/v2\/media\/6798"}],"wp:attachment":[{"href":"https:\/\/www.goldenglobe.hr\/index.php\/wp-json\/wp\/v2\/media?parent=6797"}],"wp:term":[{"taxonomy":"product_cat","embeddable":true,"href":"https:\/\/www.goldenglobe.hr\/index.php\/wp-json\/wp\/v2\/product_cat?post=6797"},{"taxonomy":"product_tag","embeddable":true,"href":"https:\/\/www.goldenglobe.hr\/index.php\/wp-json\/wp\/v2\/product_tag?post=6797"}],"curies":[{"name":"wp","href":"https:\/\/api.w.org\/{rel}","templated":true}]}}