{"id":6655,"date":"2023-04-05T05:42:32","date_gmt":"2023-04-05T05:42:32","guid":{"rendered":"https:\/\/www.goldenglobe.hr\/?post_type=product&#038;p=6655"},"modified":"2023-04-05T05:47:17","modified_gmt":"2023-04-05T05:47:17","slug":"bijela-sekcijska-garazna-vrata","status":"publish","type":"product","link":"https:\/\/www.goldenglobe.hr\/index.php\/proizvod\/bijela-sekcijska-garazna-vrata\/","title":{"rendered":"Bijela sekcijska gara\u017ena vrata"},"content":{"rendered":"<p>Sve informacije na 098 9120 422<\/p>\n<p>RODOR gara\u017ena vrata ve\u0107 30 godina donosi inovacije i najmodernije izvedbe, kada su u pitanju automatska gara\u017ena vrata. Na\u0161 tim za prodaju, ugradnju i servisiranje automatskih gara\u017enih vrata sastoji se od stru\u010dnih i iskusnih stru\u010dnjaka koji su uvijek spremni pru\u017eiti Vam najbolju mogu\u0107u uslugu. Mi smo Va\u0161e najbolje rije\u0161enje kada su u pitanju automatska gara\u017ena vrata, jer se ve\u0107 30 godina bavimo svim aspektima, od prodaje do instalacije i servisiranja.<\/p>\n<p>Na\u0161 tim za prodaju \u0107e Vam pomo\u0107i da prona\u0111ete savr\u0161eno rje\u0161enje za Va\u0161e potrebe. Imamo \u0161irok izbor gara\u017enih vrata u razli\u010ditim materijalima, bojama i stilovima, tako da Vam mo\u017eemo ponuditi vrata koja \u0107e se savr\u0161eno uklopiti u Va\u0161u ku\u0107u ili poslovni prostor. Na\u0161i stru\u010dnjaci \u0107e Vas savjetovati o najboljim opcijama za Va\u0161u situaciju i pomo\u0107i Vam odabrati najbolje rje\u0161enje za Va\u0161 bud\u017eet.<\/p>\n<p>Kada je u pitanju ugradnja, na\u0161i tehni\u010dari \u0107e obaviti profesionalnu ugradnju Va\u0161ih novih automatskih gara\u017enih vrata. Na\u0161a pa\u017eljiva instalacija osigurava da su Va\u0161a nova vrata sigurna i pouzdana. Na\u0161i stru\u010dnjaci \u0107e tako\u0111er provjeriti da su svi dijelovi sustava postavljeni na pravilan na\u010din i da sve radi u skladu s o\u010dekivanjima.<\/p>\n<p>Na\u0161 tim za servisiranje \u0107e po Va\u0161oj potrebi pregledavati Va\u0161a automatska gara\u017ena vrata kako bi osigurao da su u dobrom stanju i da funkcionalnost ostaje nepromijenjena. U slu\u010daju bilo kakvih problema, na\u0161i tehni\u010dari su uvijek spremni intervenirati i popraviti sve \u0161to je potrebno kako bi Va\u0161a gara\u017ena vrata ostala sigurna i pouzdana.<\/p>\n<p>S na\u0161im timom za prodaju, ugradnju i servisiranje automatskih gara\u017enih vrata, mo\u017eete biti sigurni da \u0107e Va\u0161a gara\u017ena vrata uvijek raditi glatko i bez problema. Na\u0161a usluga je dostupna u Va\u0161em podru\u010dju, tako da nas kontaktirajte danas kako bismo vam pomogli u postizanju sigurnosti i prakti\u010dnosti koju tra\u017eite.<\/p>\n","protected":false},"excerpt":{"rendered":"<p>Sve informacije na 098 9120 422<\/p>\n","protected":false},"featured_media":6645,"template":"","meta":[],"product_cat":[60],"product_tag":[],"class_list":{"0":"post-6655","1":"product","2":"type-product","3":"status-publish","4":"has-post-thumbnail","6":"product_cat-garaznavrata","7":"col-12 col-sm-6 col-md-4 col-lg-3","9":"first","10":"instock","11":"taxable","12":"shipping-taxable","13":"product-type-simple"},"yoast_head":"<!-- This site is optimized with the Yoast SEO plugin v24.1 - https:\/\/yoast.com\/wordpress\/plugins\/seo\/ -->\n<title>Bijela sekcijska gara\u017ena vrata - Golden Globe d.o.o.<\/title>\n<meta name=\"robots\" content=\"index, follow, max-snippet:-1, max-image-preview:large, max-video-preview:-1\" \/>\n<link rel=\"canonical\" href=\"https:\/\/www.goldenglobe.hr\/index.php\/proizvod\/bijela-sekcijska-garazna-vrata\/\" \/>\n<meta property=\"og:locale\" content=\"hr_HR\" \/>\n<meta property=\"og:type\" content=\"article\" \/>\n<meta property=\"og:title\" content=\"Bijela sekcijska gara\u017ena vrata - Golden Globe d.o.o.\" \/>\n<meta property=\"og:description\" content=\"Sve informacije na 098 9120 422\" \/>\n<meta property=\"og:url\" content=\"https:\/\/www.goldenglobe.hr\/index.php\/proizvod\/bijela-sekcijska-garazna-vrata\/\" \/>\n<meta property=\"og:site_name\" content=\"Golden Globe d.o.o.\" \/>\n<meta property=\"article:modified_time\" content=\"2023-04-05T05:47:17+00:00\" \/>\n<meta property=\"og:image\" content=\"https:\/\/www.goldenglobe.hr\/wp-content\/uploads\/2023\/04\/garazna-vrata-Rodor-Golden-Globe..-scaled.jpg\" \/>\n\t<meta property=\"og:image:width\" content=\"2560\" \/>\n\t<meta property=\"og:image:height\" content=\"1920\" \/>\n\t<meta property=\"og:image:type\" content=\"image\/jpeg\" \/>\n<meta name=\"twitter:card\" content=\"summary_large_image\" \/>\n<meta name=\"twitter:label1\" content=\"Procijenjeno vrijeme \u010ditanja\" \/>\n\t<meta name=\"twitter:data1\" content=\"2 minute\" \/>\n<script type=\"application\/ld+json\" class=\"yoast-schema-graph\">{\"@context\":\"https:\/\/schema.org\",\"@graph\":[{\"@type\":\"WebPage\",\"@id\":\"https:\/\/www.goldenglobe.hr\/index.php\/proizvod\/bijela-sekcijska-garazna-vrata\/\",\"url\":\"https:\/\/www.goldenglobe.hr\/index.php\/proizvod\/bijela-sekcijska-garazna-vrata\/\",\"name\":\"Bijela sekcijska gara\u017ena vrata - Golden Globe d.o.o.\",\"isPartOf\":{\"@id\":\"https:\/\/www.goldenglobe.hr\/#website\"},\"primaryImageOfPage\":{\"@id\":\"https:\/\/www.goldenglobe.hr\/index.php\/proizvod\/bijela-sekcijska-garazna-vrata\/#primaryimage\"},\"image\":{\"@id\":\"https:\/\/www.goldenglobe.hr\/index.php\/proizvod\/bijela-sekcijska-garazna-vrata\/#primaryimage\"},\"thumbnailUrl\":\"https:\/\/www.goldenglobe.hr\/wp-content\/uploads\/2023\/04\/garazna-vrata-Rodor-Golden-Globe..-scaled.jpg\",\"datePublished\":\"2023-04-05T05:42:32+00:00\",\"dateModified\":\"2023-04-05T05:47:17+00:00\",\"breadcrumb\":{\"@id\":\"https:\/\/www.goldenglobe.hr\/index.php\/proizvod\/bijela-sekcijska-garazna-vrata\/#breadcrumb\"},\"inLanguage\":\"hr\",\"potentialAction\":[{\"@type\":\"ReadAction\",\"target\":[\"https:\/\/www.goldenglobe.hr\/index.php\/proizvod\/bijela-sekcijska-garazna-vrata\/\"]}]},{\"@type\":\"ImageObject\",\"inLanguage\":\"hr\",\"@id\":\"https:\/\/www.goldenglobe.hr\/index.php\/proizvod\/bijela-sekcijska-garazna-vrata\/#primaryimage\",\"url\":\"https:\/\/www.goldenglobe.hr\/wp-content\/uploads\/2023\/04\/garazna-vrata-Rodor-Golden-Globe..-scaled.jpg\",\"contentUrl\":\"https:\/\/www.goldenglobe.hr\/wp-content\/uploads\/2023\/04\/garazna-vrata-Rodor-Golden-Globe..-scaled.jpg\",\"width\":2560,\"height\":1920},{\"@type\":\"BreadcrumbList\",\"@id\":\"https:\/\/www.goldenglobe.hr\/index.php\/proizvod\/bijela-sekcijska-garazna-vrata\/#breadcrumb\",\"itemListElement\":[{\"@type\":\"ListItem\",\"position\":1,\"name\":\"Po\u010detna stranica\",\"item\":\"https:\/\/www.goldenglobe.hr\/\"},{\"@type\":\"ListItem\",\"position\":2,\"name\":\"Trgovina\",\"item\":\"https:\/\/www.goldenglobe.hr\/index.php\/trgovina\/\"},{\"@type\":\"ListItem\",\"position\":3,\"name\":\"Bijela sekcijska gara\u017ena vrata\"}]},{\"@type\":\"WebSite\",\"@id\":\"https:\/\/www.goldenglobe.hr\/#website\",\"url\":\"https:\/\/www.goldenglobe.hr\/\",\"name\":\"Golden Globe d.o.o.\",\"description\":\"Sve za krov na jednomu mjestu\",\"potentialAction\":[{\"@type\":\"SearchAction\",\"target\":{\"@type\":\"EntryPoint\",\"urlTemplate\":\"https:\/\/www.goldenglobe.hr\/?s={search_term_string}\"},\"query-input\":{\"@type\":\"PropertyValueSpecification\",\"valueRequired\":true,\"valueName\":\"search_term_string\"}}],\"inLanguage\":\"hr\"}]}<\/script>\n<!-- \/ Yoast SEO plugin. -->","yoast_head_json":{"title":"Bijela sekcijska gara\u017ena vrata - Golden Globe d.o.o.","robots":{"index":"index","follow":"follow","max-snippet":"max-snippet:-1","max-image-preview":"max-image-preview:large","max-video-preview":"max-video-preview:-1"},"canonical":"https:\/\/www.goldenglobe.hr\/index.php\/proizvod\/bijela-sekcijska-garazna-vrata\/","og_locale":"hr_HR","og_type":"article","og_title":"Bijela sekcijska gara\u017ena vrata - Golden Globe d.o.o.","og_description":"Sve informacije na 098 9120 422","og_url":"https:\/\/www.goldenglobe.hr\/index.php\/proizvod\/bijela-sekcijska-garazna-vrata\/","og_site_name":"Golden Globe d.o.o.","article_modified_time":"2023-04-05T05:47:17+00:00","og_image":[{"width":2560,"height":1920,"url":"https:\/\/www.goldenglobe.hr\/wp-content\/uploads\/2023\/04\/garazna-vrata-Rodor-Golden-Globe..-scaled.jpg","type":"image\/jpeg"}],"twitter_card":"summary_large_image","twitter_misc":{"Procijenjeno vrijeme \u010ditanja":"2 minute"},"schema":{"@context":"https:\/\/schema.org","@graph":[{"@type":"WebPage","@id":"https:\/\/www.goldenglobe.hr\/index.php\/proizvod\/bijela-sekcijska-garazna-vrata\/","url":"https:\/\/www.goldenglobe.hr\/index.php\/proizvod\/bijela-sekcijska-garazna-vrata\/","name":"Bijela sekcijska gara\u017ena vrata - Golden Globe d.o.o.","isPartOf":{"@id":"https:\/\/www.goldenglobe.hr\/#website"},"primaryImageOfPage":{"@id":"https:\/\/www.goldenglobe.hr\/index.php\/proizvod\/bijela-sekcijska-garazna-vrata\/#primaryimage"},"image":{"@id":"https:\/\/www.goldenglobe.hr\/index.php\/proizvod\/bijela-sekcijska-garazna-vrata\/#primaryimage"},"thumbnailUrl":"https:\/\/www.goldenglobe.hr\/wp-content\/uploads\/2023\/04\/garazna-vrata-Rodor-Golden-Globe..-scaled.jpg","datePublished":"2023-04-05T05:42:32+00:00","dateModified":"2023-04-05T05:47:17+00:00","breadcrumb":{"@id":"https:\/\/www.goldenglobe.hr\/index.php\/proizvod\/bijela-sekcijska-garazna-vrata\/#breadcrumb"},"inLanguage":"hr","potentialAction":[{"@type":"ReadAction","target":["https:\/\/www.goldenglobe.hr\/index.php\/proizvod\/bijela-sekcijska-garazna-vrata\/"]}]},{"@type":"ImageObject","inLanguage":"hr","@id":"https:\/\/www.goldenglobe.hr\/index.php\/proizvod\/bijela-sekcijska-garazna-vrata\/#primaryimage","url":"https:\/\/www.goldenglobe.hr\/wp-content\/uploads\/2023\/04\/garazna-vrata-Rodor-Golden-Globe..-scaled.jpg","contentUrl":"https:\/\/www.goldenglobe.hr\/wp-content\/uploads\/2023\/04\/garazna-vrata-Rodor-Golden-Globe..-scaled.jpg","width":2560,"height":1920},{"@type":"BreadcrumbList","@id":"https:\/\/www.goldenglobe.hr\/index.php\/proizvod\/bijela-sekcijska-garazna-vrata\/#breadcrumb","itemListElement":[{"@type":"ListItem","position":1,"name":"Po\u010detna stranica","item":"https:\/\/www.goldenglobe.hr\/"},{"@type":"ListItem","position":2,"name":"Trgovina","item":"https:\/\/www.goldenglobe.hr\/index.php\/trgovina\/"},{"@type":"ListItem","position":3,"name":"Bijela sekcijska gara\u017ena vrata"}]},{"@type":"WebSite","@id":"https:\/\/www.goldenglobe.hr\/#website","url":"https:\/\/www.goldenglobe.hr\/","name":"Golden Globe d.o.o.","description":"Sve za krov na jednomu mjestu","potentialAction":[{"@type":"SearchAction","target":{"@type":"EntryPoint","urlTemplate":"https:\/\/www.goldenglobe.hr\/?s={search_term_string}"},"query-input":{"@type":"PropertyValueSpecification","valueRequired":true,"valueName":"search_term_string"}}],"inLanguage":"hr"}]}},"_links":{"self":[{"href":"https:\/\/www.goldenglobe.hr\/index.php\/wp-json\/wp\/v2\/product\/6655","targetHints":{"allow":["GET"]}}],"collection":[{"href":"https:\/\/www.goldenglobe.hr\/index.php\/wp-json\/wp\/v2\/product"}],"about":[{"href":"https:\/\/www.goldenglobe.hr\/index.php\/wp-json\/wp\/v2\/types\/product"}],"wp:featuredmedia":[{"embeddable":true,"href":"https:\/\/www.goldenglobe.hr\/index.php\/wp-json\/wp\/v2\/media\/6645"}],"wp:attachment":[{"href":"https:\/\/www.goldenglobe.hr\/index.php\/wp-json\/wp\/v2\/media?parent=6655"}],"wp:term":[{"taxonomy":"product_cat","embeddable":true,"href":"https:\/\/www.goldenglobe.hr\/index.php\/wp-json\/wp\/v2\/product_cat?post=6655"},{"taxonomy":"product_tag","embeddable":true,"href":"https:\/\/www.goldenglobe.hr\/index.php\/wp-json\/wp\/v2\/product_tag?post=6655"}],"curies":[{"name":"wp","href":"https:\/\/api.w.org\/{rel}","templated":true}]}}