{"id":6620,"date":"2023-03-27T05:42:59","date_gmt":"2023-03-27T05:42:59","guid":{"rendered":"https:\/\/www.goldenglobe.hr\/?post_type=product&#038;p=6620"},"modified":"2023-03-27T05:57:44","modified_gmt":"2023-03-27T05:57:44","slug":"limene-ploce-izrada-po-mjeri","status":"publish","type":"product","link":"https:\/\/www.goldenglobe.hr\/index.php\/proizvod\/limene-ploce-izrada-po-mjeri\/","title":{"rendered":"Limene plo\u010de izrada po mjeri"},"content":{"rendered":"<p>Trapezni lim, T20, T40, Limene plo\u010de imitacija crijepa dostupno u svim bojama<\/p>\n<p>Savr\u0161eno rje\u0161enje za ku\u0107u, vikendicu, gara\u017eu, \u0161talu, ili bilo koji drugi objekt.<\/p>\n<p>Trapezni lim je popularan materijal koji se \u010desto koristi u gra\u0111evinarstvu za pokrivanje krovova, zidova i drugih povr\u0161ina. Ovaj materijal je izra\u0111en od \u010deli\u010dnog lima, koji je valjan u oblik trapeza, zbog \u010dega ima i naziv trapezni lim. Trapezni lim se koristi kao zamjena za tradicionalni crijep, jer je jeftiniji, lak\u0161i i lak\u0161e se montira.<\/p>\n<p>Trapezni lim se mo\u017ee kupiti u razli\u010ditim veli\u010dinama i debljinama, \u0161to ga \u010dini prilagodljivim za razli\u010dite potrebe i uvjete. Tako\u0111er se mo\u017ee kupiti u razli\u010ditim bojama, \u0161to omogu\u0107ava da se prilagodi izgledu postoje\u0107e gra\u0111evine ili novog objekta koji se gradi. Osim toga, trapezni lim se mo\u017ee proizvesti s dodatnim slojevima za dodatnu za\u0161titu od korozije i drugih \u0161tetnih utjecaja.<\/p>\n<p>Limena imitacija crijepa je tako\u0111er popularan materijal za krovove i druge povr\u0161ine. Ovaj materijal je izra\u0111en od \u010deli\u010dnog lima koji je oblikovan u crijepoviti oblik i obojen je tako da izgleda kao tradicionalni crijep. Limena imitacija crijepa je \u010desto lak\u0161a i jeftinija od pravog crijepa, ali ima sli\u010dan izgled. Ovaj materijal se lako postavlja, a tako\u0111er je otporan na vremenske uvjete i koroziju.<\/p>\n<p>Oba materijala, trapezni lim i limena imitacija crijepa, imaju niz prednosti. Prvo, oba materijala su izdr\u017eljiva i dugotrajna. Izra\u0111eni su od \u010delika koji je otporan na koroziju, pa su otporni na vremenske uvjete i \u0161tetne utjecaje. Ovo ih \u010dini idealnim izborom za podru\u010dja s visokom vlagom, obilnim snijegom ili jakim vjetrom.<\/p>\n<p>Drugo, oba materijala su laganija od tradicionalnih krovnih materijala, \u0161to olak\u0161ava transport i ugradnju, a tako\u0111er smanjuje tro\u0161kove prijevoza i rada.<\/p>\n<p>Tre\u0107e, oba materijala se lako odr\u017eavaju. Povr\u0161ine se lako \u010diste i peru vodom i sapunicom, \u0161to poma\u017ee u odr\u017eavanju \u010disto\u0107e i sjaja.<\/p>\n<p>Kona\u010dno, oba materijala su ekonomi\u010dna. Ovi materijali su jeftiniji od tradicionalnih krovnih materijala i mogu u\u0161tedjeti novac.<\/p>\n<p>NAZOVITE DANAS! AKCIJA!<\/p>\n","protected":false},"excerpt":{"rendered":"<p>Trapezni lim, T20, T40, Limene plo\u010de imitacija crijepa dostupno u svim bojama<\/p>\n<p>Savr\u0161eno rje\u0161enje za ku\u0107u, vikendicu, gara\u017eu, \u0161talu, ili bilo koji drugi objekt.<\/p>\n<p>Nazovite 098210069<\/p>\n<p>Cijene na upit<\/p>\n<p>&nbsp;<\/p>\n","protected":false},"featured_media":6621,"template":"","meta":[],"product_cat":[58],"product_tag":[],"class_list":{"0":"post-6620","1":"product","2":"type-product","3":"status-publish","4":"has-post-thumbnail","6":"product_cat-limeni-krov","7":"col-12 col-sm-6 col-md-4 col-lg-3","9":"first","10":"instock","11":"taxable","12":"shipping-taxable","13":"product-type-simple"},"yoast_head":"<!-- This site is optimized with the Yoast SEO plugin v24.1 - https:\/\/yoast.com\/wordpress\/plugins\/seo\/ -->\n<title>Limene plo\u010de izrada po mjeri - Golden Globe d.o.o.<\/title>\n<meta name=\"robots\" content=\"index, follow, max-snippet:-1, max-image-preview:large, max-video-preview:-1\" \/>\n<link rel=\"canonical\" href=\"https:\/\/www.goldenglobe.hr\/index.php\/proizvod\/limene-ploce-izrada-po-mjeri\/\" \/>\n<meta property=\"og:locale\" content=\"hr_HR\" \/>\n<meta property=\"og:type\" content=\"article\" \/>\n<meta property=\"og:title\" content=\"Limene plo\u010de izrada po mjeri - Golden Globe d.o.o.\" \/>\n<meta property=\"og:description\" content=\"Trapezni lim, T20, T40, Limene plo\u010de imitacija crijepa dostupno u svim bojama  Savr\u0161eno rje\u0161enje za ku\u0107u, vikendicu, gara\u017eu, \u0161talu, ili bilo koji drugi objekt.  Nazovite 098210069  Cijene na upit  &nbsp;\" \/>\n<meta property=\"og:url\" content=\"https:\/\/www.goldenglobe.hr\/index.php\/proizvod\/limene-ploce-izrada-po-mjeri\/\" \/>\n<meta property=\"og:site_name\" content=\"Golden Globe d.o.o.\" \/>\n<meta property=\"article:modified_time\" content=\"2023-03-27T05:57:44+00:00\" \/>\n<meta property=\"og:image\" content=\"https:\/\/www.goldenglobe.hr\/wp-content\/uploads\/2023\/03\/My-project-1-1.jpg\" \/>\n\t<meta property=\"og:image:width\" content=\"600\" \/>\n\t<meta property=\"og:image:height\" content=\"600\" \/>\n\t<meta property=\"og:image:type\" content=\"image\/jpeg\" \/>\n<meta name=\"twitter:card\" content=\"summary_large_image\" \/>\n<meta name=\"twitter:label1\" content=\"Procijenjeno vrijeme \u010ditanja\" \/>\n\t<meta name=\"twitter:data1\" content=\"2 minute\" \/>\n<script type=\"application\/ld+json\" class=\"yoast-schema-graph\">{\"@context\":\"https:\/\/schema.org\",\"@graph\":[{\"@type\":\"WebPage\",\"@id\":\"https:\/\/www.goldenglobe.hr\/index.php\/proizvod\/limene-ploce-izrada-po-mjeri\/\",\"url\":\"https:\/\/www.goldenglobe.hr\/index.php\/proizvod\/limene-ploce-izrada-po-mjeri\/\",\"name\":\"Limene plo\u010de izrada po mjeri - Golden Globe d.o.o.\",\"isPartOf\":{\"@id\":\"https:\/\/www.goldenglobe.hr\/#website\"},\"primaryImageOfPage\":{\"@id\":\"https:\/\/www.goldenglobe.hr\/index.php\/proizvod\/limene-ploce-izrada-po-mjeri\/#primaryimage\"},\"image\":{\"@id\":\"https:\/\/www.goldenglobe.hr\/index.php\/proizvod\/limene-ploce-izrada-po-mjeri\/#primaryimage\"},\"thumbnailUrl\":\"https:\/\/www.goldenglobe.hr\/wp-content\/uploads\/2023\/03\/My-project-1-1.jpg\",\"datePublished\":\"2023-03-27T05:42:59+00:00\",\"dateModified\":\"2023-03-27T05:57:44+00:00\",\"breadcrumb\":{\"@id\":\"https:\/\/www.goldenglobe.hr\/index.php\/proizvod\/limene-ploce-izrada-po-mjeri\/#breadcrumb\"},\"inLanguage\":\"hr\",\"potentialAction\":[{\"@type\":\"ReadAction\",\"target\":[\"https:\/\/www.goldenglobe.hr\/index.php\/proizvod\/limene-ploce-izrada-po-mjeri\/\"]}]},{\"@type\":\"ImageObject\",\"inLanguage\":\"hr\",\"@id\":\"https:\/\/www.goldenglobe.hr\/index.php\/proizvod\/limene-ploce-izrada-po-mjeri\/#primaryimage\",\"url\":\"https:\/\/www.goldenglobe.hr\/wp-content\/uploads\/2023\/03\/My-project-1-1.jpg\",\"contentUrl\":\"https:\/\/www.goldenglobe.hr\/wp-content\/uploads\/2023\/03\/My-project-1-1.jpg\",\"width\":600,\"height\":600},{\"@type\":\"BreadcrumbList\",\"@id\":\"https:\/\/www.goldenglobe.hr\/index.php\/proizvod\/limene-ploce-izrada-po-mjeri\/#breadcrumb\",\"itemListElement\":[{\"@type\":\"ListItem\",\"position\":1,\"name\":\"Po\u010detna stranica\",\"item\":\"https:\/\/www.goldenglobe.hr\/\"},{\"@type\":\"ListItem\",\"position\":2,\"name\":\"Trgovina\",\"item\":\"https:\/\/www.goldenglobe.hr\/index.php\/trgovina\/\"},{\"@type\":\"ListItem\",\"position\":3,\"name\":\"Limene plo\u010de izrada po mjeri\"}]},{\"@type\":\"WebSite\",\"@id\":\"https:\/\/www.goldenglobe.hr\/#website\",\"url\":\"https:\/\/www.goldenglobe.hr\/\",\"name\":\"Golden Globe d.o.o.\",\"description\":\"Sve za krov na jednomu mjestu\",\"potentialAction\":[{\"@type\":\"SearchAction\",\"target\":{\"@type\":\"EntryPoint\",\"urlTemplate\":\"https:\/\/www.goldenglobe.hr\/?s={search_term_string}\"},\"query-input\":{\"@type\":\"PropertyValueSpecification\",\"valueRequired\":true,\"valueName\":\"search_term_string\"}}],\"inLanguage\":\"hr\"}]}<\/script>\n<!-- \/ Yoast SEO plugin. -->","yoast_head_json":{"title":"Limene plo\u010de izrada po mjeri - Golden Globe d.o.o.","robots":{"index":"index","follow":"follow","max-snippet":"max-snippet:-1","max-image-preview":"max-image-preview:large","max-video-preview":"max-video-preview:-1"},"canonical":"https:\/\/www.goldenglobe.hr\/index.php\/proizvod\/limene-ploce-izrada-po-mjeri\/","og_locale":"hr_HR","og_type":"article","og_title":"Limene plo\u010de izrada po mjeri - Golden Globe d.o.o.","og_description":"Trapezni lim, T20, T40, Limene plo\u010de imitacija crijepa dostupno u svim bojama  Savr\u0161eno rje\u0161enje za ku\u0107u, vikendicu, gara\u017eu, \u0161talu, ili bilo koji drugi objekt.  Nazovite 098210069  Cijene na upit  &nbsp;","og_url":"https:\/\/www.goldenglobe.hr\/index.php\/proizvod\/limene-ploce-izrada-po-mjeri\/","og_site_name":"Golden Globe d.o.o.","article_modified_time":"2023-03-27T05:57:44+00:00","og_image":[{"width":600,"height":600,"url":"https:\/\/www.goldenglobe.hr\/wp-content\/uploads\/2023\/03\/My-project-1-1.jpg","type":"image\/jpeg"}],"twitter_card":"summary_large_image","twitter_misc":{"Procijenjeno vrijeme \u010ditanja":"2 minute"},"schema":{"@context":"https:\/\/schema.org","@graph":[{"@type":"WebPage","@id":"https:\/\/www.goldenglobe.hr\/index.php\/proizvod\/limene-ploce-izrada-po-mjeri\/","url":"https:\/\/www.goldenglobe.hr\/index.php\/proizvod\/limene-ploce-izrada-po-mjeri\/","name":"Limene plo\u010de izrada po mjeri - Golden Globe d.o.o.","isPartOf":{"@id":"https:\/\/www.goldenglobe.hr\/#website"},"primaryImageOfPage":{"@id":"https:\/\/www.goldenglobe.hr\/index.php\/proizvod\/limene-ploce-izrada-po-mjeri\/#primaryimage"},"image":{"@id":"https:\/\/www.goldenglobe.hr\/index.php\/proizvod\/limene-ploce-izrada-po-mjeri\/#primaryimage"},"thumbnailUrl":"https:\/\/www.goldenglobe.hr\/wp-content\/uploads\/2023\/03\/My-project-1-1.jpg","datePublished":"2023-03-27T05:42:59+00:00","dateModified":"2023-03-27T05:57:44+00:00","breadcrumb":{"@id":"https:\/\/www.goldenglobe.hr\/index.php\/proizvod\/limene-ploce-izrada-po-mjeri\/#breadcrumb"},"inLanguage":"hr","potentialAction":[{"@type":"ReadAction","target":["https:\/\/www.goldenglobe.hr\/index.php\/proizvod\/limene-ploce-izrada-po-mjeri\/"]}]},{"@type":"ImageObject","inLanguage":"hr","@id":"https:\/\/www.goldenglobe.hr\/index.php\/proizvod\/limene-ploce-izrada-po-mjeri\/#primaryimage","url":"https:\/\/www.goldenglobe.hr\/wp-content\/uploads\/2023\/03\/My-project-1-1.jpg","contentUrl":"https:\/\/www.goldenglobe.hr\/wp-content\/uploads\/2023\/03\/My-project-1-1.jpg","width":600,"height":600},{"@type":"BreadcrumbList","@id":"https:\/\/www.goldenglobe.hr\/index.php\/proizvod\/limene-ploce-izrada-po-mjeri\/#breadcrumb","itemListElement":[{"@type":"ListItem","position":1,"name":"Po\u010detna stranica","item":"https:\/\/www.goldenglobe.hr\/"},{"@type":"ListItem","position":2,"name":"Trgovina","item":"https:\/\/www.goldenglobe.hr\/index.php\/trgovina\/"},{"@type":"ListItem","position":3,"name":"Limene plo\u010de izrada po mjeri"}]},{"@type":"WebSite","@id":"https:\/\/www.goldenglobe.hr\/#website","url":"https:\/\/www.goldenglobe.hr\/","name":"Golden Globe d.o.o.","description":"Sve za krov na jednomu mjestu","potentialAction":[{"@type":"SearchAction","target":{"@type":"EntryPoint","urlTemplate":"https:\/\/www.goldenglobe.hr\/?s={search_term_string}"},"query-input":{"@type":"PropertyValueSpecification","valueRequired":true,"valueName":"search_term_string"}}],"inLanguage":"hr"}]}},"_links":{"self":[{"href":"https:\/\/www.goldenglobe.hr\/index.php\/wp-json\/wp\/v2\/product\/6620","targetHints":{"allow":["GET"]}}],"collection":[{"href":"https:\/\/www.goldenglobe.hr\/index.php\/wp-json\/wp\/v2\/product"}],"about":[{"href":"https:\/\/www.goldenglobe.hr\/index.php\/wp-json\/wp\/v2\/types\/product"}],"wp:featuredmedia":[{"embeddable":true,"href":"https:\/\/www.goldenglobe.hr\/index.php\/wp-json\/wp\/v2\/media\/6621"}],"wp:attachment":[{"href":"https:\/\/www.goldenglobe.hr\/index.php\/wp-json\/wp\/v2\/media?parent=6620"}],"wp:term":[{"taxonomy":"product_cat","embeddable":true,"href":"https:\/\/www.goldenglobe.hr\/index.php\/wp-json\/wp\/v2\/product_cat?post=6620"},{"taxonomy":"product_tag","embeddable":true,"href":"https:\/\/www.goldenglobe.hr\/index.php\/wp-json\/wp\/v2\/product_tag?post=6620"}],"curies":[{"name":"wp","href":"https:\/\/api.w.org\/{rel}","templated":true}]}}