{"id":6566,"date":"2023-03-20T12:06:43","date_gmt":"2023-03-20T12:06:43","guid":{"rendered":"https:\/\/www.goldenglobe.hr\/?post_type=product&#038;p=6566"},"modified":"2023-03-23T13:44:32","modified_gmt":"2023-03-23T13:44:32","slug":"ruukki-finnera","status":"publish","type":"product","link":"https:\/\/www.goldenglobe.hr\/index.php\/proizvod\/ruukki-finnera\/","title":{"rendered":"RUUKKI Finnera"},"content":{"rendered":"<p>Finnerin inovativni dizajn \u010dini Va\u0161 limeni krov ne samo estetski primamljivim, ve\u0107 i izuzetno <strong>izdr\u017eljivim<\/strong> i <strong>prakti\u010dnim<\/strong>. Revolucionarno <strong>savijanje prednjeg ruba<\/strong> unutar proizvoda pove\u0107ava otpornost na vremenske uvjete i omogu\u0107ava izvanredan zavr\u0161etak krova bez spojeva, \u010dak i kod modularnih listova. To zna\u010di da dobivate vrhunsku kvalitetu u potpuno standardiziranom pakiranju, \u0161to va\u0161 cijeli projekt krovi\u0161ta \u010dini \u0161to jednostavnijim i bezbri\u017enijim. Finnera je tako\u0111er vrlo prakti\u010dna opcija jer dolazi u potpuno standardiziranom pakiranju, \u0161to olak\u0161ava postavljanje i instalaciju krova. Finnera je dostupna u kvalitetnoj klasi Ruukki 40.<\/p>\n<p>Finnera Ruukki 40: tehni\u010dko jamstvo od 40 godina i estetsko jamstvo od 15 godina.<\/p>\n<p>Ku\u0107a pod sigurnim krovom je san koji mi u Ruukki-ju poma\u017eemo ispuniti. Nudimo kompletna rje\u0161enja za proizvode i usluge vezane za krovove. Zato smo kreirali na\u0161e Ruukki Proizvode &#8211; detaljni uzorci klasi\u010dne ljepote koji inspiriraju ma\u0161tu i omogu\u0107uju idealno podudaranje boja i estetike, bez obzira na arhitektonski stil. Kombinacija funkcionalnosti i <strong>inovativne tehnologije<\/strong> u jednom cjelovitom sustavu.<span class=\"Apple-converted-space\">\u00a0<\/span><\/p>\n<p>Pod krovom, dokazanom u te\u0161koj skandinavskoj klimi, ku\u0107a stvara atmosferu <strong>obiteljske topline<\/strong> i postaje sigurna oaza tijekom mnogih godina.<\/p>\n<p>Iskoristite \u0161iroke mogu\u0107nosti dizajna i u\u017eivajte u slobodi koju jam\u010di savr\u0161eno dizajniran krov.<\/p>\n","protected":false},"excerpt":{"rendered":"<p>Revolucionarno savijanje prednjeg ruba unutar proizvoda pove\u0107ava otpornost na vremenske uvjete i omogu\u0107ava izvanredan zavr\u0161etak krova bez spojeva, \u010dak i kod modularnih listova.<\/p>\n<p>Cijena na upit.<\/p>\n","protected":false},"featured_media":6567,"template":"","meta":[],"product_cat":[58],"product_tag":[],"class_list":{"0":"post-6566","1":"product","2":"type-product","3":"status-publish","4":"has-post-thumbnail","6":"product_cat-limeni-krov","7":"col-12 col-sm-6 col-md-4 col-lg-3","9":"first","10":"instock","11":"taxable","12":"shipping-taxable","13":"product-type-simple"},"yoast_head":"<!-- This site is optimized with the Yoast SEO plugin v24.1 - https:\/\/yoast.com\/wordpress\/plugins\/seo\/ -->\n<title>RUUKKI Finnera - Golden Globe d.o.o.<\/title>\n<meta name=\"robots\" content=\"index, follow, max-snippet:-1, max-image-preview:large, max-video-preview:-1\" \/>\n<link rel=\"canonical\" href=\"https:\/\/www.goldenglobe.hr\/index.php\/proizvod\/ruukki-finnera\/\" \/>\n<meta property=\"og:locale\" content=\"hr_HR\" \/>\n<meta property=\"og:type\" content=\"article\" \/>\n<meta property=\"og:title\" content=\"RUUKKI Finnera - Golden Globe d.o.o.\" \/>\n<meta property=\"og:description\" content=\"Revolucionarno savijanje prednjeg ruba unutar proizvoda pove\u0107ava otpornost na vremenske uvjete i omogu\u0107ava izvanredan zavr\u0161etak krova bez spojeva, \u010dak i kod modularnih listova.  Cijena na upit.\" \/>\n<meta property=\"og:url\" content=\"https:\/\/www.goldenglobe.hr\/index.php\/proizvod\/ruukki-finnera\/\" \/>\n<meta property=\"og:site_name\" content=\"Golden Globe d.o.o.\" \/>\n<meta property=\"article:modified_time\" content=\"2023-03-23T13:44:32+00:00\" \/>\n<meta property=\"og:image\" content=\"https:\/\/www.goldenglobe.hr\/wp-content\/uploads\/2023\/03\/Screenshot-2023-03-02-at-08.35.13.png\" \/>\n\t<meta property=\"og:image:width\" content=\"1054\" \/>\n\t<meta property=\"og:image:height\" content=\"723\" \/>\n\t<meta property=\"og:image:type\" content=\"image\/png\" \/>\n<meta name=\"twitter:card\" content=\"summary_large_image\" \/>\n<meta name=\"twitter:label1\" content=\"Procijenjeno vrijeme \u010ditanja\" \/>\n\t<meta name=\"twitter:data1\" content=\"2 minute\" \/>\n<script type=\"application\/ld+json\" class=\"yoast-schema-graph\">{\"@context\":\"https:\/\/schema.org\",\"@graph\":[{\"@type\":\"WebPage\",\"@id\":\"https:\/\/www.goldenglobe.hr\/index.php\/proizvod\/ruukki-finnera\/\",\"url\":\"https:\/\/www.goldenglobe.hr\/index.php\/proizvod\/ruukki-finnera\/\",\"name\":\"RUUKKI Finnera - Golden Globe d.o.o.\",\"isPartOf\":{\"@id\":\"https:\/\/www.goldenglobe.hr\/#website\"},\"primaryImageOfPage\":{\"@id\":\"https:\/\/www.goldenglobe.hr\/index.php\/proizvod\/ruukki-finnera\/#primaryimage\"},\"image\":{\"@id\":\"https:\/\/www.goldenglobe.hr\/index.php\/proizvod\/ruukki-finnera\/#primaryimage\"},\"thumbnailUrl\":\"https:\/\/www.goldenglobe.hr\/wp-content\/uploads\/2023\/03\/Screenshot-2023-03-02-at-08.35.13.png\",\"datePublished\":\"2023-03-20T12:06:43+00:00\",\"dateModified\":\"2023-03-23T13:44:32+00:00\",\"breadcrumb\":{\"@id\":\"https:\/\/www.goldenglobe.hr\/index.php\/proizvod\/ruukki-finnera\/#breadcrumb\"},\"inLanguage\":\"hr\",\"potentialAction\":[{\"@type\":\"ReadAction\",\"target\":[\"https:\/\/www.goldenglobe.hr\/index.php\/proizvod\/ruukki-finnera\/\"]}]},{\"@type\":\"ImageObject\",\"inLanguage\":\"hr\",\"@id\":\"https:\/\/www.goldenglobe.hr\/index.php\/proizvod\/ruukki-finnera\/#primaryimage\",\"url\":\"https:\/\/www.goldenglobe.hr\/wp-content\/uploads\/2023\/03\/Screenshot-2023-03-02-at-08.35.13.png\",\"contentUrl\":\"https:\/\/www.goldenglobe.hr\/wp-content\/uploads\/2023\/03\/Screenshot-2023-03-02-at-08.35.13.png\",\"width\":1054,\"height\":723},{\"@type\":\"BreadcrumbList\",\"@id\":\"https:\/\/www.goldenglobe.hr\/index.php\/proizvod\/ruukki-finnera\/#breadcrumb\",\"itemListElement\":[{\"@type\":\"ListItem\",\"position\":1,\"name\":\"Po\u010detna stranica\",\"item\":\"https:\/\/www.goldenglobe.hr\/\"},{\"@type\":\"ListItem\",\"position\":2,\"name\":\"Trgovina\",\"item\":\"https:\/\/www.goldenglobe.hr\/index.php\/trgovina\/\"},{\"@type\":\"ListItem\",\"position\":3,\"name\":\"RUUKKI Finnera\"}]},{\"@type\":\"WebSite\",\"@id\":\"https:\/\/www.goldenglobe.hr\/#website\",\"url\":\"https:\/\/www.goldenglobe.hr\/\",\"name\":\"Golden Globe d.o.o.\",\"description\":\"Sve za krov na jednomu mjestu\",\"potentialAction\":[{\"@type\":\"SearchAction\",\"target\":{\"@type\":\"EntryPoint\",\"urlTemplate\":\"https:\/\/www.goldenglobe.hr\/?s={search_term_string}\"},\"query-input\":{\"@type\":\"PropertyValueSpecification\",\"valueRequired\":true,\"valueName\":\"search_term_string\"}}],\"inLanguage\":\"hr\"}]}<\/script>\n<!-- \/ Yoast SEO plugin. -->","yoast_head_json":{"title":"RUUKKI Finnera - Golden Globe d.o.o.","robots":{"index":"index","follow":"follow","max-snippet":"max-snippet:-1","max-image-preview":"max-image-preview:large","max-video-preview":"max-video-preview:-1"},"canonical":"https:\/\/www.goldenglobe.hr\/index.php\/proizvod\/ruukki-finnera\/","og_locale":"hr_HR","og_type":"article","og_title":"RUUKKI Finnera - Golden Globe d.o.o.","og_description":"Revolucionarno savijanje prednjeg ruba unutar proizvoda pove\u0107ava otpornost na vremenske uvjete i omogu\u0107ava izvanredan zavr\u0161etak krova bez spojeva, \u010dak i kod modularnih listova.  Cijena na upit.","og_url":"https:\/\/www.goldenglobe.hr\/index.php\/proizvod\/ruukki-finnera\/","og_site_name":"Golden Globe d.o.o.","article_modified_time":"2023-03-23T13:44:32+00:00","og_image":[{"width":1054,"height":723,"url":"https:\/\/www.goldenglobe.hr\/wp-content\/uploads\/2023\/03\/Screenshot-2023-03-02-at-08.35.13.png","type":"image\/png"}],"twitter_card":"summary_large_image","twitter_misc":{"Procijenjeno vrijeme \u010ditanja":"2 minute"},"schema":{"@context":"https:\/\/schema.org","@graph":[{"@type":"WebPage","@id":"https:\/\/www.goldenglobe.hr\/index.php\/proizvod\/ruukki-finnera\/","url":"https:\/\/www.goldenglobe.hr\/index.php\/proizvod\/ruukki-finnera\/","name":"RUUKKI Finnera - Golden Globe d.o.o.","isPartOf":{"@id":"https:\/\/www.goldenglobe.hr\/#website"},"primaryImageOfPage":{"@id":"https:\/\/www.goldenglobe.hr\/index.php\/proizvod\/ruukki-finnera\/#primaryimage"},"image":{"@id":"https:\/\/www.goldenglobe.hr\/index.php\/proizvod\/ruukki-finnera\/#primaryimage"},"thumbnailUrl":"https:\/\/www.goldenglobe.hr\/wp-content\/uploads\/2023\/03\/Screenshot-2023-03-02-at-08.35.13.png","datePublished":"2023-03-20T12:06:43+00:00","dateModified":"2023-03-23T13:44:32+00:00","breadcrumb":{"@id":"https:\/\/www.goldenglobe.hr\/index.php\/proizvod\/ruukki-finnera\/#breadcrumb"},"inLanguage":"hr","potentialAction":[{"@type":"ReadAction","target":["https:\/\/www.goldenglobe.hr\/index.php\/proizvod\/ruukki-finnera\/"]}]},{"@type":"ImageObject","inLanguage":"hr","@id":"https:\/\/www.goldenglobe.hr\/index.php\/proizvod\/ruukki-finnera\/#primaryimage","url":"https:\/\/www.goldenglobe.hr\/wp-content\/uploads\/2023\/03\/Screenshot-2023-03-02-at-08.35.13.png","contentUrl":"https:\/\/www.goldenglobe.hr\/wp-content\/uploads\/2023\/03\/Screenshot-2023-03-02-at-08.35.13.png","width":1054,"height":723},{"@type":"BreadcrumbList","@id":"https:\/\/www.goldenglobe.hr\/index.php\/proizvod\/ruukki-finnera\/#breadcrumb","itemListElement":[{"@type":"ListItem","position":1,"name":"Po\u010detna stranica","item":"https:\/\/www.goldenglobe.hr\/"},{"@type":"ListItem","position":2,"name":"Trgovina","item":"https:\/\/www.goldenglobe.hr\/index.php\/trgovina\/"},{"@type":"ListItem","position":3,"name":"RUUKKI Finnera"}]},{"@type":"WebSite","@id":"https:\/\/www.goldenglobe.hr\/#website","url":"https:\/\/www.goldenglobe.hr\/","name":"Golden Globe d.o.o.","description":"Sve za krov na jednomu mjestu","potentialAction":[{"@type":"SearchAction","target":{"@type":"EntryPoint","urlTemplate":"https:\/\/www.goldenglobe.hr\/?s={search_term_string}"},"query-input":{"@type":"PropertyValueSpecification","valueRequired":true,"valueName":"search_term_string"}}],"inLanguage":"hr"}]}},"_links":{"self":[{"href":"https:\/\/www.goldenglobe.hr\/index.php\/wp-json\/wp\/v2\/product\/6566","targetHints":{"allow":["GET"]}}],"collection":[{"href":"https:\/\/www.goldenglobe.hr\/index.php\/wp-json\/wp\/v2\/product"}],"about":[{"href":"https:\/\/www.goldenglobe.hr\/index.php\/wp-json\/wp\/v2\/types\/product"}],"wp:featuredmedia":[{"embeddable":true,"href":"https:\/\/www.goldenglobe.hr\/index.php\/wp-json\/wp\/v2\/media\/6567"}],"wp:attachment":[{"href":"https:\/\/www.goldenglobe.hr\/index.php\/wp-json\/wp\/v2\/media?parent=6566"}],"wp:term":[{"taxonomy":"product_cat","embeddable":true,"href":"https:\/\/www.goldenglobe.hr\/index.php\/wp-json\/wp\/v2\/product_cat?post=6566"},{"taxonomy":"product_tag","embeddable":true,"href":"https:\/\/www.goldenglobe.hr\/index.php\/wp-json\/wp\/v2\/product_tag?post=6566"}],"curies":[{"name":"wp","href":"https:\/\/api.w.org\/{rel}","templated":true}]}}