{"id":6560,"date":"2023-03-20T11:48:22","date_gmt":"2023-03-20T11:48:22","guid":{"rendered":"https:\/\/www.goldenglobe.hr\/?post_type=product&#038;p=6560"},"modified":"2026-04-02T06:22:33","modified_gmt":"2026-04-02T06:22:33","slug":"originalna-kanadska-sindra-iko-superglass-biber","status":"publish","type":"product","link":"https:\/\/www.goldenglobe.hr\/index.php\/proizvod\/originalna-kanadska-sindra-iko-superglass-biber\/","title":{"rendered":"\u0160indra IKO Superglass Biber Tile Red"},"content":{"rendered":"<ul>\n<li><strong>1 paket = 3m2<\/strong><\/li>\n<li><strong>m2 = 10,34\u20ac<\/strong><\/li>\n<li>Originalna kanadska \u0161indra je jedan od najboljih izbora za krovne materijale zbog njegovih izvanrednih svojstava i kvalitete. Prvo i najva\u017enije, \u0161indra je vrlo dugotrajna i izdr\u017eljiva, \u0161to zna\u010di da \u0107e trajati godinama bez potrebe za popravkom ili zamjenom. Osim toga, \u0161indra je vrlo otporna na vlagu i vjetar, \u0161to \u010dini da je idealna za upotrebu u <strong>svim klimatskim uvjetima.<\/strong><\/li>\n<li>Kvalitetna toplinska i zvu\u010dna <strong>izolacija<\/strong> tako\u0111er \u010dine \u0161indru odli\u010dnim izborom za krov. Ova svojstva poma\u017eu u smanjenju tro\u0161kova za grijanje i hla\u0111enje ku\u0107e, te tako\u0111er pru\u017eaju dodatnu privatnost i ti\u0161inu. Monta\u017ea i upotreba \u0161indre su <strong>jednostavni<\/strong>, \u0161to zna\u010di da je mogu\u0107e brzo i efikasno izvr\u0161iti popravke ili promjene na krovu.<\/li>\n<li>\u0160indra tako\u0111er ima prirodnu estetiku koja se mo\u017ee prilagoditi svakoj vrsti arhitekture. Dostupna je u razli\u010ditim bojama i uzorcima, \u0161to omogu\u0107uje da se krovi\u0161te prilagodi individualnim potrebama i \u017eeljama. Ukupno, originalna kanadska \u0161indra je idealan izbor za krov zbog svojih kvalitetnih svojstava, jednostavnosti monta\u017ee i upotrebe, te estetske privla\u010dnosti.<\/li>\n<\/ul>\n","protected":false},"excerpt":{"rendered":"<p>Originalna kanadska \u0161indra je jedan od najboljih izbora za krovne materijale zbog njegovih izvanrednih svojstava i kvalitete. Prvo i najva\u017enije, \u0161indra je vrlo dugotrajna i izdr\u017eljiva, \u0161to zna\u010di da \u0107e trajati godinama bez potrebe za popravkom ili zamjenom. Osim toga, \u0161indra je vrlo otporna na vlagu i vjetar, \u0161to \u010dini da je idealna za upotrebu u svim klimatskim uvjetima.<\/p>\n<p><strong>Prodajemo Originalnu kanadsku \u0161indru ISKLJU\u010cIVO po paketu.\u00a0<\/strong><\/p>\n<p><strong>Potrebno je naru\u010diti koli\u010dinu paketa.<\/strong><\/p>\n<p><strong>1 paket = 3m2<\/strong><\/p>\n<p><strong>m2 = 10,34\u20ac<\/strong><\/p>\n","protected":false},"featured_media":7048,"template":"","meta":[],"product_cat":[55],"product_tag":[],"class_list":{"0":"post-6560","1":"product","2":"type-product","3":"status-publish","4":"has-post-thumbnail","6":"product_cat-sindra","7":"col-12 col-sm-6 col-md-4 col-lg-3","9":"first","10":"instock","11":"taxable","12":"shipping-taxable","13":"purchasable","14":"product-type-simple"},"yoast_head":"<!-- This site is optimized with the Yoast SEO plugin v24.1 - https:\/\/yoast.com\/wordpress\/plugins\/seo\/ -->\n<title>\u0160indra IKO Superglass Biber Tile Red - Golden Globe d.o.o.<\/title>\n<meta name=\"robots\" content=\"index, follow, max-snippet:-1, max-image-preview:large, max-video-preview:-1\" \/>\n<link rel=\"canonical\" href=\"https:\/\/www.goldenglobe.hr\/index.php\/proizvod\/originalna-kanadska-sindra-iko-superglass-biber\/\" \/>\n<meta property=\"og:locale\" content=\"hr_HR\" \/>\n<meta property=\"og:type\" content=\"article\" \/>\n<meta property=\"og:title\" content=\"\u0160indra IKO Superglass Biber Tile Red - Golden Globe d.o.o.\" \/>\n<meta property=\"og:description\" content=\"Originalna kanadska \u0161indra je jedan od najboljih izbora za krovne materijale zbog njegovih izvanrednih svojstava i kvalitete. Prvo i najva\u017enije, \u0161indra je vrlo dugotrajna i izdr\u017eljiva, \u0161to zna\u010di da \u0107e trajati godinama bez potrebe za popravkom ili zamjenom. Osim toga, \u0161indra je vrlo otporna na vlagu i vjetar, \u0161to \u010dini da je idealna za upotrebu u svim klimatskim uvjetima.  Prodajemo Originalnu kanadsku \u0161indru ISKLJU\u010cIVO po paketu.\u00a0  Potrebno je naru\u010diti koli\u010dinu paketa.  1 paket = 3m2  m2 = 10,34\u20ac\" \/>\n<meta property=\"og:url\" content=\"https:\/\/www.goldenglobe.hr\/index.php\/proizvod\/originalna-kanadska-sindra-iko-superglass-biber\/\" \/>\n<meta property=\"og:site_name\" content=\"Golden Globe d.o.o.\" \/>\n<meta property=\"article:modified_time\" content=\"2026-04-02T06:22:33+00:00\" \/>\n<meta property=\"og:image\" content=\"https:\/\/www.goldenglobe.hr\/wp-content\/uploads\/2023\/03\/IKO-SUPERGLASS-BIBER-768x768.png\" \/>\n\t<meta property=\"og:image:width\" content=\"768\" \/>\n\t<meta property=\"og:image:height\" content=\"768\" \/>\n\t<meta property=\"og:image:type\" content=\"image\/png\" \/>\n<meta name=\"twitter:card\" content=\"summary_large_image\" \/>\n<meta name=\"twitter:label1\" content=\"Procijenjeno vrijeme \u010ditanja\" \/>\n\t<meta name=\"twitter:data1\" content=\"2 minute\" \/>\n<script type=\"application\/ld+json\" class=\"yoast-schema-graph\">{\"@context\":\"https:\/\/schema.org\",\"@graph\":[{\"@type\":\"WebPage\",\"@id\":\"https:\/\/www.goldenglobe.hr\/index.php\/proizvod\/originalna-kanadska-sindra-iko-superglass-biber\/\",\"url\":\"https:\/\/www.goldenglobe.hr\/index.php\/proizvod\/originalna-kanadska-sindra-iko-superglass-biber\/\",\"name\":\"\u0160indra IKO Superglass Biber Tile Red - Golden Globe d.o.o.\",\"isPartOf\":{\"@id\":\"https:\/\/www.goldenglobe.hr\/#website\"},\"primaryImageOfPage\":{\"@id\":\"https:\/\/www.goldenglobe.hr\/index.php\/proizvod\/originalna-kanadska-sindra-iko-superglass-biber\/#primaryimage\"},\"image\":{\"@id\":\"https:\/\/www.goldenglobe.hr\/index.php\/proizvod\/originalna-kanadska-sindra-iko-superglass-biber\/#primaryimage\"},\"thumbnailUrl\":\"https:\/\/www.goldenglobe.hr\/wp-content\/uploads\/2023\/03\/IKO-SUPERGLASS-BIBER.png\",\"datePublished\":\"2023-03-20T11:48:22+00:00\",\"dateModified\":\"2026-04-02T06:22:33+00:00\",\"breadcrumb\":{\"@id\":\"https:\/\/www.goldenglobe.hr\/index.php\/proizvod\/originalna-kanadska-sindra-iko-superglass-biber\/#breadcrumb\"},\"inLanguage\":\"hr\",\"potentialAction\":[{\"@type\":\"ReadAction\",\"target\":[\"https:\/\/www.goldenglobe.hr\/index.php\/proizvod\/originalna-kanadska-sindra-iko-superglass-biber\/\"]}]},{\"@type\":\"ImageObject\",\"inLanguage\":\"hr\",\"@id\":\"https:\/\/www.goldenglobe.hr\/index.php\/proizvod\/originalna-kanadska-sindra-iko-superglass-biber\/#primaryimage\",\"url\":\"https:\/\/www.goldenglobe.hr\/wp-content\/uploads\/2023\/03\/IKO-SUPERGLASS-BIBER.png\",\"contentUrl\":\"https:\/\/www.goldenglobe.hr\/wp-content\/uploads\/2023\/03\/IKO-SUPERGLASS-BIBER.png\",\"width\":1080,\"height\":1080},{\"@type\":\"BreadcrumbList\",\"@id\":\"https:\/\/www.goldenglobe.hr\/index.php\/proizvod\/originalna-kanadska-sindra-iko-superglass-biber\/#breadcrumb\",\"itemListElement\":[{\"@type\":\"ListItem\",\"position\":1,\"name\":\"Po\u010detna stranica\",\"item\":\"https:\/\/www.goldenglobe.hr\/\"},{\"@type\":\"ListItem\",\"position\":2,\"name\":\"Trgovina\",\"item\":\"https:\/\/www.goldenglobe.hr\/index.php\/trgovina\/\"},{\"@type\":\"ListItem\",\"position\":3,\"name\":\"\u0160indra IKO Superglass Biber Tile Red\"}]},{\"@type\":\"WebSite\",\"@id\":\"https:\/\/www.goldenglobe.hr\/#website\",\"url\":\"https:\/\/www.goldenglobe.hr\/\",\"name\":\"Golden Globe d.o.o.\",\"description\":\"Sve za krov na jednomu mjestu\",\"potentialAction\":[{\"@type\":\"SearchAction\",\"target\":{\"@type\":\"EntryPoint\",\"urlTemplate\":\"https:\/\/www.goldenglobe.hr\/?s={search_term_string}\"},\"query-input\":{\"@type\":\"PropertyValueSpecification\",\"valueRequired\":true,\"valueName\":\"search_term_string\"}}],\"inLanguage\":\"hr\"}]}<\/script>\n<!-- \/ Yoast SEO plugin. -->","yoast_head_json":{"title":"\u0160indra IKO Superglass Biber Tile Red - Golden Globe d.o.o.","robots":{"index":"index","follow":"follow","max-snippet":"max-snippet:-1","max-image-preview":"max-image-preview:large","max-video-preview":"max-video-preview:-1"},"canonical":"https:\/\/www.goldenglobe.hr\/index.php\/proizvod\/originalna-kanadska-sindra-iko-superglass-biber\/","og_locale":"hr_HR","og_type":"article","og_title":"\u0160indra IKO Superglass Biber Tile Red - Golden Globe d.o.o.","og_description":"Originalna kanadska \u0161indra je jedan od najboljih izbora za krovne materijale zbog njegovih izvanrednih svojstava i kvalitete. Prvo i najva\u017enije, \u0161indra je vrlo dugotrajna i izdr\u017eljiva, \u0161to zna\u010di da \u0107e trajati godinama bez potrebe za popravkom ili zamjenom. Osim toga, \u0161indra je vrlo otporna na vlagu i vjetar, \u0161to \u010dini da je idealna za upotrebu u svim klimatskim uvjetima.  Prodajemo Originalnu kanadsku \u0161indru ISKLJU\u010cIVO po paketu.\u00a0  Potrebno je naru\u010diti koli\u010dinu paketa.  1 paket = 3m2  m2 = 10,34\u20ac","og_url":"https:\/\/www.goldenglobe.hr\/index.php\/proizvod\/originalna-kanadska-sindra-iko-superglass-biber\/","og_site_name":"Golden Globe d.o.o.","article_modified_time":"2026-04-02T06:22:33+00:00","og_image":[{"width":768,"height":768,"url":"https:\/\/www.goldenglobe.hr\/wp-content\/uploads\/2023\/03\/IKO-SUPERGLASS-BIBER-768x768.png","type":"image\/png"}],"twitter_card":"summary_large_image","twitter_misc":{"Procijenjeno vrijeme \u010ditanja":"2 minute"},"schema":{"@context":"https:\/\/schema.org","@graph":[{"@type":"WebPage","@id":"https:\/\/www.goldenglobe.hr\/index.php\/proizvod\/originalna-kanadska-sindra-iko-superglass-biber\/","url":"https:\/\/www.goldenglobe.hr\/index.php\/proizvod\/originalna-kanadska-sindra-iko-superglass-biber\/","name":"\u0160indra IKO Superglass Biber Tile Red - Golden Globe d.o.o.","isPartOf":{"@id":"https:\/\/www.goldenglobe.hr\/#website"},"primaryImageOfPage":{"@id":"https:\/\/www.goldenglobe.hr\/index.php\/proizvod\/originalna-kanadska-sindra-iko-superglass-biber\/#primaryimage"},"image":{"@id":"https:\/\/www.goldenglobe.hr\/index.php\/proizvod\/originalna-kanadska-sindra-iko-superglass-biber\/#primaryimage"},"thumbnailUrl":"https:\/\/www.goldenglobe.hr\/wp-content\/uploads\/2023\/03\/IKO-SUPERGLASS-BIBER.png","datePublished":"2023-03-20T11:48:22+00:00","dateModified":"2026-04-02T06:22:33+00:00","breadcrumb":{"@id":"https:\/\/www.goldenglobe.hr\/index.php\/proizvod\/originalna-kanadska-sindra-iko-superglass-biber\/#breadcrumb"},"inLanguage":"hr","potentialAction":[{"@type":"ReadAction","target":["https:\/\/www.goldenglobe.hr\/index.php\/proizvod\/originalna-kanadska-sindra-iko-superglass-biber\/"]}]},{"@type":"ImageObject","inLanguage":"hr","@id":"https:\/\/www.goldenglobe.hr\/index.php\/proizvod\/originalna-kanadska-sindra-iko-superglass-biber\/#primaryimage","url":"https:\/\/www.goldenglobe.hr\/wp-content\/uploads\/2023\/03\/IKO-SUPERGLASS-BIBER.png","contentUrl":"https:\/\/www.goldenglobe.hr\/wp-content\/uploads\/2023\/03\/IKO-SUPERGLASS-BIBER.png","width":1080,"height":1080},{"@type":"BreadcrumbList","@id":"https:\/\/www.goldenglobe.hr\/index.php\/proizvod\/originalna-kanadska-sindra-iko-superglass-biber\/#breadcrumb","itemListElement":[{"@type":"ListItem","position":1,"name":"Po\u010detna stranica","item":"https:\/\/www.goldenglobe.hr\/"},{"@type":"ListItem","position":2,"name":"Trgovina","item":"https:\/\/www.goldenglobe.hr\/index.php\/trgovina\/"},{"@type":"ListItem","position":3,"name":"\u0160indra IKO Superglass Biber Tile Red"}]},{"@type":"WebSite","@id":"https:\/\/www.goldenglobe.hr\/#website","url":"https:\/\/www.goldenglobe.hr\/","name":"Golden Globe d.o.o.","description":"Sve za krov na jednomu mjestu","potentialAction":[{"@type":"SearchAction","target":{"@type":"EntryPoint","urlTemplate":"https:\/\/www.goldenglobe.hr\/?s={search_term_string}"},"query-input":{"@type":"PropertyValueSpecification","valueRequired":true,"valueName":"search_term_string"}}],"inLanguage":"hr"}]}},"_links":{"self":[{"href":"https:\/\/www.goldenglobe.hr\/index.php\/wp-json\/wp\/v2\/product\/6560","targetHints":{"allow":["GET"]}}],"collection":[{"href":"https:\/\/www.goldenglobe.hr\/index.php\/wp-json\/wp\/v2\/product"}],"about":[{"href":"https:\/\/www.goldenglobe.hr\/index.php\/wp-json\/wp\/v2\/types\/product"}],"wp:featuredmedia":[{"embeddable":true,"href":"https:\/\/www.goldenglobe.hr\/index.php\/wp-json\/wp\/v2\/media\/7048"}],"wp:attachment":[{"href":"https:\/\/www.goldenglobe.hr\/index.php\/wp-json\/wp\/v2\/media?parent=6560"}],"wp:term":[{"taxonomy":"product_cat","embeddable":true,"href":"https:\/\/www.goldenglobe.hr\/index.php\/wp-json\/wp\/v2\/product_cat?post=6560"},{"taxonomy":"product_tag","embeddable":true,"href":"https:\/\/www.goldenglobe.hr\/index.php\/wp-json\/wp\/v2\/product_tag?post=6560"}],"curies":[{"name":"wp","href":"https:\/\/api.w.org\/{rel}","templated":true}]}}