{"id":6556,"date":"2023-03-20T11:38:50","date_gmt":"2023-03-20T11:38:50","guid":{"rendered":"https:\/\/www.goldenglobe.hr\/?post_type=product&#038;p=6556"},"modified":"2026-04-02T06:19:56","modified_gmt":"2026-04-02T06:19:56","slug":"originalna-kanadska-sindra-iko-cambridge-xtreme","status":"publish","type":"product","link":"https:\/\/www.goldenglobe.hr\/index.php\/proizvod\/originalna-kanadska-sindra-iko-cambridge-xtreme\/","title":{"rendered":"\u0160indra IKO Cambridge Xtreme"},"content":{"rendered":"<ul>\n<li><strong>1kom = 3,1m2<\/strong><\/li>\n<li>IKO Cambridge Xtreme 9.5 \u00b0 predstavlja izvrsno rje\u0161enje za savr\u0161en arhitektonski krov od kanadske \u0161indre. Ova krovna \u0161indra pru\u017ea ekskluzivan izgled i osje\u0107aj, minimalni nagib koji iznena\u0111uje, \u0161irok raspon oblika krova te vrhunsku sigurnost za va\u0161u ku\u0107u. Bilo da gradite jednostavnu <strong>stambenu ku\u0107u ili slo\u017eeni arhitektonski objekt poput tr\u017enog centra ili hotela<\/strong>, IKO Cambridge Xtreme 9.5 \u00b0 savr\u0161eno \u0107e odgovarati va\u0161im potrebama.<\/li>\n<li>Originalna kanadska \u0161indra je jedan od najboljih izbora za krovne materijale zbog njegovih izvanrednih svojstava i kvalitete. Prvo i najva\u017enije, \u0161indra je vrlo dugotrajna i izdr\u017eljiva, \u0161to zna\u010di da \u0107e trajati godinama bez potrebe za popravkom ili zamjenom. Osim toga, \u0161indra je vrlo otporna na vlagu i vjetar, \u0161to \u010dini da je idealna za upotrebu u svim klimatskim uvjetima.<\/li>\n<li>Kvalitetna toplinska i zvu\u010dna izolacija tako\u0111er \u010dine \u0161indru odli\u010dnim izborom za krov. Ova svojstva poma\u017eu u smanjenju tro\u0161kova za grijanje i hla\u0111enje ku\u0107e, te tako\u0111er pru\u017eaju dodatnu privatnost i ti\u0161inu. Monta\u017ea i upotreba \u0161indre su jednostavni, \u0161to zna\u010di da je mogu\u0107e brzo i efikasno izvr\u0161iti popravke ili promjene na krovu.<\/li>\n<li>\u0160indra tako\u0111er ima <strong>prirodnu estetiku<\/strong> koja se mo\u017ee prilagoditi svakoj vrsti arhitekture. Dostupna je u razli\u010ditim bojama i uzorcima, \u0161to omogu\u0107uje da se krovi\u0161te prilagodi individualnim potrebama i \u017eeljama. Ukupno, originalna kanadska \u0161indra je idealan izbor za krov zbog svojih kvalitetnih svojstava, jednostavnosti monta\u017ee i upotrebe, te estetske privla\u010dnosti.<\/li>\n<\/ul>\n<p><a href=\"https:\/\/www.youtube.com\/watch?v=bbM0VDoGCcM&amp;t=98s\">\u0160INDRA OTPORNA NA VJETAR 216km\/h<\/a><\/p>\n","protected":false},"excerpt":{"rendered":"<p>IKO Cambridge Xtreme 9.5 \u00b0 predstavlja izvrsno rje\u0161enje za savr\u0161en arhitektonski krov od kanadske \u0161indre. Ova krovna \u0161indra pru\u017ea ekskluzivan izgled i osje\u0107aj, minimalni nagib koji iznena\u0111uje, \u0161irok raspon oblika krova te vrhunsku sigurnost za va\u0161u ku\u0107u. Bilo da gradite jednostavnu stambenu ku\u0107u ili slo\u017eeni arhitektonski objekt poput tr\u017enog centra ili hotela, IKO Cambridge Xtreme 9.5 \u00b0 savr\u0161eno \u0107e odgovarati va\u0161im potrebama.<\/p>\n<p><strong>1kom = 3,1m2<\/strong><\/p>\n<p>m2 = 17,41\u20ac<\/p>\n<p>Ostvarite 10% popust na gotovinu kada posjetite na\u0161u poslovnicu.<\/p>\n","protected":false},"featured_media":7045,"template":"","meta":[],"product_cat":[55],"product_tag":[],"class_list":{"0":"post-6556","1":"product","2":"type-product","3":"status-publish","4":"has-post-thumbnail","6":"product_cat-sindra","7":"col-12 col-sm-6 col-md-4 col-lg-3","9":"first","10":"instock","11":"taxable","12":"shipping-taxable","13":"purchasable","14":"product-type-variable"},"yoast_head":"<!-- This site is optimized with the Yoast SEO plugin v24.1 - https:\/\/yoast.com\/wordpress\/plugins\/seo\/ -->\n<title>\u0160indra IKO Cambridge Xtreme - Golden Globe d.o.o.<\/title>\n<meta name=\"robots\" content=\"index, follow, max-snippet:-1, max-image-preview:large, max-video-preview:-1\" \/>\n<link rel=\"canonical\" href=\"https:\/\/www.goldenglobe.hr\/index.php\/proizvod\/originalna-kanadska-sindra-iko-cambridge-xtreme\/\" \/>\n<meta property=\"og:locale\" content=\"hr_HR\" \/>\n<meta property=\"og:type\" content=\"article\" \/>\n<meta property=\"og:title\" content=\"\u0160indra IKO Cambridge Xtreme - Golden Globe d.o.o.\" \/>\n<meta property=\"og:description\" content=\"IKO Cambridge Xtreme 9.5 \u00b0 predstavlja izvrsno rje\u0161enje za savr\u0161en arhitektonski krov od kanadske \u0161indre. Ova krovna \u0161indra pru\u017ea ekskluzivan izgled i osje\u0107aj, minimalni nagib koji iznena\u0111uje, \u0161irok raspon oblika krova te vrhunsku sigurnost za va\u0161u ku\u0107u. Bilo da gradite jednostavnu stambenu ku\u0107u ili slo\u017eeni arhitektonski objekt poput tr\u017enog centra ili hotela, IKO Cambridge Xtreme 9.5 \u00b0 savr\u0161eno \u0107e odgovarati va\u0161im potrebama.  1kom = 3,1m2  m2 = 17,41\u20ac  Ostvarite 10% popust na gotovinu kada posjetite na\u0161u poslovnicu.\" \/>\n<meta property=\"og:url\" content=\"https:\/\/www.goldenglobe.hr\/index.php\/proizvod\/originalna-kanadska-sindra-iko-cambridge-xtreme\/\" \/>\n<meta property=\"og:site_name\" content=\"Golden Globe d.o.o.\" \/>\n<meta property=\"article:modified_time\" content=\"2026-04-02T06:19:56+00:00\" \/>\n<meta property=\"og:image\" content=\"https:\/\/www.goldenglobe.hr\/wp-content\/uploads\/2023\/09\/IKO-CAMBRIDGE-XTREME-SINDRA-1024x1024.png\" \/>\n\t<meta property=\"og:image:width\" content=\"1024\" \/>\n\t<meta property=\"og:image:height\" content=\"1024\" \/>\n\t<meta property=\"og:image:type\" content=\"image\/png\" \/>\n<meta name=\"twitter:card\" content=\"summary_large_image\" \/>\n<meta name=\"twitter:label1\" content=\"Procijenjeno vrijeme \u010ditanja\" \/>\n\t<meta name=\"twitter:data1\" content=\"2 minute\" \/>\n<script type=\"application\/ld+json\" class=\"yoast-schema-graph\">{\"@context\":\"https:\/\/schema.org\",\"@graph\":[{\"@type\":\"WebPage\",\"@id\":\"https:\/\/www.goldenglobe.hr\/index.php\/proizvod\/originalna-kanadska-sindra-iko-cambridge-xtreme\/\",\"url\":\"https:\/\/www.goldenglobe.hr\/index.php\/proizvod\/originalna-kanadska-sindra-iko-cambridge-xtreme\/\",\"name\":\"\u0160indra IKO Cambridge Xtreme - Golden Globe d.o.o.\",\"isPartOf\":{\"@id\":\"https:\/\/www.goldenglobe.hr\/#website\"},\"primaryImageOfPage\":{\"@id\":\"https:\/\/www.goldenglobe.hr\/index.php\/proizvod\/originalna-kanadska-sindra-iko-cambridge-xtreme\/#primaryimage\"},\"image\":{\"@id\":\"https:\/\/www.goldenglobe.hr\/index.php\/proizvod\/originalna-kanadska-sindra-iko-cambridge-xtreme\/#primaryimage\"},\"thumbnailUrl\":\"https:\/\/www.goldenglobe.hr\/wp-content\/uploads\/2023\/09\/IKO-CAMBRIDGE-XTREME-SINDRA.png\",\"datePublished\":\"2023-03-20T11:38:50+00:00\",\"dateModified\":\"2026-04-02T06:19:56+00:00\",\"breadcrumb\":{\"@id\":\"https:\/\/www.goldenglobe.hr\/index.php\/proizvod\/originalna-kanadska-sindra-iko-cambridge-xtreme\/#breadcrumb\"},\"inLanguage\":\"hr\",\"potentialAction\":[{\"@type\":\"ReadAction\",\"target\":[\"https:\/\/www.goldenglobe.hr\/index.php\/proizvod\/originalna-kanadska-sindra-iko-cambridge-xtreme\/\"]}]},{\"@type\":\"ImageObject\",\"inLanguage\":\"hr\",\"@id\":\"https:\/\/www.goldenglobe.hr\/index.php\/proizvod\/originalna-kanadska-sindra-iko-cambridge-xtreme\/#primaryimage\",\"url\":\"https:\/\/www.goldenglobe.hr\/wp-content\/uploads\/2023\/09\/IKO-CAMBRIDGE-XTREME-SINDRA.png\",\"contentUrl\":\"https:\/\/www.goldenglobe.hr\/wp-content\/uploads\/2023\/09\/IKO-CAMBRIDGE-XTREME-SINDRA.png\",\"width\":1080,\"height\":1080},{\"@type\":\"BreadcrumbList\",\"@id\":\"https:\/\/www.goldenglobe.hr\/index.php\/proizvod\/originalna-kanadska-sindra-iko-cambridge-xtreme\/#breadcrumb\",\"itemListElement\":[{\"@type\":\"ListItem\",\"position\":1,\"name\":\"Po\u010detna stranica\",\"item\":\"https:\/\/www.goldenglobe.hr\/\"},{\"@type\":\"ListItem\",\"position\":2,\"name\":\"Trgovina\",\"item\":\"https:\/\/www.goldenglobe.hr\/index.php\/trgovina\/\"},{\"@type\":\"ListItem\",\"position\":3,\"name\":\"\u0160indra IKO Cambridge Xtreme\"}]},{\"@type\":\"WebSite\",\"@id\":\"https:\/\/www.goldenglobe.hr\/#website\",\"url\":\"https:\/\/www.goldenglobe.hr\/\",\"name\":\"Golden Globe d.o.o.\",\"description\":\"Sve za krov na jednomu mjestu\",\"potentialAction\":[{\"@type\":\"SearchAction\",\"target\":{\"@type\":\"EntryPoint\",\"urlTemplate\":\"https:\/\/www.goldenglobe.hr\/?s={search_term_string}\"},\"query-input\":{\"@type\":\"PropertyValueSpecification\",\"valueRequired\":true,\"valueName\":\"search_term_string\"}}],\"inLanguage\":\"hr\"}]}<\/script>\n<!-- \/ Yoast SEO plugin. -->","yoast_head_json":{"title":"\u0160indra IKO Cambridge Xtreme - Golden Globe d.o.o.","robots":{"index":"index","follow":"follow","max-snippet":"max-snippet:-1","max-image-preview":"max-image-preview:large","max-video-preview":"max-video-preview:-1"},"canonical":"https:\/\/www.goldenglobe.hr\/index.php\/proizvod\/originalna-kanadska-sindra-iko-cambridge-xtreme\/","og_locale":"hr_HR","og_type":"article","og_title":"\u0160indra IKO Cambridge Xtreme - Golden Globe d.o.o.","og_description":"IKO Cambridge Xtreme 9.5 \u00b0 predstavlja izvrsno rje\u0161enje za savr\u0161en arhitektonski krov od kanadske \u0161indre. Ova krovna \u0161indra pru\u017ea ekskluzivan izgled i osje\u0107aj, minimalni nagib koji iznena\u0111uje, \u0161irok raspon oblika krova te vrhunsku sigurnost za va\u0161u ku\u0107u. Bilo da gradite jednostavnu stambenu ku\u0107u ili slo\u017eeni arhitektonski objekt poput tr\u017enog centra ili hotela, IKO Cambridge Xtreme 9.5 \u00b0 savr\u0161eno \u0107e odgovarati va\u0161im potrebama.  1kom = 3,1m2  m2 = 17,41\u20ac  Ostvarite 10% popust na gotovinu kada posjetite na\u0161u poslovnicu.","og_url":"https:\/\/www.goldenglobe.hr\/index.php\/proizvod\/originalna-kanadska-sindra-iko-cambridge-xtreme\/","og_site_name":"Golden Globe d.o.o.","article_modified_time":"2026-04-02T06:19:56+00:00","og_image":[{"width":1024,"height":1024,"url":"https:\/\/www.goldenglobe.hr\/wp-content\/uploads\/2023\/09\/IKO-CAMBRIDGE-XTREME-SINDRA-1024x1024.png","type":"image\/png"}],"twitter_card":"summary_large_image","twitter_misc":{"Procijenjeno vrijeme \u010ditanja":"2 minute"},"schema":{"@context":"https:\/\/schema.org","@graph":[{"@type":"WebPage","@id":"https:\/\/www.goldenglobe.hr\/index.php\/proizvod\/originalna-kanadska-sindra-iko-cambridge-xtreme\/","url":"https:\/\/www.goldenglobe.hr\/index.php\/proizvod\/originalna-kanadska-sindra-iko-cambridge-xtreme\/","name":"\u0160indra IKO Cambridge Xtreme - Golden Globe d.o.o.","isPartOf":{"@id":"https:\/\/www.goldenglobe.hr\/#website"},"primaryImageOfPage":{"@id":"https:\/\/www.goldenglobe.hr\/index.php\/proizvod\/originalna-kanadska-sindra-iko-cambridge-xtreme\/#primaryimage"},"image":{"@id":"https:\/\/www.goldenglobe.hr\/index.php\/proizvod\/originalna-kanadska-sindra-iko-cambridge-xtreme\/#primaryimage"},"thumbnailUrl":"https:\/\/www.goldenglobe.hr\/wp-content\/uploads\/2023\/09\/IKO-CAMBRIDGE-XTREME-SINDRA.png","datePublished":"2023-03-20T11:38:50+00:00","dateModified":"2026-04-02T06:19:56+00:00","breadcrumb":{"@id":"https:\/\/www.goldenglobe.hr\/index.php\/proizvod\/originalna-kanadska-sindra-iko-cambridge-xtreme\/#breadcrumb"},"inLanguage":"hr","potentialAction":[{"@type":"ReadAction","target":["https:\/\/www.goldenglobe.hr\/index.php\/proizvod\/originalna-kanadska-sindra-iko-cambridge-xtreme\/"]}]},{"@type":"ImageObject","inLanguage":"hr","@id":"https:\/\/www.goldenglobe.hr\/index.php\/proizvod\/originalna-kanadska-sindra-iko-cambridge-xtreme\/#primaryimage","url":"https:\/\/www.goldenglobe.hr\/wp-content\/uploads\/2023\/09\/IKO-CAMBRIDGE-XTREME-SINDRA.png","contentUrl":"https:\/\/www.goldenglobe.hr\/wp-content\/uploads\/2023\/09\/IKO-CAMBRIDGE-XTREME-SINDRA.png","width":1080,"height":1080},{"@type":"BreadcrumbList","@id":"https:\/\/www.goldenglobe.hr\/index.php\/proizvod\/originalna-kanadska-sindra-iko-cambridge-xtreme\/#breadcrumb","itemListElement":[{"@type":"ListItem","position":1,"name":"Po\u010detna stranica","item":"https:\/\/www.goldenglobe.hr\/"},{"@type":"ListItem","position":2,"name":"Trgovina","item":"https:\/\/www.goldenglobe.hr\/index.php\/trgovina\/"},{"@type":"ListItem","position":3,"name":"\u0160indra IKO Cambridge Xtreme"}]},{"@type":"WebSite","@id":"https:\/\/www.goldenglobe.hr\/#website","url":"https:\/\/www.goldenglobe.hr\/","name":"Golden Globe d.o.o.","description":"Sve za krov na jednomu mjestu","potentialAction":[{"@type":"SearchAction","target":{"@type":"EntryPoint","urlTemplate":"https:\/\/www.goldenglobe.hr\/?s={search_term_string}"},"query-input":{"@type":"PropertyValueSpecification","valueRequired":true,"valueName":"search_term_string"}}],"inLanguage":"hr"}]}},"_links":{"self":[{"href":"https:\/\/www.goldenglobe.hr\/index.php\/wp-json\/wp\/v2\/product\/6556","targetHints":{"allow":["GET"]}}],"collection":[{"href":"https:\/\/www.goldenglobe.hr\/index.php\/wp-json\/wp\/v2\/product"}],"about":[{"href":"https:\/\/www.goldenglobe.hr\/index.php\/wp-json\/wp\/v2\/types\/product"}],"wp:featuredmedia":[{"embeddable":true,"href":"https:\/\/www.goldenglobe.hr\/index.php\/wp-json\/wp\/v2\/media\/7045"}],"wp:attachment":[{"href":"https:\/\/www.goldenglobe.hr\/index.php\/wp-json\/wp\/v2\/media?parent=6556"}],"wp:term":[{"taxonomy":"product_cat","embeddable":true,"href":"https:\/\/www.goldenglobe.hr\/index.php\/wp-json\/wp\/v2\/product_cat?post=6556"},{"taxonomy":"product_tag","embeddable":true,"href":"https:\/\/www.goldenglobe.hr\/index.php\/wp-json\/wp\/v2\/product_tag?post=6556"}],"curies":[{"name":"wp","href":"https:\/\/api.w.org\/{rel}","templated":true}]}}