{"id":6507,"date":"2023-03-19T14:10:59","date_gmt":"2023-03-19T14:10:59","guid":{"rendered":"https:\/\/www.goldenglobe.hr\/?post_type=product&#038;p=6507"},"modified":"2024-10-11T05:34:21","modified_gmt":"2024-10-11T05:34:21","slug":"aluminijski-opsav-za-dimnjak","status":"publish","type":"product","link":"https:\/\/www.goldenglobe.hr\/index.php\/proizvod\/aluminijski-opsav-za-dimnjak\/","title":{"rendered":"Aluminijski op\u0161av za dimnjak"},"content":{"rendered":"<p>Aluminijski op\u0161av za dimnjak je proizvod koji se koristi u gra\u0111evinskoj industriji za za\u0161titu dimnjaka i stvaranje urednog i estetski privla\u010dnog izgleda krova.\u00a0Op\u0161av za dimnjak je izra\u0111en od aluminijskih plo\u010da koje se prilago\u0111avaju dimenzijama dimnjaka i krova.<\/p>\n<p>Aluminijski op\u0161av za dimnjak se lako postavlja i prilago\u0111ava dimenzijama dimnjaka i krova. Ovaj proizvod ima funkciju za\u0161tite dimnjaka od vremenskih uvjeta, kao \u0161to su ki\u0161a, snijeg i vjetar.\u00a0Uz funkcionalnu svrhu, aluminijski op\u0161av za dimnjak ima i estetsku vrijednost. Dostupan je u razli\u010ditim bojama i stilovima, \u0161to ga \u010dini prikladnim za bilo koji krov i stambenu zgradu. Aluminijski op\u0161av za dimnjak mo\u017ee dati krovu moderniji i uredniji izgled.<\/p>\n<p>Ukratko, aluminijski op\u0161av za dimnjak je proizvod koji nudi za\u0161titu i pobolj\u0161ava estetski izgled dimnjaka i krova. Sastoji se od aluminijskih plo\u010da koje se lako prilago\u0111avaju dimenzijama dimnjaka i krova, \u010dime se osigurava dugotrajna za\u0161tita i trajnost.<\/p>\n<p>RODACH krovna oprema je brend krovne opreme sa svim proizvodima pa\u017eljivo proizvedenima u EU. Svi RODACH proizvodi su proizvedeni za sve proizvo\u0111a\u010de crijepa (Tondach, Creaton, BMI, Nexe, Nelskamp, itd.). Razgovarajte sa na\u0161im timom kako bi adekvatno odabrali krovnu opremu za Va\u0161 krov i u\u0161tedite stotine eura!<\/p>\n","protected":false},"excerpt":{"rendered":"<p>30cm x 5m<br \/>\nSamoljepljiv<br \/>\nAluminijski op\u0161av za dimnjak se lako postavlja i prilago\u0111ava dimenzijama dimnjaka i krova. Ovaj proizvod ima funkciju za\u0161tite dimnjaka od vremenskih uvjeta, kao \u0161to su ki\u0161a, snijeg i vjetar.<\/p>\n","protected":false},"featured_media":6512,"template":"","meta":[],"product_cat":[54],"product_tag":[],"class_list":{"0":"post-6507","1":"product","2":"type-product","3":"status-publish","4":"has-post-thumbnail","6":"product_cat-krovnaoprema","7":"col-12 col-sm-6 col-md-4 col-lg-3","9":"first","10":"instock","11":"sale","12":"taxable","13":"shipping-taxable","14":"purchasable","15":"product-type-variable"},"yoast_head":"<!-- This site is optimized with the Yoast SEO plugin v24.1 - https:\/\/yoast.com\/wordpress\/plugins\/seo\/ -->\n<title>Aluminijski op\u0161av za dimnjak - Golden Globe d.o.o.<\/title>\n<meta name=\"robots\" content=\"index, follow, max-snippet:-1, max-image-preview:large, max-video-preview:-1\" \/>\n<link rel=\"canonical\" href=\"https:\/\/www.goldenglobe.hr\/index.php\/proizvod\/aluminijski-opsav-za-dimnjak\/\" \/>\n<meta property=\"og:locale\" content=\"hr_HR\" \/>\n<meta property=\"og:type\" content=\"article\" \/>\n<meta property=\"og:title\" content=\"Aluminijski op\u0161av za dimnjak - Golden Globe d.o.o.\" \/>\n<meta property=\"og:description\" content=\"30cm x 5m Samoljepljiv Aluminijski op\u0161av za dimnjak se lako postavlja i prilago\u0111ava dimenzijama dimnjaka i krova. Ovaj proizvod ima funkciju za\u0161tite dimnjaka od vremenskih uvjeta, kao \u0161to su ki\u0161a, snijeg i vjetar.\" \/>\n<meta property=\"og:url\" content=\"https:\/\/www.goldenglobe.hr\/index.php\/proizvod\/aluminijski-opsav-za-dimnjak\/\" \/>\n<meta property=\"og:site_name\" content=\"Golden Globe d.o.o.\" \/>\n<meta property=\"article:modified_time\" content=\"2024-10-11T05:34:21+00:00\" \/>\n<meta property=\"og:image\" content=\"https:\/\/www.goldenglobe.hr\/wp-content\/uploads\/2023\/03\/aluminijski-opsav-za-dimnjak-golden-globe-scaled.jpg\" \/>\n\t<meta property=\"og:image:width\" content=\"2560\" \/>\n\t<meta property=\"og:image:height\" content=\"1920\" \/>\n\t<meta property=\"og:image:type\" content=\"image\/jpeg\" \/>\n<meta name=\"twitter:card\" content=\"summary_large_image\" \/>\n<meta name=\"twitter:label1\" content=\"Procijenjeno vrijeme \u010ditanja\" \/>\n\t<meta name=\"twitter:data1\" content=\"2 minute\" \/>\n<script type=\"application\/ld+json\" class=\"yoast-schema-graph\">{\"@context\":\"https:\/\/schema.org\",\"@graph\":[{\"@type\":\"WebPage\",\"@id\":\"https:\/\/www.goldenglobe.hr\/index.php\/proizvod\/aluminijski-opsav-za-dimnjak\/\",\"url\":\"https:\/\/www.goldenglobe.hr\/index.php\/proizvod\/aluminijski-opsav-za-dimnjak\/\",\"name\":\"Aluminijski op\u0161av za dimnjak - Golden Globe d.o.o.\",\"isPartOf\":{\"@id\":\"https:\/\/www.goldenglobe.hr\/#website\"},\"primaryImageOfPage\":{\"@id\":\"https:\/\/www.goldenglobe.hr\/index.php\/proizvod\/aluminijski-opsav-za-dimnjak\/#primaryimage\"},\"image\":{\"@id\":\"https:\/\/www.goldenglobe.hr\/index.php\/proizvod\/aluminijski-opsav-za-dimnjak\/#primaryimage\"},\"thumbnailUrl\":\"https:\/\/www.goldenglobe.hr\/wp-content\/uploads\/2023\/03\/aluminijski-opsav-za-dimnjak-golden-globe-scaled.jpg\",\"datePublished\":\"2023-03-19T14:10:59+00:00\",\"dateModified\":\"2024-10-11T05:34:21+00:00\",\"breadcrumb\":{\"@id\":\"https:\/\/www.goldenglobe.hr\/index.php\/proizvod\/aluminijski-opsav-za-dimnjak\/#breadcrumb\"},\"inLanguage\":\"hr\",\"potentialAction\":[{\"@type\":\"ReadAction\",\"target\":[\"https:\/\/www.goldenglobe.hr\/index.php\/proizvod\/aluminijski-opsav-za-dimnjak\/\"]}]},{\"@type\":\"ImageObject\",\"inLanguage\":\"hr\",\"@id\":\"https:\/\/www.goldenglobe.hr\/index.php\/proizvod\/aluminijski-opsav-za-dimnjak\/#primaryimage\",\"url\":\"https:\/\/www.goldenglobe.hr\/wp-content\/uploads\/2023\/03\/aluminijski-opsav-za-dimnjak-golden-globe-scaled.jpg\",\"contentUrl\":\"https:\/\/www.goldenglobe.hr\/wp-content\/uploads\/2023\/03\/aluminijski-opsav-za-dimnjak-golden-globe-scaled.jpg\",\"width\":2560,\"height\":1920},{\"@type\":\"BreadcrumbList\",\"@id\":\"https:\/\/www.goldenglobe.hr\/index.php\/proizvod\/aluminijski-opsav-za-dimnjak\/#breadcrumb\",\"itemListElement\":[{\"@type\":\"ListItem\",\"position\":1,\"name\":\"Po\u010detna stranica\",\"item\":\"https:\/\/www.goldenglobe.hr\/\"},{\"@type\":\"ListItem\",\"position\":2,\"name\":\"Trgovina\",\"item\":\"https:\/\/www.goldenglobe.hr\/index.php\/trgovina\/\"},{\"@type\":\"ListItem\",\"position\":3,\"name\":\"Aluminijski op\u0161av za dimnjak\"}]},{\"@type\":\"WebSite\",\"@id\":\"https:\/\/www.goldenglobe.hr\/#website\",\"url\":\"https:\/\/www.goldenglobe.hr\/\",\"name\":\"Golden Globe d.o.o.\",\"description\":\"Sve za krov na jednomu mjestu\",\"potentialAction\":[{\"@type\":\"SearchAction\",\"target\":{\"@type\":\"EntryPoint\",\"urlTemplate\":\"https:\/\/www.goldenglobe.hr\/?s={search_term_string}\"},\"query-input\":{\"@type\":\"PropertyValueSpecification\",\"valueRequired\":true,\"valueName\":\"search_term_string\"}}],\"inLanguage\":\"hr\"}]}<\/script>\n<!-- \/ Yoast SEO plugin. -->","yoast_head_json":{"title":"Aluminijski op\u0161av za dimnjak - Golden Globe d.o.o.","robots":{"index":"index","follow":"follow","max-snippet":"max-snippet:-1","max-image-preview":"max-image-preview:large","max-video-preview":"max-video-preview:-1"},"canonical":"https:\/\/www.goldenglobe.hr\/index.php\/proizvod\/aluminijski-opsav-za-dimnjak\/","og_locale":"hr_HR","og_type":"article","og_title":"Aluminijski op\u0161av za dimnjak - Golden Globe d.o.o.","og_description":"30cm x 5m Samoljepljiv Aluminijski op\u0161av za dimnjak se lako postavlja i prilago\u0111ava dimenzijama dimnjaka i krova. Ovaj proizvod ima funkciju za\u0161tite dimnjaka od vremenskih uvjeta, kao \u0161to su ki\u0161a, snijeg i vjetar.","og_url":"https:\/\/www.goldenglobe.hr\/index.php\/proizvod\/aluminijski-opsav-za-dimnjak\/","og_site_name":"Golden Globe d.o.o.","article_modified_time":"2024-10-11T05:34:21+00:00","og_image":[{"width":2560,"height":1920,"url":"https:\/\/www.goldenglobe.hr\/wp-content\/uploads\/2023\/03\/aluminijski-opsav-za-dimnjak-golden-globe-scaled.jpg","type":"image\/jpeg"}],"twitter_card":"summary_large_image","twitter_misc":{"Procijenjeno vrijeme \u010ditanja":"2 minute"},"schema":{"@context":"https:\/\/schema.org","@graph":[{"@type":"WebPage","@id":"https:\/\/www.goldenglobe.hr\/index.php\/proizvod\/aluminijski-opsav-za-dimnjak\/","url":"https:\/\/www.goldenglobe.hr\/index.php\/proizvod\/aluminijski-opsav-za-dimnjak\/","name":"Aluminijski op\u0161av za dimnjak - Golden Globe d.o.o.","isPartOf":{"@id":"https:\/\/www.goldenglobe.hr\/#website"},"primaryImageOfPage":{"@id":"https:\/\/www.goldenglobe.hr\/index.php\/proizvod\/aluminijski-opsav-za-dimnjak\/#primaryimage"},"image":{"@id":"https:\/\/www.goldenglobe.hr\/index.php\/proizvod\/aluminijski-opsav-za-dimnjak\/#primaryimage"},"thumbnailUrl":"https:\/\/www.goldenglobe.hr\/wp-content\/uploads\/2023\/03\/aluminijski-opsav-za-dimnjak-golden-globe-scaled.jpg","datePublished":"2023-03-19T14:10:59+00:00","dateModified":"2024-10-11T05:34:21+00:00","breadcrumb":{"@id":"https:\/\/www.goldenglobe.hr\/index.php\/proizvod\/aluminijski-opsav-za-dimnjak\/#breadcrumb"},"inLanguage":"hr","potentialAction":[{"@type":"ReadAction","target":["https:\/\/www.goldenglobe.hr\/index.php\/proizvod\/aluminijski-opsav-za-dimnjak\/"]}]},{"@type":"ImageObject","inLanguage":"hr","@id":"https:\/\/www.goldenglobe.hr\/index.php\/proizvod\/aluminijski-opsav-za-dimnjak\/#primaryimage","url":"https:\/\/www.goldenglobe.hr\/wp-content\/uploads\/2023\/03\/aluminijski-opsav-za-dimnjak-golden-globe-scaled.jpg","contentUrl":"https:\/\/www.goldenglobe.hr\/wp-content\/uploads\/2023\/03\/aluminijski-opsav-za-dimnjak-golden-globe-scaled.jpg","width":2560,"height":1920},{"@type":"BreadcrumbList","@id":"https:\/\/www.goldenglobe.hr\/index.php\/proizvod\/aluminijski-opsav-za-dimnjak\/#breadcrumb","itemListElement":[{"@type":"ListItem","position":1,"name":"Po\u010detna stranica","item":"https:\/\/www.goldenglobe.hr\/"},{"@type":"ListItem","position":2,"name":"Trgovina","item":"https:\/\/www.goldenglobe.hr\/index.php\/trgovina\/"},{"@type":"ListItem","position":3,"name":"Aluminijski op\u0161av za dimnjak"}]},{"@type":"WebSite","@id":"https:\/\/www.goldenglobe.hr\/#website","url":"https:\/\/www.goldenglobe.hr\/","name":"Golden Globe d.o.o.","description":"Sve za krov na jednomu mjestu","potentialAction":[{"@type":"SearchAction","target":{"@type":"EntryPoint","urlTemplate":"https:\/\/www.goldenglobe.hr\/?s={search_term_string}"},"query-input":{"@type":"PropertyValueSpecification","valueRequired":true,"valueName":"search_term_string"}}],"inLanguage":"hr"}]}},"_links":{"self":[{"href":"https:\/\/www.goldenglobe.hr\/index.php\/wp-json\/wp\/v2\/product\/6507","targetHints":{"allow":["GET"]}}],"collection":[{"href":"https:\/\/www.goldenglobe.hr\/index.php\/wp-json\/wp\/v2\/product"}],"about":[{"href":"https:\/\/www.goldenglobe.hr\/index.php\/wp-json\/wp\/v2\/types\/product"}],"wp:featuredmedia":[{"embeddable":true,"href":"https:\/\/www.goldenglobe.hr\/index.php\/wp-json\/wp\/v2\/media\/6512"}],"wp:attachment":[{"href":"https:\/\/www.goldenglobe.hr\/index.php\/wp-json\/wp\/v2\/media?parent=6507"}],"wp:term":[{"taxonomy":"product_cat","embeddable":true,"href":"https:\/\/www.goldenglobe.hr\/index.php\/wp-json\/wp\/v2\/product_cat?post=6507"},{"taxonomy":"product_tag","embeddable":true,"href":"https:\/\/www.goldenglobe.hr\/index.php\/wp-json\/wp\/v2\/product_tag?post=6507"}],"curies":[{"name":"wp","href":"https:\/\/api.w.org\/{rel}","templated":true}]}}