{"id":6491,"date":"2023-03-19T13:37:33","date_gmt":"2023-03-19T13:37:33","guid":{"rendered":"https:\/\/www.goldenglobe.hr\/?post_type=product&#038;p=6491"},"modified":"2024-01-30T16:25:48","modified_gmt":"2024-01-30T16:25:48","slug":"sljemeno-grebena-traka-300mm-5m","status":"publish","type":"product","link":"https:\/\/www.goldenglobe.hr\/index.php\/proizvod\/sljemeno-grebena-traka-300mm-5m\/","title":{"rendered":"Sljemeno Grebena Traka 300mm\/5m"},"content":{"rendered":"<p>Sljemeno grebena traka je proizvod koji se koristi u gra\u0111evinskoj industriji za prekrivanje krova i poma\u017ee protiv ki\u0161e, snijega i drugih vremenskih uvjeta.\u00a0Sljemeno grebena traka je izra\u0111ena od fleksibilne i otporne bitumenske mase, koja se obi\u010dno nalazi na armiranoj mre\u017eici od staklenih vlakana. Traka je fleksibilna i lako se prilago\u0111ava obliku krova, \u0161to osigurava \u010dvrstu i nepropusnu vezu izme\u0111u dvaju krovnih nagiba.<\/p>\n<p>Osim svoje funkcionalnosti, sljemeno grebena traka tako\u0111er ima estetsku vrijednost. Proizvodi se u razli\u010ditim bojama, \u0161to omogu\u0107uje da se uklopi u boju krovnog pokrova i doprinosi cjelokupnom vizualnom izgledu krova.<\/p>\n<p>Ukratko, sljemeno grebena traka je neophodan proizvod u gradnji krova koji osigurava sigurnost i funkcionalnost, a istovremeno doprinosi estetici krova.<\/p>\n","protected":false},"excerpt":{"rendered":"<p>Sljemeno grebena traka je proizvod koji se koristi u gra\u0111evinskoj industriji za prekrivanje krova i poma\u017ee protiv ki\u0161e, snijega i drugih vremenskih uvjeta.\u00a0Sljemeno grebena traka je izra\u0111ena od fleksibilne i otporne bitumenske mase, koja se obi\u010dno nalazi na armiranoj mre\u017eici od staklenih vlakana. Traka je fleksibilna i lako se prilago\u0111ava obliku krova, \u0161to osigurava \u010dvrstu i nepropusnu vezu izme\u0111u dvaju krovnih nagiba.<\/p>\n","protected":false},"featured_media":6499,"template":"","meta":[],"product_cat":[54],"product_tag":[],"class_list":{"0":"post-6491","1":"product","2":"type-product","3":"status-publish","4":"has-post-thumbnail","6":"product_cat-krovnaoprema","7":"col-12 col-sm-6 col-md-4 col-lg-3","9":"first","10":"instock","11":"sale","12":"taxable","13":"shipping-taxable","14":"purchasable","15":"product-type-variable"},"yoast_head":"<!-- This site is optimized with the Yoast SEO plugin v24.1 - https:\/\/yoast.com\/wordpress\/plugins\/seo\/ -->\n<title>Sljemeno Grebena Traka 300mm\/5m - Golden Globe d.o.o.<\/title>\n<meta name=\"robots\" content=\"index, follow, max-snippet:-1, max-image-preview:large, max-video-preview:-1\" \/>\n<link rel=\"canonical\" href=\"https:\/\/www.goldenglobe.hr\/index.php\/proizvod\/sljemeno-grebena-traka-300mm-5m\/\" \/>\n<meta property=\"og:locale\" content=\"hr_HR\" \/>\n<meta property=\"og:type\" content=\"article\" \/>\n<meta property=\"og:title\" content=\"Sljemeno Grebena Traka 300mm\/5m - Golden Globe d.o.o.\" \/>\n<meta property=\"og:description\" content=\"Sljemeno grebena traka je proizvod koji se koristi u gra\u0111evinskoj industriji za prekrivanje krova i poma\u017ee protiv ki\u0161e, snijega i drugih vremenskih uvjeta.\u00a0Sljemeno grebena traka je izra\u0111ena od fleksibilne i otporne bitumenske mase, koja se obi\u010dno nalazi na armiranoj mre\u017eici od staklenih vlakana. Traka je fleksibilna i lako se prilago\u0111ava obliku krova, \u0161to osigurava \u010dvrstu i nepropusnu vezu izme\u0111u dvaju krovnih nagiba.\" \/>\n<meta property=\"og:url\" content=\"https:\/\/www.goldenglobe.hr\/index.php\/proizvod\/sljemeno-grebena-traka-300mm-5m\/\" \/>\n<meta property=\"og:site_name\" content=\"Golden Globe d.o.o.\" \/>\n<meta property=\"article:modified_time\" content=\"2024-01-30T16:25:48+00:00\" \/>\n<meta property=\"og:image\" content=\"https:\/\/www.goldenglobe.hr\/wp-content\/uploads\/2023\/03\/sljemeno-grebena-traka-golden-globe-scaled.jpg\" \/>\n\t<meta property=\"og:image:width\" content=\"2560\" \/>\n\t<meta property=\"og:image:height\" content=\"1920\" \/>\n\t<meta property=\"og:image:type\" content=\"image\/jpeg\" \/>\n<meta name=\"twitter:card\" content=\"summary_large_image\" \/>\n<meta name=\"twitter:label1\" content=\"Procijenjeno vrijeme \u010ditanja\" \/>\n\t<meta name=\"twitter:data1\" content=\"1 minuta\" \/>\n<script type=\"application\/ld+json\" class=\"yoast-schema-graph\">{\"@context\":\"https:\/\/schema.org\",\"@graph\":[{\"@type\":\"WebPage\",\"@id\":\"https:\/\/www.goldenglobe.hr\/index.php\/proizvod\/sljemeno-grebena-traka-300mm-5m\/\",\"url\":\"https:\/\/www.goldenglobe.hr\/index.php\/proizvod\/sljemeno-grebena-traka-300mm-5m\/\",\"name\":\"Sljemeno Grebena Traka 300mm\/5m - Golden Globe d.o.o.\",\"isPartOf\":{\"@id\":\"https:\/\/www.goldenglobe.hr\/#website\"},\"primaryImageOfPage\":{\"@id\":\"https:\/\/www.goldenglobe.hr\/index.php\/proizvod\/sljemeno-grebena-traka-300mm-5m\/#primaryimage\"},\"image\":{\"@id\":\"https:\/\/www.goldenglobe.hr\/index.php\/proizvod\/sljemeno-grebena-traka-300mm-5m\/#primaryimage\"},\"thumbnailUrl\":\"https:\/\/www.goldenglobe.hr\/wp-content\/uploads\/2023\/03\/sljemeno-grebena-traka-golden-globe-scaled.jpg\",\"datePublished\":\"2023-03-19T13:37:33+00:00\",\"dateModified\":\"2024-01-30T16:25:48+00:00\",\"breadcrumb\":{\"@id\":\"https:\/\/www.goldenglobe.hr\/index.php\/proizvod\/sljemeno-grebena-traka-300mm-5m\/#breadcrumb\"},\"inLanguage\":\"hr\",\"potentialAction\":[{\"@type\":\"ReadAction\",\"target\":[\"https:\/\/www.goldenglobe.hr\/index.php\/proizvod\/sljemeno-grebena-traka-300mm-5m\/\"]}]},{\"@type\":\"ImageObject\",\"inLanguage\":\"hr\",\"@id\":\"https:\/\/www.goldenglobe.hr\/index.php\/proizvod\/sljemeno-grebena-traka-300mm-5m\/#primaryimage\",\"url\":\"https:\/\/www.goldenglobe.hr\/wp-content\/uploads\/2023\/03\/sljemeno-grebena-traka-golden-globe-scaled.jpg\",\"contentUrl\":\"https:\/\/www.goldenglobe.hr\/wp-content\/uploads\/2023\/03\/sljemeno-grebena-traka-golden-globe-scaled.jpg\",\"width\":2560,\"height\":1920},{\"@type\":\"BreadcrumbList\",\"@id\":\"https:\/\/www.goldenglobe.hr\/index.php\/proizvod\/sljemeno-grebena-traka-300mm-5m\/#breadcrumb\",\"itemListElement\":[{\"@type\":\"ListItem\",\"position\":1,\"name\":\"Po\u010detna stranica\",\"item\":\"https:\/\/www.goldenglobe.hr\/\"},{\"@type\":\"ListItem\",\"position\":2,\"name\":\"Trgovina\",\"item\":\"https:\/\/www.goldenglobe.hr\/index.php\/trgovina\/\"},{\"@type\":\"ListItem\",\"position\":3,\"name\":\"Sljemeno Grebena Traka 300mm\/5m\"}]},{\"@type\":\"WebSite\",\"@id\":\"https:\/\/www.goldenglobe.hr\/#website\",\"url\":\"https:\/\/www.goldenglobe.hr\/\",\"name\":\"Golden Globe d.o.o.\",\"description\":\"Sve za krov na jednomu mjestu\",\"potentialAction\":[{\"@type\":\"SearchAction\",\"target\":{\"@type\":\"EntryPoint\",\"urlTemplate\":\"https:\/\/www.goldenglobe.hr\/?s={search_term_string}\"},\"query-input\":{\"@type\":\"PropertyValueSpecification\",\"valueRequired\":true,\"valueName\":\"search_term_string\"}}],\"inLanguage\":\"hr\"}]}<\/script>\n<!-- \/ Yoast SEO plugin. -->","yoast_head_json":{"title":"Sljemeno Grebena Traka 300mm\/5m - Golden Globe d.o.o.","robots":{"index":"index","follow":"follow","max-snippet":"max-snippet:-1","max-image-preview":"max-image-preview:large","max-video-preview":"max-video-preview:-1"},"canonical":"https:\/\/www.goldenglobe.hr\/index.php\/proizvod\/sljemeno-grebena-traka-300mm-5m\/","og_locale":"hr_HR","og_type":"article","og_title":"Sljemeno Grebena Traka 300mm\/5m - Golden Globe d.o.o.","og_description":"Sljemeno grebena traka je proizvod koji se koristi u gra\u0111evinskoj industriji za prekrivanje krova i poma\u017ee protiv ki\u0161e, snijega i drugih vremenskih uvjeta.\u00a0Sljemeno grebena traka je izra\u0111ena od fleksibilne i otporne bitumenske mase, koja se obi\u010dno nalazi na armiranoj mre\u017eici od staklenih vlakana. Traka je fleksibilna i lako se prilago\u0111ava obliku krova, \u0161to osigurava \u010dvrstu i nepropusnu vezu izme\u0111u dvaju krovnih nagiba.","og_url":"https:\/\/www.goldenglobe.hr\/index.php\/proizvod\/sljemeno-grebena-traka-300mm-5m\/","og_site_name":"Golden Globe d.o.o.","article_modified_time":"2024-01-30T16:25:48+00:00","og_image":[{"width":2560,"height":1920,"url":"https:\/\/www.goldenglobe.hr\/wp-content\/uploads\/2023\/03\/sljemeno-grebena-traka-golden-globe-scaled.jpg","type":"image\/jpeg"}],"twitter_card":"summary_large_image","twitter_misc":{"Procijenjeno vrijeme \u010ditanja":"1 minuta"},"schema":{"@context":"https:\/\/schema.org","@graph":[{"@type":"WebPage","@id":"https:\/\/www.goldenglobe.hr\/index.php\/proizvod\/sljemeno-grebena-traka-300mm-5m\/","url":"https:\/\/www.goldenglobe.hr\/index.php\/proizvod\/sljemeno-grebena-traka-300mm-5m\/","name":"Sljemeno Grebena Traka 300mm\/5m - Golden Globe d.o.o.","isPartOf":{"@id":"https:\/\/www.goldenglobe.hr\/#website"},"primaryImageOfPage":{"@id":"https:\/\/www.goldenglobe.hr\/index.php\/proizvod\/sljemeno-grebena-traka-300mm-5m\/#primaryimage"},"image":{"@id":"https:\/\/www.goldenglobe.hr\/index.php\/proizvod\/sljemeno-grebena-traka-300mm-5m\/#primaryimage"},"thumbnailUrl":"https:\/\/www.goldenglobe.hr\/wp-content\/uploads\/2023\/03\/sljemeno-grebena-traka-golden-globe-scaled.jpg","datePublished":"2023-03-19T13:37:33+00:00","dateModified":"2024-01-30T16:25:48+00:00","breadcrumb":{"@id":"https:\/\/www.goldenglobe.hr\/index.php\/proizvod\/sljemeno-grebena-traka-300mm-5m\/#breadcrumb"},"inLanguage":"hr","potentialAction":[{"@type":"ReadAction","target":["https:\/\/www.goldenglobe.hr\/index.php\/proizvod\/sljemeno-grebena-traka-300mm-5m\/"]}]},{"@type":"ImageObject","inLanguage":"hr","@id":"https:\/\/www.goldenglobe.hr\/index.php\/proizvod\/sljemeno-grebena-traka-300mm-5m\/#primaryimage","url":"https:\/\/www.goldenglobe.hr\/wp-content\/uploads\/2023\/03\/sljemeno-grebena-traka-golden-globe-scaled.jpg","contentUrl":"https:\/\/www.goldenglobe.hr\/wp-content\/uploads\/2023\/03\/sljemeno-grebena-traka-golden-globe-scaled.jpg","width":2560,"height":1920},{"@type":"BreadcrumbList","@id":"https:\/\/www.goldenglobe.hr\/index.php\/proizvod\/sljemeno-grebena-traka-300mm-5m\/#breadcrumb","itemListElement":[{"@type":"ListItem","position":1,"name":"Po\u010detna stranica","item":"https:\/\/www.goldenglobe.hr\/"},{"@type":"ListItem","position":2,"name":"Trgovina","item":"https:\/\/www.goldenglobe.hr\/index.php\/trgovina\/"},{"@type":"ListItem","position":3,"name":"Sljemeno Grebena Traka 300mm\/5m"}]},{"@type":"WebSite","@id":"https:\/\/www.goldenglobe.hr\/#website","url":"https:\/\/www.goldenglobe.hr\/","name":"Golden Globe d.o.o.","description":"Sve za krov na jednomu mjestu","potentialAction":[{"@type":"SearchAction","target":{"@type":"EntryPoint","urlTemplate":"https:\/\/www.goldenglobe.hr\/?s={search_term_string}"},"query-input":{"@type":"PropertyValueSpecification","valueRequired":true,"valueName":"search_term_string"}}],"inLanguage":"hr"}]}},"_links":{"self":[{"href":"https:\/\/www.goldenglobe.hr\/index.php\/wp-json\/wp\/v2\/product\/6491","targetHints":{"allow":["GET"]}}],"collection":[{"href":"https:\/\/www.goldenglobe.hr\/index.php\/wp-json\/wp\/v2\/product"}],"about":[{"href":"https:\/\/www.goldenglobe.hr\/index.php\/wp-json\/wp\/v2\/types\/product"}],"wp:featuredmedia":[{"embeddable":true,"href":"https:\/\/www.goldenglobe.hr\/index.php\/wp-json\/wp\/v2\/media\/6499"}],"wp:attachment":[{"href":"https:\/\/www.goldenglobe.hr\/index.php\/wp-json\/wp\/v2\/media?parent=6491"}],"wp:term":[{"taxonomy":"product_cat","embeddable":true,"href":"https:\/\/www.goldenglobe.hr\/index.php\/wp-json\/wp\/v2\/product_cat?post=6491"},{"taxonomy":"product_tag","embeddable":true,"href":"https:\/\/www.goldenglobe.hr\/index.php\/wp-json\/wp\/v2\/product_tag?post=6491"}],"curies":[{"name":"wp","href":"https:\/\/api.w.org\/{rel}","templated":true}]}}