{"id":6459,"date":"2023-03-18T15:02:39","date_gmt":"2023-03-18T15:02:39","guid":{"rendered":"https:\/\/www.goldenglobe.hr\/?post_type=product&#038;p=6459"},"modified":"2024-07-11T13:04:13","modified_gmt":"2024-07-11T13:04:13","slug":"snjegobran-oktavijan","status":"publish","type":"product","link":"https:\/\/www.goldenglobe.hr\/index.php\/proizvod\/snjegobran-oktavijan\/","title":{"rendered":"Snjegobrani za svaki crijep"},"content":{"rendered":"<p>U ponudi imamo snjegobrane za svaki crijep: BMI, BRAAS, Nexe, Tondach, Creaton, Jungmeier, itd. Nazovite na\u0161 tim oko bilo kakvih pitanja ili u napomeni tokom narud\u017ebe upi\u0161ite model crijepa za koji su Vam potrebni snjegobrani.<\/p>\n<p>RODACH krovna oprema je brend krovne opreme sa svim proizvodima pa\u017eljivo proizvedenima u EU. Svi RODACH proizvodi su proizvedeni za sve proizvo\u0111a\u010de crijepa (Tondach, Creaton, BMI, Nexe, Nelskamp, itd.). Razgovarajte sa na\u0161im timom kako bi adekvatno odabrali krovnu opremu za Va\u0161 krov i u\u0161tedite stotine eura!<\/p>\n","protected":false},"excerpt":{"rendered":"<p>U ponudi imamo snjegobrane za svaki crijep: BMI, BRAAS, Nexe, Tondach, Creaton, Jungmeier, itd. Nazovite na\u0161 tim oko bilo kakvih pitanja ili u napomeni tokom narud\u017ebe upi\u0161ite model crijepa za koji su Vam potrebni snjegobrani.<\/p>\n","protected":false},"featured_media":6408,"template":"","meta":[],"product_cat":[54],"product_tag":[],"class_list":{"0":"post-6459","1":"product","2":"type-product","3":"status-publish","4":"has-post-thumbnail","6":"product_cat-krovnaoprema","7":"col-12 col-sm-6 col-md-4 col-lg-3","9":"first","10":"instock","11":"taxable","12":"shipping-taxable","13":"purchasable","14":"product-type-variable"},"yoast_head":"<!-- This site is optimized with the Yoast SEO plugin v24.1 - https:\/\/yoast.com\/wordpress\/plugins\/seo\/ -->\n<title>Snjegobrani za svaki crijep - Golden Globe d.o.o.<\/title>\n<meta name=\"robots\" content=\"index, follow, max-snippet:-1, max-image-preview:large, max-video-preview:-1\" \/>\n<link rel=\"canonical\" href=\"https:\/\/www.goldenglobe.hr\/index.php\/proizvod\/snjegobran-oktavijan\/\" \/>\n<meta property=\"og:locale\" content=\"hr_HR\" \/>\n<meta property=\"og:type\" content=\"article\" \/>\n<meta property=\"og:title\" content=\"Snjegobrani za svaki crijep - Golden Globe d.o.o.\" \/>\n<meta property=\"og:description\" content=\"U ponudi imamo snjegobrane za svaki crijep: BMI, BRAAS, Nexe, Tondach, Creaton, Jungmeier, itd. Nazovite na\u0161 tim oko bilo kakvih pitanja ili u napomeni tokom narud\u017ebe upi\u0161ite model crijepa za koji su Vam potrebni snjegobrani.\" \/>\n<meta property=\"og:url\" content=\"https:\/\/www.goldenglobe.hr\/index.php\/proizvod\/snjegobran-oktavijan\/\" \/>\n<meta property=\"og:site_name\" content=\"Golden Globe d.o.o.\" \/>\n<meta property=\"article:modified_time\" content=\"2024-07-11T13:04:13+00:00\" \/>\n<meta property=\"og:image\" content=\"https:\/\/www.goldenglobe.hr\/wp-content\/uploads\/2023\/03\/snjegobran-golden-globe--scaled.jpg\" \/>\n\t<meta property=\"og:image:width\" content=\"2560\" \/>\n\t<meta property=\"og:image:height\" content=\"1920\" \/>\n\t<meta property=\"og:image:type\" content=\"image\/jpeg\" \/>\n<meta name=\"twitter:card\" content=\"summary_large_image\" \/>\n<meta name=\"twitter:label1\" content=\"Procijenjeno vrijeme \u010ditanja\" \/>\n\t<meta name=\"twitter:data1\" content=\"1 minuta\" \/>\n<script type=\"application\/ld+json\" class=\"yoast-schema-graph\">{\"@context\":\"https:\/\/schema.org\",\"@graph\":[{\"@type\":\"WebPage\",\"@id\":\"https:\/\/www.goldenglobe.hr\/index.php\/proizvod\/snjegobran-oktavijan\/\",\"url\":\"https:\/\/www.goldenglobe.hr\/index.php\/proizvod\/snjegobran-oktavijan\/\",\"name\":\"Snjegobrani za svaki crijep - Golden Globe d.o.o.\",\"isPartOf\":{\"@id\":\"https:\/\/www.goldenglobe.hr\/#website\"},\"primaryImageOfPage\":{\"@id\":\"https:\/\/www.goldenglobe.hr\/index.php\/proizvod\/snjegobran-oktavijan\/#primaryimage\"},\"image\":{\"@id\":\"https:\/\/www.goldenglobe.hr\/index.php\/proizvod\/snjegobran-oktavijan\/#primaryimage\"},\"thumbnailUrl\":\"https:\/\/www.goldenglobe.hr\/wp-content\/uploads\/2023\/03\/snjegobran-golden-globe--scaled.jpg\",\"datePublished\":\"2023-03-18T15:02:39+00:00\",\"dateModified\":\"2024-07-11T13:04:13+00:00\",\"breadcrumb\":{\"@id\":\"https:\/\/www.goldenglobe.hr\/index.php\/proizvod\/snjegobran-oktavijan\/#breadcrumb\"},\"inLanguage\":\"hr\",\"potentialAction\":[{\"@type\":\"ReadAction\",\"target\":[\"https:\/\/www.goldenglobe.hr\/index.php\/proizvod\/snjegobran-oktavijan\/\"]}]},{\"@type\":\"ImageObject\",\"inLanguage\":\"hr\",\"@id\":\"https:\/\/www.goldenglobe.hr\/index.php\/proizvod\/snjegobran-oktavijan\/#primaryimage\",\"url\":\"https:\/\/www.goldenglobe.hr\/wp-content\/uploads\/2023\/03\/snjegobran-golden-globe--scaled.jpg\",\"contentUrl\":\"https:\/\/www.goldenglobe.hr\/wp-content\/uploads\/2023\/03\/snjegobran-golden-globe--scaled.jpg\",\"width\":2560,\"height\":1920},{\"@type\":\"BreadcrumbList\",\"@id\":\"https:\/\/www.goldenglobe.hr\/index.php\/proizvod\/snjegobran-oktavijan\/#breadcrumb\",\"itemListElement\":[{\"@type\":\"ListItem\",\"position\":1,\"name\":\"Po\u010detna stranica\",\"item\":\"https:\/\/www.goldenglobe.hr\/\"},{\"@type\":\"ListItem\",\"position\":2,\"name\":\"Trgovina\",\"item\":\"https:\/\/www.goldenglobe.hr\/index.php\/trgovina\/\"},{\"@type\":\"ListItem\",\"position\":3,\"name\":\"Snjegobrani za svaki crijep\"}]},{\"@type\":\"WebSite\",\"@id\":\"https:\/\/www.goldenglobe.hr\/#website\",\"url\":\"https:\/\/www.goldenglobe.hr\/\",\"name\":\"Golden Globe d.o.o.\",\"description\":\"Sve za krov na jednomu mjestu\",\"potentialAction\":[{\"@type\":\"SearchAction\",\"target\":{\"@type\":\"EntryPoint\",\"urlTemplate\":\"https:\/\/www.goldenglobe.hr\/?s={search_term_string}\"},\"query-input\":{\"@type\":\"PropertyValueSpecification\",\"valueRequired\":true,\"valueName\":\"search_term_string\"}}],\"inLanguage\":\"hr\"}]}<\/script>\n<!-- \/ Yoast SEO plugin. -->","yoast_head_json":{"title":"Snjegobrani za svaki crijep - Golden Globe d.o.o.","robots":{"index":"index","follow":"follow","max-snippet":"max-snippet:-1","max-image-preview":"max-image-preview:large","max-video-preview":"max-video-preview:-1"},"canonical":"https:\/\/www.goldenglobe.hr\/index.php\/proizvod\/snjegobran-oktavijan\/","og_locale":"hr_HR","og_type":"article","og_title":"Snjegobrani za svaki crijep - Golden Globe d.o.o.","og_description":"U ponudi imamo snjegobrane za svaki crijep: BMI, BRAAS, Nexe, Tondach, Creaton, Jungmeier, itd. Nazovite na\u0161 tim oko bilo kakvih pitanja ili u napomeni tokom narud\u017ebe upi\u0161ite model crijepa za koji su Vam potrebni snjegobrani.","og_url":"https:\/\/www.goldenglobe.hr\/index.php\/proizvod\/snjegobran-oktavijan\/","og_site_name":"Golden Globe d.o.o.","article_modified_time":"2024-07-11T13:04:13+00:00","og_image":[{"width":2560,"height":1920,"url":"https:\/\/www.goldenglobe.hr\/wp-content\/uploads\/2023\/03\/snjegobran-golden-globe--scaled.jpg","type":"image\/jpeg"}],"twitter_card":"summary_large_image","twitter_misc":{"Procijenjeno vrijeme \u010ditanja":"1 minuta"},"schema":{"@context":"https:\/\/schema.org","@graph":[{"@type":"WebPage","@id":"https:\/\/www.goldenglobe.hr\/index.php\/proizvod\/snjegobran-oktavijan\/","url":"https:\/\/www.goldenglobe.hr\/index.php\/proizvod\/snjegobran-oktavijan\/","name":"Snjegobrani za svaki crijep - Golden Globe d.o.o.","isPartOf":{"@id":"https:\/\/www.goldenglobe.hr\/#website"},"primaryImageOfPage":{"@id":"https:\/\/www.goldenglobe.hr\/index.php\/proizvod\/snjegobran-oktavijan\/#primaryimage"},"image":{"@id":"https:\/\/www.goldenglobe.hr\/index.php\/proizvod\/snjegobran-oktavijan\/#primaryimage"},"thumbnailUrl":"https:\/\/www.goldenglobe.hr\/wp-content\/uploads\/2023\/03\/snjegobran-golden-globe--scaled.jpg","datePublished":"2023-03-18T15:02:39+00:00","dateModified":"2024-07-11T13:04:13+00:00","breadcrumb":{"@id":"https:\/\/www.goldenglobe.hr\/index.php\/proizvod\/snjegobran-oktavijan\/#breadcrumb"},"inLanguage":"hr","potentialAction":[{"@type":"ReadAction","target":["https:\/\/www.goldenglobe.hr\/index.php\/proizvod\/snjegobran-oktavijan\/"]}]},{"@type":"ImageObject","inLanguage":"hr","@id":"https:\/\/www.goldenglobe.hr\/index.php\/proizvod\/snjegobran-oktavijan\/#primaryimage","url":"https:\/\/www.goldenglobe.hr\/wp-content\/uploads\/2023\/03\/snjegobran-golden-globe--scaled.jpg","contentUrl":"https:\/\/www.goldenglobe.hr\/wp-content\/uploads\/2023\/03\/snjegobran-golden-globe--scaled.jpg","width":2560,"height":1920},{"@type":"BreadcrumbList","@id":"https:\/\/www.goldenglobe.hr\/index.php\/proizvod\/snjegobran-oktavijan\/#breadcrumb","itemListElement":[{"@type":"ListItem","position":1,"name":"Po\u010detna stranica","item":"https:\/\/www.goldenglobe.hr\/"},{"@type":"ListItem","position":2,"name":"Trgovina","item":"https:\/\/www.goldenglobe.hr\/index.php\/trgovina\/"},{"@type":"ListItem","position":3,"name":"Snjegobrani za svaki crijep"}]},{"@type":"WebSite","@id":"https:\/\/www.goldenglobe.hr\/#website","url":"https:\/\/www.goldenglobe.hr\/","name":"Golden Globe d.o.o.","description":"Sve za krov na jednomu mjestu","potentialAction":[{"@type":"SearchAction","target":{"@type":"EntryPoint","urlTemplate":"https:\/\/www.goldenglobe.hr\/?s={search_term_string}"},"query-input":{"@type":"PropertyValueSpecification","valueRequired":true,"valueName":"search_term_string"}}],"inLanguage":"hr"}]}},"_links":{"self":[{"href":"https:\/\/www.goldenglobe.hr\/index.php\/wp-json\/wp\/v2\/product\/6459","targetHints":{"allow":["GET"]}}],"collection":[{"href":"https:\/\/www.goldenglobe.hr\/index.php\/wp-json\/wp\/v2\/product"}],"about":[{"href":"https:\/\/www.goldenglobe.hr\/index.php\/wp-json\/wp\/v2\/types\/product"}],"wp:featuredmedia":[{"embeddable":true,"href":"https:\/\/www.goldenglobe.hr\/index.php\/wp-json\/wp\/v2\/media\/6408"}],"wp:attachment":[{"href":"https:\/\/www.goldenglobe.hr\/index.php\/wp-json\/wp\/v2\/media?parent=6459"}],"wp:term":[{"taxonomy":"product_cat","embeddable":true,"href":"https:\/\/www.goldenglobe.hr\/index.php\/wp-json\/wp\/v2\/product_cat?post=6459"},{"taxonomy":"product_tag","embeddable":true,"href":"https:\/\/www.goldenglobe.hr\/index.php\/wp-json\/wp\/v2\/product_tag?post=6459"}],"curies":[{"name":"wp","href":"https:\/\/api.w.org\/{rel}","templated":true}]}}