{"id":6370,"date":"2023-03-17T07:26:12","date_gmt":"2023-03-17T07:26:12","guid":{"rendered":"https:\/\/www.goldenglobe.hr\/?post_type=product&#038;p=6370"},"modified":"2025-01-30T08:46:53","modified_gmt":"2025-01-30T08:46:53","slug":"rostep-male-kucne-aluminijske-ljestve","status":"publish","type":"product","link":"https:\/\/www.goldenglobe.hr\/index.php\/proizvod\/rostep-male-kucne-aluminijske-ljestve\/","title":{"rendered":"ROSTEP male ku\u0107ne aluminijske ljestve &#8211; 2&#215;3"},"content":{"rendered":"<p>Rostep male ku\u0107ne aluminijske ljestve su prakti\u010dan proizvod za va\u0161e svakodnevne potrebe, bez obzira radi li se o kori\u0161tenju u ku\u0107i, stanu ili na poslu. Izra\u0111ene su od kvalitetnog aluminijskog materijala koji osigurava stabilnost i sigurnost pri radu na visinama. Imaju \u0161iroke i sigurne stepenice, kao i antistati\u010dki premaz koji sprje\u010dava klizanje i omogu\u0107uje pouzdanu upotrebu u razli\u010ditim uvjetima. Ljestve su dostupne u razli\u010ditim veli\u010dinama i oblicima, \u0161to ih \u010dini prilagodljivim za \u0161irok raspon zadataka i okru\u017eenja.<\/p>\n<p>Opcije veli\u010dina Rostep malih ku\u0107nih aluminijskih ljestvi su: 2&#215;3<\/p>\n<p>Rostep male ku\u0107ne aluminijske ljestve idealne su za svakodneno kori\u0161tenje na mjestima gdje Vam nedostaje &#8220;par centimetara visine&#8221;. Male su i uvijek dostupne, ne zauzimaju puno mjesta u prtlja\u017eniku Va\u0161eg automobila ili ostave. One mogu slu\u017eiti kao: stoje\u0107e ljestve, ljestve za prislanjanje i kao produ\u017eene ljestve. Zahvaljuju\u0107i svojoj laganoj konstrukciji i funkcionalnosti, ove ljestve zna\u010dajno olak\u0161avaju izvo\u0111enje radova u ku\u0107i kao i kod profesionalnog kori\u0161tenja za popravak i ugradnju elektri\u010dnih instalacija i sli\u010dno. Uz kratak pregled tehni\u010dkih karakteristika, mo\u017eete prona\u0107i model koji najbolje odgovara va\u0161im potrebama<\/p>\n","protected":false},"excerpt":{"rendered":"<p>Rostep male ku\u0107ne aluminijske ljestve idealne su za svakodneno kori\u0161tenje na mjestima gdje Vam nedostaje &#8220;par centimetara visine&#8221;. Male su i uvijek dostupne, ne zauzimaju puno mjesta u prtlja\u017eniku Va\u0161eg automobila ili ostave. One mogu slu\u017eiti kao: stoje\u0107e ljestve, ljestve za prislanjanje i kao produ\u017eene ljestve. Zahvaljuju\u0107i svojoj laganoj konstrukciji i funkcionalnosti, ove ljestve zna\u010dajno olak\u0161avaju izvo\u0111enje radova u ku\u0107i kao i kod profesionalnog kori\u0161tenja za popravak i ugradnju elektri\u010dnih instalacija i sli\u010dno. Uz kratak pregled tehni\u010dkih karakteristika, mo\u017eete prona\u0107i model koji najbolje odgovara va\u0161im potrebama. Opcije veli\u010dina Rostep malih ku\u0107nih aluminijskih ljestvi su: 2&#215;3<\/p>\n","protected":false},"featured_media":6351,"template":"","meta":[],"product_cat":[59],"product_tag":[],"class_list":{"0":"post-6370","1":"product","2":"type-product","3":"status-publish","4":"has-post-thumbnail","6":"product_cat-aluminijske-ljestve","7":"col-12 col-sm-6 col-md-4 col-lg-3","9":"first","10":"instock","11":"taxable","12":"shipping-taxable","13":"purchasable","14":"product-type-variable"},"yoast_head":"<!-- This site is optimized with the Yoast SEO plugin v24.1 - https:\/\/yoast.com\/wordpress\/plugins\/seo\/ -->\n<title>ROSTEP male ku\u0107ne aluminijske ljestve - 2x3 - male ljestve za svakodnevnu upotrebu<\/title>\n<meta name=\"description\" content=\"Jednostavne i prakti\u010dne male ljestve za svakodnevno kori\u0161tenje u raznim prigodama. Dimenzije 3x2. Izra\u0111ene su od kvalitetnog aluminijskog materijala koji osigurava stabilnost i sigurnost pri radu na visinama. Imaju \u0161iroke i sigurne stepenice, kao i antistati\u010dki premaz koji sprje\u010dava klizanje i omogu\u0107uje pouzdanu upotrebu u razli\u010ditim uvjetima.\" \/>\n<meta name=\"robots\" content=\"index, follow, max-snippet:-1, max-image-preview:large, max-video-preview:-1\" \/>\n<link rel=\"canonical\" href=\"https:\/\/www.goldenglobe.hr\/index.php\/proizvod\/rostep-male-kucne-aluminijske-ljestve\/\" \/>\n<meta property=\"og:locale\" content=\"hr_HR\" \/>\n<meta property=\"og:type\" content=\"article\" \/>\n<meta property=\"og:title\" content=\"ROSTEP male ku\u0107ne aluminijske ljestve - 2x3 - male ljestve za svakodnevnu upotrebu\" \/>\n<meta property=\"og:description\" content=\"Jednostavne i prakti\u010dne male ljestve za svakodnevno kori\u0161tenje u raznim prigodama. Dimenzije 3x2. Izra\u0111ene su od kvalitetnog aluminijskog materijala koji osigurava stabilnost i sigurnost pri radu na visinama. Imaju \u0161iroke i sigurne stepenice, kao i antistati\u010dki premaz koji sprje\u010dava klizanje i omogu\u0107uje pouzdanu upotrebu u razli\u010ditim uvjetima.\" \/>\n<meta property=\"og:url\" content=\"https:\/\/www.goldenglobe.hr\/index.php\/proizvod\/rostep-male-kucne-aluminijske-ljestve\/\" \/>\n<meta property=\"og:site_name\" content=\"Golden Globe d.o.o.\" \/>\n<meta property=\"article:modified_time\" content=\"2025-01-30T08:46:53+00:00\" \/>\n<meta property=\"og:image\" content=\"https:\/\/www.goldenglobe.hr\/wp-content\/uploads\/2023\/03\/Rostep-Male-Kucne-Aluminijske-Ljestve.png\" \/>\n\t<meta property=\"og:image:width\" content=\"524\" \/>\n\t<meta property=\"og:image:height\" content=\"496\" \/>\n\t<meta property=\"og:image:type\" content=\"image\/png\" \/>\n<meta name=\"twitter:card\" content=\"summary_large_image\" \/>\n<meta name=\"twitter:label1\" content=\"Procijenjeno vrijeme \u010ditanja\" \/>\n\t<meta name=\"twitter:data1\" content=\"2 minute\" \/>\n<script type=\"application\/ld+json\" class=\"yoast-schema-graph\">{\"@context\":\"https:\/\/schema.org\",\"@graph\":[{\"@type\":\"WebPage\",\"@id\":\"https:\/\/www.goldenglobe.hr\/index.php\/proizvod\/rostep-male-kucne-aluminijske-ljestve\/\",\"url\":\"https:\/\/www.goldenglobe.hr\/index.php\/proizvod\/rostep-male-kucne-aluminijske-ljestve\/\",\"name\":\"ROSTEP male ku\u0107ne aluminijske ljestve - 2x3 - male ljestve za svakodnevnu upotrebu\",\"isPartOf\":{\"@id\":\"https:\/\/www.goldenglobe.hr\/#website\"},\"primaryImageOfPage\":{\"@id\":\"https:\/\/www.goldenglobe.hr\/index.php\/proizvod\/rostep-male-kucne-aluminijske-ljestve\/#primaryimage\"},\"image\":{\"@id\":\"https:\/\/www.goldenglobe.hr\/index.php\/proizvod\/rostep-male-kucne-aluminijske-ljestve\/#primaryimage\"},\"thumbnailUrl\":\"https:\/\/www.goldenglobe.hr\/wp-content\/uploads\/2023\/03\/Rostep-Male-Kucne-Aluminijske-Ljestve.png\",\"datePublished\":\"2023-03-17T07:26:12+00:00\",\"dateModified\":\"2025-01-30T08:46:53+00:00\",\"description\":\"Jednostavne i prakti\u010dne male ljestve za svakodnevno kori\u0161tenje u raznim prigodama. Dimenzije 3x2. Izra\u0111ene su od kvalitetnog aluminijskog materijala koji osigurava stabilnost i sigurnost pri radu na visinama. Imaju \u0161iroke i sigurne stepenice, kao i antistati\u010dki premaz koji sprje\u010dava klizanje i omogu\u0107uje pouzdanu upotrebu u razli\u010ditim uvjetima.\",\"breadcrumb\":{\"@id\":\"https:\/\/www.goldenglobe.hr\/index.php\/proizvod\/rostep-male-kucne-aluminijske-ljestve\/#breadcrumb\"},\"inLanguage\":\"hr\",\"potentialAction\":[{\"@type\":\"ReadAction\",\"target\":[\"https:\/\/www.goldenglobe.hr\/index.php\/proizvod\/rostep-male-kucne-aluminijske-ljestve\/\"]}]},{\"@type\":\"ImageObject\",\"inLanguage\":\"hr\",\"@id\":\"https:\/\/www.goldenglobe.hr\/index.php\/proizvod\/rostep-male-kucne-aluminijske-ljestve\/#primaryimage\",\"url\":\"https:\/\/www.goldenglobe.hr\/wp-content\/uploads\/2023\/03\/Rostep-Male-Kucne-Aluminijske-Ljestve.png\",\"contentUrl\":\"https:\/\/www.goldenglobe.hr\/wp-content\/uploads\/2023\/03\/Rostep-Male-Kucne-Aluminijske-Ljestve.png\",\"width\":524,\"height\":496,\"caption\":\"Rostep Male Kuc\u0301ne Aluminijske Ljestve\"},{\"@type\":\"BreadcrumbList\",\"@id\":\"https:\/\/www.goldenglobe.hr\/index.php\/proizvod\/rostep-male-kucne-aluminijske-ljestve\/#breadcrumb\",\"itemListElement\":[{\"@type\":\"ListItem\",\"position\":1,\"name\":\"Po\u010detna stranica\",\"item\":\"https:\/\/www.goldenglobe.hr\/\"},{\"@type\":\"ListItem\",\"position\":2,\"name\":\"Trgovina\",\"item\":\"https:\/\/www.goldenglobe.hr\/index.php\/trgovina\/\"},{\"@type\":\"ListItem\",\"position\":3,\"name\":\"ROSTEP male ku\u0107ne aluminijske ljestve &#8211; 2&#215;3\"}]},{\"@type\":\"WebSite\",\"@id\":\"https:\/\/www.goldenglobe.hr\/#website\",\"url\":\"https:\/\/www.goldenglobe.hr\/\",\"name\":\"Golden Globe d.o.o.\",\"description\":\"Sve za krov na jednomu mjestu\",\"potentialAction\":[{\"@type\":\"SearchAction\",\"target\":{\"@type\":\"EntryPoint\",\"urlTemplate\":\"https:\/\/www.goldenglobe.hr\/?s={search_term_string}\"},\"query-input\":{\"@type\":\"PropertyValueSpecification\",\"valueRequired\":true,\"valueName\":\"search_term_string\"}}],\"inLanguage\":\"hr\"}]}<\/script>\n<!-- \/ Yoast SEO plugin. -->","yoast_head_json":{"title":"ROSTEP male ku\u0107ne aluminijske ljestve - 2x3 - male ljestve za svakodnevnu upotrebu","description":"Jednostavne i prakti\u010dne male ljestve za svakodnevno kori\u0161tenje u raznim prigodama. Dimenzije 3x2. Izra\u0111ene su od kvalitetnog aluminijskog materijala koji osigurava stabilnost i sigurnost pri radu na visinama. Imaju \u0161iroke i sigurne stepenice, kao i antistati\u010dki premaz koji sprje\u010dava klizanje i omogu\u0107uje pouzdanu upotrebu u razli\u010ditim uvjetima.","robots":{"index":"index","follow":"follow","max-snippet":"max-snippet:-1","max-image-preview":"max-image-preview:large","max-video-preview":"max-video-preview:-1"},"canonical":"https:\/\/www.goldenglobe.hr\/index.php\/proizvod\/rostep-male-kucne-aluminijske-ljestve\/","og_locale":"hr_HR","og_type":"article","og_title":"ROSTEP male ku\u0107ne aluminijske ljestve - 2x3 - male ljestve za svakodnevnu upotrebu","og_description":"Jednostavne i prakti\u010dne male ljestve za svakodnevno kori\u0161tenje u raznim prigodama. Dimenzije 3x2. Izra\u0111ene su od kvalitetnog aluminijskog materijala koji osigurava stabilnost i sigurnost pri radu na visinama. Imaju \u0161iroke i sigurne stepenice, kao i antistati\u010dki premaz koji sprje\u010dava klizanje i omogu\u0107uje pouzdanu upotrebu u razli\u010ditim uvjetima.","og_url":"https:\/\/www.goldenglobe.hr\/index.php\/proizvod\/rostep-male-kucne-aluminijske-ljestve\/","og_site_name":"Golden Globe d.o.o.","article_modified_time":"2025-01-30T08:46:53+00:00","og_image":[{"width":524,"height":496,"url":"https:\/\/www.goldenglobe.hr\/wp-content\/uploads\/2023\/03\/Rostep-Male-Kucne-Aluminijske-Ljestve.png","type":"image\/png"}],"twitter_card":"summary_large_image","twitter_misc":{"Procijenjeno vrijeme \u010ditanja":"2 minute"},"schema":{"@context":"https:\/\/schema.org","@graph":[{"@type":"WebPage","@id":"https:\/\/www.goldenglobe.hr\/index.php\/proizvod\/rostep-male-kucne-aluminijske-ljestve\/","url":"https:\/\/www.goldenglobe.hr\/index.php\/proizvod\/rostep-male-kucne-aluminijske-ljestve\/","name":"ROSTEP male ku\u0107ne aluminijske ljestve - 2x3 - male ljestve za svakodnevnu upotrebu","isPartOf":{"@id":"https:\/\/www.goldenglobe.hr\/#website"},"primaryImageOfPage":{"@id":"https:\/\/www.goldenglobe.hr\/index.php\/proizvod\/rostep-male-kucne-aluminijske-ljestve\/#primaryimage"},"image":{"@id":"https:\/\/www.goldenglobe.hr\/index.php\/proizvod\/rostep-male-kucne-aluminijske-ljestve\/#primaryimage"},"thumbnailUrl":"https:\/\/www.goldenglobe.hr\/wp-content\/uploads\/2023\/03\/Rostep-Male-Kucne-Aluminijske-Ljestve.png","datePublished":"2023-03-17T07:26:12+00:00","dateModified":"2025-01-30T08:46:53+00:00","description":"Jednostavne i prakti\u010dne male ljestve za svakodnevno kori\u0161tenje u raznim prigodama. Dimenzije 3x2. Izra\u0111ene su od kvalitetnog aluminijskog materijala koji osigurava stabilnost i sigurnost pri radu na visinama. Imaju \u0161iroke i sigurne stepenice, kao i antistati\u010dki premaz koji sprje\u010dava klizanje i omogu\u0107uje pouzdanu upotrebu u razli\u010ditim uvjetima.","breadcrumb":{"@id":"https:\/\/www.goldenglobe.hr\/index.php\/proizvod\/rostep-male-kucne-aluminijske-ljestve\/#breadcrumb"},"inLanguage":"hr","potentialAction":[{"@type":"ReadAction","target":["https:\/\/www.goldenglobe.hr\/index.php\/proizvod\/rostep-male-kucne-aluminijske-ljestve\/"]}]},{"@type":"ImageObject","inLanguage":"hr","@id":"https:\/\/www.goldenglobe.hr\/index.php\/proizvod\/rostep-male-kucne-aluminijske-ljestve\/#primaryimage","url":"https:\/\/www.goldenglobe.hr\/wp-content\/uploads\/2023\/03\/Rostep-Male-Kucne-Aluminijske-Ljestve.png","contentUrl":"https:\/\/www.goldenglobe.hr\/wp-content\/uploads\/2023\/03\/Rostep-Male-Kucne-Aluminijske-Ljestve.png","width":524,"height":496,"caption":"Rostep Male Kuc\u0301ne Aluminijske Ljestve"},{"@type":"BreadcrumbList","@id":"https:\/\/www.goldenglobe.hr\/index.php\/proizvod\/rostep-male-kucne-aluminijske-ljestve\/#breadcrumb","itemListElement":[{"@type":"ListItem","position":1,"name":"Po\u010detna stranica","item":"https:\/\/www.goldenglobe.hr\/"},{"@type":"ListItem","position":2,"name":"Trgovina","item":"https:\/\/www.goldenglobe.hr\/index.php\/trgovina\/"},{"@type":"ListItem","position":3,"name":"ROSTEP male ku\u0107ne aluminijske ljestve &#8211; 2&#215;3"}]},{"@type":"WebSite","@id":"https:\/\/www.goldenglobe.hr\/#website","url":"https:\/\/www.goldenglobe.hr\/","name":"Golden Globe d.o.o.","description":"Sve za krov na jednomu mjestu","potentialAction":[{"@type":"SearchAction","target":{"@type":"EntryPoint","urlTemplate":"https:\/\/www.goldenglobe.hr\/?s={search_term_string}"},"query-input":{"@type":"PropertyValueSpecification","valueRequired":true,"valueName":"search_term_string"}}],"inLanguage":"hr"}]}},"_links":{"self":[{"href":"https:\/\/www.goldenglobe.hr\/index.php\/wp-json\/wp\/v2\/product\/6370","targetHints":{"allow":["GET"]}}],"collection":[{"href":"https:\/\/www.goldenglobe.hr\/index.php\/wp-json\/wp\/v2\/product"}],"about":[{"href":"https:\/\/www.goldenglobe.hr\/index.php\/wp-json\/wp\/v2\/types\/product"}],"wp:featuredmedia":[{"embeddable":true,"href":"https:\/\/www.goldenglobe.hr\/index.php\/wp-json\/wp\/v2\/media\/6351"}],"wp:attachment":[{"href":"https:\/\/www.goldenglobe.hr\/index.php\/wp-json\/wp\/v2\/media?parent=6370"}],"wp:term":[{"taxonomy":"product_cat","embeddable":true,"href":"https:\/\/www.goldenglobe.hr\/index.php\/wp-json\/wp\/v2\/product_cat?post=6370"},{"taxonomy":"product_tag","embeddable":true,"href":"https:\/\/www.goldenglobe.hr\/index.php\/wp-json\/wp\/v2\/product_tag?post=6370"}],"curies":[{"name":"wp","href":"https:\/\/api.w.org\/{rel}","templated":true}]}}