{"id":6361,"date":"2023-03-17T07:04:08","date_gmt":"2023-03-17T07:04:08","guid":{"rendered":"https:\/\/www.goldenglobe.hr\/?post_type=product&#038;p=6361"},"modified":"2025-01-30T08:48:25","modified_gmt":"2025-01-30T08:48:25","slug":"rostep-kucne-aluminijske-ljestve","status":"publish","type":"product","link":"https:\/\/www.goldenglobe.hr\/index.php\/proizvod\/rostep-kucne-aluminijske-ljestve\/","title":{"rendered":"ROSTEP ku\u0107ne aluminijske ljestve &#8211; 2+1, 3+1, 4+1, 5+1, 6+1, 7+1"},"content":{"rendered":"<p>Rostep ku\u0107ne aluminijske ljestve su prakti\u010dan proizvod za va\u0161e svrhe u ku\u0107anstvu, dvori\u0161tu, vrtu, te drugim aktvinostima. Izra\u0111ene su od kvalitetnog aluminijskog materijala koji osigurava stabilnost i sigurnost pri radu na visinama. Imaju \u0161iroke i sigurne stepenice, kao i antistati\u010dki premaz koji sprje\u010dava klizanje i omogu\u0107uje pouzdanu upotrebu u razli\u010ditim uvjetima. Ljestve su dostupne u razli\u010ditim veli\u010dinama i oblicima, \u0161to ih \u010dini prilagodljivim za \u0161irok raspon zadataka i okru\u017eenja.<\/p>\n<p>Opcije veli\u010dina Rostep ku\u0107nih aluminijskih ljestvi su: 2+1. 3+1, 4+1, 5+1, 6+1, i 7+1<\/p>\n<p>Rostep ku\u0107ne aluminijske ljestve idealne su za svakodnevno kori\u0161tenje u ku\u0107anstvu ili na poslu. Zahvaljuju\u0107i svojoj laganoj konstrukciji i funkcionalnosti, ove ljestve zna\u010dajno olak\u0161avaju izvo\u0111enje radova. Uz kratak pregled tehni\u010dkih karakteristika, mo\u017eete prona\u0107i model koji najbolje odgovara va\u0161im potrebama.<\/p>\n<p>Tehni\u010dke specifikacije:<\/p>\n<p><img loading=\"lazy\" decoding=\"async\" class=\"alignnone size-medium wp-image-6571\" src=\"https:\/\/www.goldenglobe.hr\/wp-content\/uploads\/2023\/03\/Screenshot-2023-03-21-at-08.05.46-300x189.png\" alt=\"\" width=\"300\" height=\"189\" srcset=\"https:\/\/www.goldenglobe.hr\/wp-content\/uploads\/2023\/03\/Screenshot-2023-03-21-at-08.05.46-300x189.png 300w, https:\/\/www.goldenglobe.hr\/wp-content\/uploads\/2023\/03\/Screenshot-2023-03-21-at-08.05.46-1024x644.png 1024w, https:\/\/www.goldenglobe.hr\/wp-content\/uploads\/2023\/03\/Screenshot-2023-03-21-at-08.05.46-768x483.png 768w, https:\/\/www.goldenglobe.hr\/wp-content\/uploads\/2023\/03\/Screenshot-2023-03-21-at-08.05.46-600x377.png 600w, https:\/\/www.goldenglobe.hr\/wp-content\/uploads\/2023\/03\/Screenshot-2023-03-21-at-08.05.46.png 1255w\" sizes=\"auto, (max-width: 300px) 100vw, 300px\" \/><\/p>\n","protected":false},"excerpt":{"rendered":"<p>Rostep ku\u0107ne aluminijske ljestve idealne su za rsvakodnevno kori\u0161tenje u ku\u0107anstvu ili na poslu. Zahvaljuju\u0107i svojoj laganoj konstrukciji i funkcionalnosti, ove ljestve zna\u010dajno olak\u0161avaju izvo\u0111enje radova. Uz kratak pregled tehni\u010dkih karakteristika, mo\u017eete prona\u0107i model koji najbolje odgovara va\u0161im potrebama. Opcije veli\u010dina Rostep ku\u0107nih aluminijskih ljestvi su: 2+1. 3+1, 4+1, 5+1, 6+1, i 7+1<\/p>\n","protected":false},"featured_media":6354,"template":"","meta":[],"product_cat":[59],"product_tag":[],"class_list":{"0":"post-6361","1":"product","2":"type-product","3":"status-publish","4":"has-post-thumbnail","6":"product_cat-aluminijske-ljestve","7":"col-12 col-sm-6 col-md-4 col-lg-3","9":"first","10":"instock","11":"taxable","12":"shipping-taxable","13":"purchasable","14":"product-type-variable"},"yoast_head":"<!-- This site is optimized with the Yoast SEO plugin v24.1 - https:\/\/yoast.com\/wordpress\/plugins\/seo\/ -->\n<title>ROSTEP ku\u0107ne aluminijske ljestve - 2+1, 3+1, 4+1, 5+1, 6+1, 7+1 - Ljestve visoka kvaliteta<\/title>\n<meta name=\"description\" content=\"Rostep ku\u0107ne aluminijske ljestve su prakti\u010dan proizvod za va\u0161e svrhe u ku\u0107anstvu, dvori\u0161tu, vrtu, te drugim aktvinostima. Izra\u0111ene su od kvalitetnog aluminijskog materijala koji osigurava stabilnost i sigurnost pri radu na visinama. Imaju \u0161iroke i sigurne stepenice, kao i antistati\u010dki premaz koji sprje\u010dava klizanje i omogu\u0107uje pouzdanu upotrebu u razli\u010ditim uvjetima\" \/>\n<meta name=\"robots\" content=\"index, follow, max-snippet:-1, max-image-preview:large, max-video-preview:-1\" \/>\n<link rel=\"canonical\" href=\"https:\/\/www.goldenglobe.hr\/index.php\/proizvod\/rostep-kucne-aluminijske-ljestve\/\" \/>\n<meta property=\"og:locale\" content=\"hr_HR\" \/>\n<meta property=\"og:type\" content=\"article\" \/>\n<meta property=\"og:title\" content=\"ROSTEP ku\u0107ne aluminijske ljestve - 2+1, 3+1, 4+1, 5+1, 6+1, 7+1 - Ljestve visoka kvaliteta\" \/>\n<meta property=\"og:description\" content=\"Rostep ku\u0107ne aluminijske ljestve su prakti\u010dan proizvod za va\u0161e svrhe u ku\u0107anstvu, dvori\u0161tu, vrtu, te drugim aktvinostima. Izra\u0111ene su od kvalitetnog aluminijskog materijala koji osigurava stabilnost i sigurnost pri radu na visinama. Imaju \u0161iroke i sigurne stepenice, kao i antistati\u010dki premaz koji sprje\u010dava klizanje i omogu\u0107uje pouzdanu upotrebu u razli\u010ditim uvjetima\" \/>\n<meta property=\"og:url\" content=\"https:\/\/www.goldenglobe.hr\/index.php\/proizvod\/rostep-kucne-aluminijske-ljestve\/\" \/>\n<meta property=\"og:site_name\" content=\"Golden Globe d.o.o.\" \/>\n<meta property=\"article:modified_time\" content=\"2025-01-30T08:48:25+00:00\" \/>\n<meta property=\"og:image\" content=\"https:\/\/www.goldenglobe.hr\/wp-content\/uploads\/2023\/03\/Rostep-Kucne-Aluminijske-Ljestve-1.png\" \/>\n\t<meta property=\"og:image:width\" content=\"594\" \/>\n\t<meta property=\"og:image:height\" content=\"594\" \/>\n\t<meta property=\"og:image:type\" content=\"image\/png\" \/>\n<meta name=\"twitter:card\" content=\"summary_large_image\" \/>\n<meta name=\"twitter:label1\" content=\"Procijenjeno vrijeme \u010ditanja\" \/>\n\t<meta name=\"twitter:data1\" content=\"2 minute\" \/>\n<script type=\"application\/ld+json\" class=\"yoast-schema-graph\">{\"@context\":\"https:\/\/schema.org\",\"@graph\":[{\"@type\":\"WebPage\",\"@id\":\"https:\/\/www.goldenglobe.hr\/index.php\/proizvod\/rostep-kucne-aluminijske-ljestve\/\",\"url\":\"https:\/\/www.goldenglobe.hr\/index.php\/proizvod\/rostep-kucne-aluminijske-ljestve\/\",\"name\":\"ROSTEP ku\u0107ne aluminijske ljestve - 2+1, 3+1, 4+1, 5+1, 6+1, 7+1 - Ljestve visoka kvaliteta\",\"isPartOf\":{\"@id\":\"https:\/\/www.goldenglobe.hr\/#website\"},\"primaryImageOfPage\":{\"@id\":\"https:\/\/www.goldenglobe.hr\/index.php\/proizvod\/rostep-kucne-aluminijske-ljestve\/#primaryimage\"},\"image\":{\"@id\":\"https:\/\/www.goldenglobe.hr\/index.php\/proizvod\/rostep-kucne-aluminijske-ljestve\/#primaryimage\"},\"thumbnailUrl\":\"https:\/\/www.goldenglobe.hr\/wp-content\/uploads\/2023\/03\/Rostep-Kucne-Aluminijske-Ljestve-1.png\",\"datePublished\":\"2023-03-17T07:04:08+00:00\",\"dateModified\":\"2025-01-30T08:48:25+00:00\",\"description\":\"Rostep ku\u0107ne aluminijske ljestve su prakti\u010dan proizvod za va\u0161e svrhe u ku\u0107anstvu, dvori\u0161tu, vrtu, te drugim aktvinostima. Izra\u0111ene su od kvalitetnog aluminijskog materijala koji osigurava stabilnost i sigurnost pri radu na visinama. Imaju \u0161iroke i sigurne stepenice, kao i antistati\u010dki premaz koji sprje\u010dava klizanje i omogu\u0107uje pouzdanu upotrebu u razli\u010ditim uvjetima\",\"breadcrumb\":{\"@id\":\"https:\/\/www.goldenglobe.hr\/index.php\/proizvod\/rostep-kucne-aluminijske-ljestve\/#breadcrumb\"},\"inLanguage\":\"hr\",\"potentialAction\":[{\"@type\":\"ReadAction\",\"target\":[\"https:\/\/www.goldenglobe.hr\/index.php\/proizvod\/rostep-kucne-aluminijske-ljestve\/\"]}]},{\"@type\":\"ImageObject\",\"inLanguage\":\"hr\",\"@id\":\"https:\/\/www.goldenglobe.hr\/index.php\/proizvod\/rostep-kucne-aluminijske-ljestve\/#primaryimage\",\"url\":\"https:\/\/www.goldenglobe.hr\/wp-content\/uploads\/2023\/03\/Rostep-Kucne-Aluminijske-Ljestve-1.png\",\"contentUrl\":\"https:\/\/www.goldenglobe.hr\/wp-content\/uploads\/2023\/03\/Rostep-Kucne-Aluminijske-Ljestve-1.png\",\"width\":594,\"height\":594,\"caption\":\"Rostep Kuc\u0301ne Aluminijske Ljestve\"},{\"@type\":\"BreadcrumbList\",\"@id\":\"https:\/\/www.goldenglobe.hr\/index.php\/proizvod\/rostep-kucne-aluminijske-ljestve\/#breadcrumb\",\"itemListElement\":[{\"@type\":\"ListItem\",\"position\":1,\"name\":\"Po\u010detna stranica\",\"item\":\"https:\/\/www.goldenglobe.hr\/\"},{\"@type\":\"ListItem\",\"position\":2,\"name\":\"Trgovina\",\"item\":\"https:\/\/www.goldenglobe.hr\/index.php\/trgovina\/\"},{\"@type\":\"ListItem\",\"position\":3,\"name\":\"ROSTEP ku\u0107ne aluminijske ljestve &#8211; 2+1, 3+1, 4+1, 5+1, 6+1, 7+1\"}]},{\"@type\":\"WebSite\",\"@id\":\"https:\/\/www.goldenglobe.hr\/#website\",\"url\":\"https:\/\/www.goldenglobe.hr\/\",\"name\":\"Golden Globe d.o.o.\",\"description\":\"Sve za krov na jednomu mjestu\",\"potentialAction\":[{\"@type\":\"SearchAction\",\"target\":{\"@type\":\"EntryPoint\",\"urlTemplate\":\"https:\/\/www.goldenglobe.hr\/?s={search_term_string}\"},\"query-input\":{\"@type\":\"PropertyValueSpecification\",\"valueRequired\":true,\"valueName\":\"search_term_string\"}}],\"inLanguage\":\"hr\"}]}<\/script>\n<!-- \/ Yoast SEO plugin. -->","yoast_head_json":{"title":"ROSTEP ku\u0107ne aluminijske ljestve - 2+1, 3+1, 4+1, 5+1, 6+1, 7+1 - Ljestve visoka kvaliteta","description":"Rostep ku\u0107ne aluminijske ljestve su prakti\u010dan proizvod za va\u0161e svrhe u ku\u0107anstvu, dvori\u0161tu, vrtu, te drugim aktvinostima. Izra\u0111ene su od kvalitetnog aluminijskog materijala koji osigurava stabilnost i sigurnost pri radu na visinama. Imaju \u0161iroke i sigurne stepenice, kao i antistati\u010dki premaz koji sprje\u010dava klizanje i omogu\u0107uje pouzdanu upotrebu u razli\u010ditim uvjetima","robots":{"index":"index","follow":"follow","max-snippet":"max-snippet:-1","max-image-preview":"max-image-preview:large","max-video-preview":"max-video-preview:-1"},"canonical":"https:\/\/www.goldenglobe.hr\/index.php\/proizvod\/rostep-kucne-aluminijske-ljestve\/","og_locale":"hr_HR","og_type":"article","og_title":"ROSTEP ku\u0107ne aluminijske ljestve - 2+1, 3+1, 4+1, 5+1, 6+1, 7+1 - Ljestve visoka kvaliteta","og_description":"Rostep ku\u0107ne aluminijske ljestve su prakti\u010dan proizvod za va\u0161e svrhe u ku\u0107anstvu, dvori\u0161tu, vrtu, te drugim aktvinostima. Izra\u0111ene su od kvalitetnog aluminijskog materijala koji osigurava stabilnost i sigurnost pri radu na visinama. Imaju \u0161iroke i sigurne stepenice, kao i antistati\u010dki premaz koji sprje\u010dava klizanje i omogu\u0107uje pouzdanu upotrebu u razli\u010ditim uvjetima","og_url":"https:\/\/www.goldenglobe.hr\/index.php\/proizvod\/rostep-kucne-aluminijske-ljestve\/","og_site_name":"Golden Globe d.o.o.","article_modified_time":"2025-01-30T08:48:25+00:00","og_image":[{"width":594,"height":594,"url":"https:\/\/www.goldenglobe.hr\/wp-content\/uploads\/2023\/03\/Rostep-Kucne-Aluminijske-Ljestve-1.png","type":"image\/png"}],"twitter_card":"summary_large_image","twitter_misc":{"Procijenjeno vrijeme \u010ditanja":"2 minute"},"schema":{"@context":"https:\/\/schema.org","@graph":[{"@type":"WebPage","@id":"https:\/\/www.goldenglobe.hr\/index.php\/proizvod\/rostep-kucne-aluminijske-ljestve\/","url":"https:\/\/www.goldenglobe.hr\/index.php\/proizvod\/rostep-kucne-aluminijske-ljestve\/","name":"ROSTEP ku\u0107ne aluminijske ljestve - 2+1, 3+1, 4+1, 5+1, 6+1, 7+1 - Ljestve visoka kvaliteta","isPartOf":{"@id":"https:\/\/www.goldenglobe.hr\/#website"},"primaryImageOfPage":{"@id":"https:\/\/www.goldenglobe.hr\/index.php\/proizvod\/rostep-kucne-aluminijske-ljestve\/#primaryimage"},"image":{"@id":"https:\/\/www.goldenglobe.hr\/index.php\/proizvod\/rostep-kucne-aluminijske-ljestve\/#primaryimage"},"thumbnailUrl":"https:\/\/www.goldenglobe.hr\/wp-content\/uploads\/2023\/03\/Rostep-Kucne-Aluminijske-Ljestve-1.png","datePublished":"2023-03-17T07:04:08+00:00","dateModified":"2025-01-30T08:48:25+00:00","description":"Rostep ku\u0107ne aluminijske ljestve su prakti\u010dan proizvod za va\u0161e svrhe u ku\u0107anstvu, dvori\u0161tu, vrtu, te drugim aktvinostima. Izra\u0111ene su od kvalitetnog aluminijskog materijala koji osigurava stabilnost i sigurnost pri radu na visinama. Imaju \u0161iroke i sigurne stepenice, kao i antistati\u010dki premaz koji sprje\u010dava klizanje i omogu\u0107uje pouzdanu upotrebu u razli\u010ditim uvjetima","breadcrumb":{"@id":"https:\/\/www.goldenglobe.hr\/index.php\/proizvod\/rostep-kucne-aluminijske-ljestve\/#breadcrumb"},"inLanguage":"hr","potentialAction":[{"@type":"ReadAction","target":["https:\/\/www.goldenglobe.hr\/index.php\/proizvod\/rostep-kucne-aluminijske-ljestve\/"]}]},{"@type":"ImageObject","inLanguage":"hr","@id":"https:\/\/www.goldenglobe.hr\/index.php\/proizvod\/rostep-kucne-aluminijske-ljestve\/#primaryimage","url":"https:\/\/www.goldenglobe.hr\/wp-content\/uploads\/2023\/03\/Rostep-Kucne-Aluminijske-Ljestve-1.png","contentUrl":"https:\/\/www.goldenglobe.hr\/wp-content\/uploads\/2023\/03\/Rostep-Kucne-Aluminijske-Ljestve-1.png","width":594,"height":594,"caption":"Rostep Kuc\u0301ne Aluminijske Ljestve"},{"@type":"BreadcrumbList","@id":"https:\/\/www.goldenglobe.hr\/index.php\/proizvod\/rostep-kucne-aluminijske-ljestve\/#breadcrumb","itemListElement":[{"@type":"ListItem","position":1,"name":"Po\u010detna stranica","item":"https:\/\/www.goldenglobe.hr\/"},{"@type":"ListItem","position":2,"name":"Trgovina","item":"https:\/\/www.goldenglobe.hr\/index.php\/trgovina\/"},{"@type":"ListItem","position":3,"name":"ROSTEP ku\u0107ne aluminijske ljestve &#8211; 2+1, 3+1, 4+1, 5+1, 6+1, 7+1"}]},{"@type":"WebSite","@id":"https:\/\/www.goldenglobe.hr\/#website","url":"https:\/\/www.goldenglobe.hr\/","name":"Golden Globe d.o.o.","description":"Sve za krov na jednomu mjestu","potentialAction":[{"@type":"SearchAction","target":{"@type":"EntryPoint","urlTemplate":"https:\/\/www.goldenglobe.hr\/?s={search_term_string}"},"query-input":{"@type":"PropertyValueSpecification","valueRequired":true,"valueName":"search_term_string"}}],"inLanguage":"hr"}]}},"_links":{"self":[{"href":"https:\/\/www.goldenglobe.hr\/index.php\/wp-json\/wp\/v2\/product\/6361","targetHints":{"allow":["GET"]}}],"collection":[{"href":"https:\/\/www.goldenglobe.hr\/index.php\/wp-json\/wp\/v2\/product"}],"about":[{"href":"https:\/\/www.goldenglobe.hr\/index.php\/wp-json\/wp\/v2\/types\/product"}],"wp:featuredmedia":[{"embeddable":true,"href":"https:\/\/www.goldenglobe.hr\/index.php\/wp-json\/wp\/v2\/media\/6354"}],"wp:attachment":[{"href":"https:\/\/www.goldenglobe.hr\/index.php\/wp-json\/wp\/v2\/media?parent=6361"}],"wp:term":[{"taxonomy":"product_cat","embeddable":true,"href":"https:\/\/www.goldenglobe.hr\/index.php\/wp-json\/wp\/v2\/product_cat?post=6361"},{"taxonomy":"product_tag","embeddable":true,"href":"https:\/\/www.goldenglobe.hr\/index.php\/wp-json\/wp\/v2\/product_tag?post=6361"}],"curies":[{"name":"wp","href":"https:\/\/api.w.org\/{rel}","templated":true}]}}