{"id":6230,"date":"2023-02-07T11:56:53","date_gmt":"2023-02-07T11:56:53","guid":{"rendered":"https:\/\/goldenglobe.hr\/nova\/?post_type=product&#038;p=6230"},"modified":"2025-10-16T09:05:41","modified_gmt":"2025-10-16T09:05:41","slug":"rolux-izlaz-na-krov","status":"publish","type":"product","link":"https:\/\/www.goldenglobe.hr\/index.php\/proizvod\/rolux-izlaz-na-krov\/","title":{"rendered":"Rolux izlaz na krov"},"content":{"rendered":"<div class=\"product-details-module__content\">\n<div id=\"productDescription\" class=\"product-details__product-description\">\n<div class=\"product-details-module__content\">\n<div id=\"productDescription\" class=\"product-details__product-description\">\n<div class=\"product-details-module__content\">\n<div id=\"productDescription\" class=\"product-details__product-description\">\n<p>Rolux izlaz na krov\u00a0pru\u017ea prakti\u010dan pristup krovu iz va\u0161eg potkrovlja. Osvjetljava i ventilira tavanske prostore i omogu\u0107uje jednostavan pristup krovu serviserima, krovopokriva\u010dima i dimnja\u010darima.<\/p>\n<ul>\n<li>Intergrirani op\u0161av s maramicom<\/li>\n<li>Mogu\u0107a ugradnja na ve\u0107inu pokrovnih materijala<\/li>\n<li>Fleksibilan sistem omogu\u0107ava jednostavnu instalaciju na krovove s nagibima od 15 do 60 stupnjeva<\/li>\n<li>Premontirano za otvaranje (Top-hung), a mogu\u0107e je otvaranje sa strane<\/li>\n<li>Otporno na vremenske uvjete i na sun\u010devo UV zra\u010denje<span class=\"Apple-converted-space\">\u00a0<\/span><\/li>\n<li>14mm termo staklo (3-8-3)<span class=\"Apple-converted-space\">\u00a0<\/span><\/li>\n<li>Kromirana ru\u010dka sa dvije pozicije za ventilaciju<\/li>\n<li>Jamstvo na 2 godine<\/li>\n<li>2 veli\u010dine:<span class=\"Apple-converted-space\">\u00a0<\/span>\n<ul>\n<li>45 \u00d7 73cm FE4573<\/li>\n<li>65 x 65cm FE6565<\/li>\n<\/ul>\n<\/li>\n<\/ul>\n<p>Rolux krovni prozori su proizvodi Altaterra koja je ujedno i \u010dlan VELUX grupe. VELUX grupa je proizvod\u017ea\u010d krovnih prozora i ve\u0107 80 godina donosi prirodno svjetlo i svje\u017e zrak u domove diljem svijeta.<\/p>\n<p>Na\u0161i krovni prozori su izra\u0111eni od visokokvalitetnih materijala, kao \u0161to su drvo, aluminij i PVC, koji osiguravaju dugotrajnost i izdr\u017eljivost proizvoda. Uz to, koristimo energetski u\u010dinkovita stakla i okvire kako bi se smanjili tro\u0161kovi grijanja i hla\u0111enja u Va\u0161em domu.<\/p>\n<p>Rolux krovni prozori su dostupni u raznim veli\u010dinama i oblicima te se mogu prilagoditi specifi\u010dnim potrebama svakog doma\u0107instva. Uz to, nudimo i razli\u010dite opcije zatamnjivanja, kao \u0161to su sjenila i vanjske tende, kako bi se kontrolirala koli\u010dina svjetla koja ulazi u Va\u0161 dom.<\/p>\n<p>S obzirom na raznolikost modela, veli\u010dina i oblika, Rolux krovni prozori mogu se prilagoditi razli\u010ditim krovovima i specifi\u010dnim potrebama svakog doma\u0107instva.<\/p>\n<p>Tehni\u010dke specifikacije:<\/p>\n<p><a href=\"https:\/\/www.goldenglobe.hr\/wp-content\/uploads\/2023\/02\/ROLUX-IZLAZ-NA-KROV-1.pdf\">ROLUX IZLAZ NA KROV<\/a><\/p>\n<p><a href=\"https:\/\/www.goldenglobe.hr\/wp-content\/uploads\/2023\/02\/Upute-za-ugradnju-izlaz-na-krov.pdf\">Upute za ugradnju izlaz na krov<\/a><\/p>\n<\/div>\n<\/div>\n<\/div>\n<\/div>\n<\/div>\n<\/div>\n","protected":false},"excerpt":{"rendered":"<p>Rolux izlaz na krov\u00a0pru\u017ea prakti\u010dan pristup krovu iz va\u0161eg potkrovlja. Osvjetljava i ventilira tavanske prostore i omogu\u0107uje jednostavan pristup krovu serviserima, krovopokriva\u010dima i dimnja\u010darima.<\/p>\n<p>Za vi\u0161e informacija, obratite nam se na prodaja@goldenglobe.hr ili nazovite 0992147577<\/p>\n","protected":false},"featured_media":6235,"template":"","meta":[],"product_cat":[61],"product_tag":[],"class_list":{"0":"post-6230","1":"product","2":"type-product","3":"status-publish","4":"has-post-thumbnail","6":"product_cat-krovni-prozori-rolux","7":"col-12 col-sm-6 col-md-4 col-lg-3","9":"first","10":"instock","11":"taxable","12":"shipping-taxable","13":"purchasable","14":"product-type-variable"},"yoast_head":"<!-- This site is optimized with the Yoast SEO plugin v24.1 - https:\/\/yoast.com\/wordpress\/plugins\/seo\/ -->\n<title>Rolux izlaz na krov - Golden Globe d.o.o.<\/title>\n<meta name=\"description\" content=\"Rolux prozori za izlaz na krov\u00a0pru\u017eaju prakti\u010dan pristup krovu iz va\u0161eg potkrovlja. Osvjetljava i ventilira nestambene tavanske prostore i omogu\u0107uje lagani pristup krovu serviserima, krovopokriva\u010dima i dimnja\u010darima.\u00a0\" \/>\n<meta name=\"robots\" content=\"index, follow, max-snippet:-1, max-image-preview:large, max-video-preview:-1\" \/>\n<link rel=\"canonical\" href=\"https:\/\/www.goldenglobe.hr\/index.php\/proizvod\/rolux-izlaz-na-krov\/\" \/>\n<meta property=\"og:locale\" content=\"hr_HR\" \/>\n<meta property=\"og:type\" content=\"article\" \/>\n<meta property=\"og:title\" content=\"Rolux izlaz na krov - Golden Globe d.o.o.\" \/>\n<meta property=\"og:description\" content=\"Rolux prozori za izlaz na krov\u00a0pru\u017eaju prakti\u010dan pristup krovu iz va\u0161eg potkrovlja. Osvjetljava i ventilira nestambene tavanske prostore i omogu\u0107uje lagani pristup krovu serviserima, krovopokriva\u010dima i dimnja\u010darima.\u00a0\" \/>\n<meta property=\"og:url\" content=\"https:\/\/www.goldenglobe.hr\/index.php\/proizvod\/rolux-izlaz-na-krov\/\" \/>\n<meta property=\"og:site_name\" content=\"Golden Globe d.o.o.\" \/>\n<meta property=\"article:modified_time\" content=\"2025-10-16T09:05:41+00:00\" \/>\n<meta property=\"og:image\" content=\"https:\/\/www.goldenglobe.hr\/wp-content\/uploads\/2023\/02\/Rolux-izlaz-na-krov.jpeg\" \/>\n\t<meta property=\"og:image:width\" content=\"574\" \/>\n\t<meta property=\"og:image:height\" content=\"574\" \/>\n\t<meta property=\"og:image:type\" content=\"image\/jpeg\" \/>\n<meta name=\"twitter:card\" content=\"summary_large_image\" \/>\n<meta name=\"twitter:label1\" content=\"Procijenjeno vrijeme \u010ditanja\" \/>\n\t<meta name=\"twitter:data1\" content=\"2 minute\" \/>\n<script type=\"application\/ld+json\" class=\"yoast-schema-graph\">{\"@context\":\"https:\/\/schema.org\",\"@graph\":[{\"@type\":\"WebPage\",\"@id\":\"https:\/\/www.goldenglobe.hr\/index.php\/proizvod\/rolux-izlaz-na-krov\/\",\"url\":\"https:\/\/www.goldenglobe.hr\/index.php\/proizvod\/rolux-izlaz-na-krov\/\",\"name\":\"Rolux izlaz na krov - Golden Globe d.o.o.\",\"isPartOf\":{\"@id\":\"https:\/\/www.goldenglobe.hr\/#website\"},\"primaryImageOfPage\":{\"@id\":\"https:\/\/www.goldenglobe.hr\/index.php\/proizvod\/rolux-izlaz-na-krov\/#primaryimage\"},\"image\":{\"@id\":\"https:\/\/www.goldenglobe.hr\/index.php\/proizvod\/rolux-izlaz-na-krov\/#primaryimage\"},\"thumbnailUrl\":\"https:\/\/www.goldenglobe.hr\/wp-content\/uploads\/2023\/02\/Rolux-izlaz-na-krov.jpeg\",\"datePublished\":\"2023-02-07T11:56:53+00:00\",\"dateModified\":\"2025-10-16T09:05:41+00:00\",\"description\":\"Rolux prozori za izlaz na krov\u00a0pru\u017eaju prakti\u010dan pristup krovu iz va\u0161eg potkrovlja. Osvjetljava i ventilira nestambene tavanske prostore i omogu\u0107uje lagani pristup krovu serviserima, krovopokriva\u010dima i dimnja\u010darima.\u00a0\",\"breadcrumb\":{\"@id\":\"https:\/\/www.goldenglobe.hr\/index.php\/proizvod\/rolux-izlaz-na-krov\/#breadcrumb\"},\"inLanguage\":\"hr\",\"potentialAction\":[{\"@type\":\"ReadAction\",\"target\":[\"https:\/\/www.goldenglobe.hr\/index.php\/proizvod\/rolux-izlaz-na-krov\/\"]}]},{\"@type\":\"ImageObject\",\"inLanguage\":\"hr\",\"@id\":\"https:\/\/www.goldenglobe.hr\/index.php\/proizvod\/rolux-izlaz-na-krov\/#primaryimage\",\"url\":\"https:\/\/www.goldenglobe.hr\/wp-content\/uploads\/2023\/02\/Rolux-izlaz-na-krov.jpeg\",\"contentUrl\":\"https:\/\/www.goldenglobe.hr\/wp-content\/uploads\/2023\/02\/Rolux-izlaz-na-krov.jpeg\",\"width\":574,\"height\":574,\"caption\":\"Krovni prozor za izlaz na krov\"},{\"@type\":\"BreadcrumbList\",\"@id\":\"https:\/\/www.goldenglobe.hr\/index.php\/proizvod\/rolux-izlaz-na-krov\/#breadcrumb\",\"itemListElement\":[{\"@type\":\"ListItem\",\"position\":1,\"name\":\"Po\u010detna stranica\",\"item\":\"https:\/\/www.goldenglobe.hr\/\"},{\"@type\":\"ListItem\",\"position\":2,\"name\":\"Trgovina\",\"item\":\"https:\/\/www.goldenglobe.hr\/index.php\/trgovina\/\"},{\"@type\":\"ListItem\",\"position\":3,\"name\":\"Rolux izlaz na krov\"}]},{\"@type\":\"WebSite\",\"@id\":\"https:\/\/www.goldenglobe.hr\/#website\",\"url\":\"https:\/\/www.goldenglobe.hr\/\",\"name\":\"Golden Globe d.o.o.\",\"description\":\"Sve za krov na jednomu mjestu\",\"potentialAction\":[{\"@type\":\"SearchAction\",\"target\":{\"@type\":\"EntryPoint\",\"urlTemplate\":\"https:\/\/www.goldenglobe.hr\/?s={search_term_string}\"},\"query-input\":{\"@type\":\"PropertyValueSpecification\",\"valueRequired\":true,\"valueName\":\"search_term_string\"}}],\"inLanguage\":\"hr\"}]}<\/script>\n<!-- \/ Yoast SEO plugin. -->","yoast_head_json":{"title":"Rolux izlaz na krov - Golden Globe d.o.o.","description":"Rolux prozori za izlaz na krov\u00a0pru\u017eaju prakti\u010dan pristup krovu iz va\u0161eg potkrovlja. Osvjetljava i ventilira nestambene tavanske prostore i omogu\u0107uje lagani pristup krovu serviserima, krovopokriva\u010dima i dimnja\u010darima.\u00a0","robots":{"index":"index","follow":"follow","max-snippet":"max-snippet:-1","max-image-preview":"max-image-preview:large","max-video-preview":"max-video-preview:-1"},"canonical":"https:\/\/www.goldenglobe.hr\/index.php\/proizvod\/rolux-izlaz-na-krov\/","og_locale":"hr_HR","og_type":"article","og_title":"Rolux izlaz na krov - Golden Globe d.o.o.","og_description":"Rolux prozori za izlaz na krov\u00a0pru\u017eaju prakti\u010dan pristup krovu iz va\u0161eg potkrovlja. Osvjetljava i ventilira nestambene tavanske prostore i omogu\u0107uje lagani pristup krovu serviserima, krovopokriva\u010dima i dimnja\u010darima.\u00a0","og_url":"https:\/\/www.goldenglobe.hr\/index.php\/proizvod\/rolux-izlaz-na-krov\/","og_site_name":"Golden Globe d.o.o.","article_modified_time":"2025-10-16T09:05:41+00:00","og_image":[{"width":574,"height":574,"url":"https:\/\/www.goldenglobe.hr\/wp-content\/uploads\/2023\/02\/Rolux-izlaz-na-krov.jpeg","type":"image\/jpeg"}],"twitter_card":"summary_large_image","twitter_misc":{"Procijenjeno vrijeme \u010ditanja":"2 minute"},"schema":{"@context":"https:\/\/schema.org","@graph":[{"@type":"WebPage","@id":"https:\/\/www.goldenglobe.hr\/index.php\/proizvod\/rolux-izlaz-na-krov\/","url":"https:\/\/www.goldenglobe.hr\/index.php\/proizvod\/rolux-izlaz-na-krov\/","name":"Rolux izlaz na krov - Golden Globe d.o.o.","isPartOf":{"@id":"https:\/\/www.goldenglobe.hr\/#website"},"primaryImageOfPage":{"@id":"https:\/\/www.goldenglobe.hr\/index.php\/proizvod\/rolux-izlaz-na-krov\/#primaryimage"},"image":{"@id":"https:\/\/www.goldenglobe.hr\/index.php\/proizvod\/rolux-izlaz-na-krov\/#primaryimage"},"thumbnailUrl":"https:\/\/www.goldenglobe.hr\/wp-content\/uploads\/2023\/02\/Rolux-izlaz-na-krov.jpeg","datePublished":"2023-02-07T11:56:53+00:00","dateModified":"2025-10-16T09:05:41+00:00","description":"Rolux prozori za izlaz na krov\u00a0pru\u017eaju prakti\u010dan pristup krovu iz va\u0161eg potkrovlja. Osvjetljava i ventilira nestambene tavanske prostore i omogu\u0107uje lagani pristup krovu serviserima, krovopokriva\u010dima i dimnja\u010darima.\u00a0","breadcrumb":{"@id":"https:\/\/www.goldenglobe.hr\/index.php\/proizvod\/rolux-izlaz-na-krov\/#breadcrumb"},"inLanguage":"hr","potentialAction":[{"@type":"ReadAction","target":["https:\/\/www.goldenglobe.hr\/index.php\/proizvod\/rolux-izlaz-na-krov\/"]}]},{"@type":"ImageObject","inLanguage":"hr","@id":"https:\/\/www.goldenglobe.hr\/index.php\/proizvod\/rolux-izlaz-na-krov\/#primaryimage","url":"https:\/\/www.goldenglobe.hr\/wp-content\/uploads\/2023\/02\/Rolux-izlaz-na-krov.jpeg","contentUrl":"https:\/\/www.goldenglobe.hr\/wp-content\/uploads\/2023\/02\/Rolux-izlaz-na-krov.jpeg","width":574,"height":574,"caption":"Krovni prozor za izlaz na krov"},{"@type":"BreadcrumbList","@id":"https:\/\/www.goldenglobe.hr\/index.php\/proizvod\/rolux-izlaz-na-krov\/#breadcrumb","itemListElement":[{"@type":"ListItem","position":1,"name":"Po\u010detna stranica","item":"https:\/\/www.goldenglobe.hr\/"},{"@type":"ListItem","position":2,"name":"Trgovina","item":"https:\/\/www.goldenglobe.hr\/index.php\/trgovina\/"},{"@type":"ListItem","position":3,"name":"Rolux izlaz na krov"}]},{"@type":"WebSite","@id":"https:\/\/www.goldenglobe.hr\/#website","url":"https:\/\/www.goldenglobe.hr\/","name":"Golden Globe d.o.o.","description":"Sve za krov na jednomu mjestu","potentialAction":[{"@type":"SearchAction","target":{"@type":"EntryPoint","urlTemplate":"https:\/\/www.goldenglobe.hr\/?s={search_term_string}"},"query-input":{"@type":"PropertyValueSpecification","valueRequired":true,"valueName":"search_term_string"}}],"inLanguage":"hr"}]}},"_links":{"self":[{"href":"https:\/\/www.goldenglobe.hr\/index.php\/wp-json\/wp\/v2\/product\/6230","targetHints":{"allow":["GET"]}}],"collection":[{"href":"https:\/\/www.goldenglobe.hr\/index.php\/wp-json\/wp\/v2\/product"}],"about":[{"href":"https:\/\/www.goldenglobe.hr\/index.php\/wp-json\/wp\/v2\/types\/product"}],"wp:featuredmedia":[{"embeddable":true,"href":"https:\/\/www.goldenglobe.hr\/index.php\/wp-json\/wp\/v2\/media\/6235"}],"wp:attachment":[{"href":"https:\/\/www.goldenglobe.hr\/index.php\/wp-json\/wp\/v2\/media?parent=6230"}],"wp:term":[{"taxonomy":"product_cat","embeddable":true,"href":"https:\/\/www.goldenglobe.hr\/index.php\/wp-json\/wp\/v2\/product_cat?post=6230"},{"taxonomy":"product_tag","embeddable":true,"href":"https:\/\/www.goldenglobe.hr\/index.php\/wp-json\/wp\/v2\/product_tag?post=6230"}],"curies":[{"name":"wp","href":"https:\/\/api.w.org\/{rel}","templated":true}]}}