{"id":6203,"date":"2023-02-07T09:00:10","date_gmt":"2023-02-07T09:00:10","guid":{"rendered":"https:\/\/goldenglobe.hr\/nova\/?post_type=product&#038;p=6203"},"modified":"2024-09-12T08:15:23","modified_gmt":"2024-09-12T08:15:23","slug":"rolux-siesta-sjenilo-bez","status":"publish","type":"product","link":"https:\/\/www.goldenglobe.hr\/index.php\/proizvod\/rolux-siesta-sjenilo-bez\/","title":{"rendered":"Rolux siesta sjenilo BE\u017d"},"content":{"rendered":"<div class=\"product-details-module__content\">\n<div id=\"productDescription\" class=\"product-details__product-description\">\n<div class=\"product-details-module__content\">\n<div id=\"productDescription\" class=\"product-details__product-description\">\n<div>\n<ul>\n<li>Dostupno u svakoj dimenziji Rolux krovnih prozora<\/li>\n<li>Mogu\u0107nost zaustavljanja sjenila u bilo kojoj poziciji na krovnom prozoru<\/li>\n<li>Mogu\u0107a instalacija pomo\u0107u odvija\u010da u roku par minuta &#8211; rezanje nije potrebno<\/li>\n<li>Dostupno I u plavoj boji (idu\u0107i proizvod)<\/li>\n<li>Kompatibilno I sa VELUX krovnim prozorima (VELUX proizvodnja do 2013. godine)<\/li>\n<li>Potpuno zaustavlja ulazak svjetlosti u prostor<\/li>\n<li>Idealno sjenilo za spava\u0107e sobe<\/li>\n<li>Odr\u017eljivo i jednostavno pranje sjenila vla\u017enom krpom<\/li>\n<li>Jamstvo na 2 godine<\/li>\n<\/ul>\n<p>Rolux krovni prozori su proizvodi Altaterra koja je ujedno i \u010dlan VELUX grupe. VELUX grupa je proizvod\u017ea\u010d krovnih prozora i ve\u0107 80 godina donosi prirodno svjetlo i svje\u017e zrak u domove diljem svijeta. Rolux Siesta Sjenilo za krovni prozor omogu\u0107ava zamra\u010denje prostorije te o\u017eivljava va\u0161 prostor bojom (be\u017e ili plava).<\/p>\n<p><a href=\"https:\/\/www.goldenglobe.hr\/wp-content\/uploads\/2023\/02\/Upute-za-ugradnju-sjenila.pdf\">Upute za ugradnju sjenila<\/a><\/p>\n<div style=\"width: 840px;\" class=\"wp-video\"><!--[if lt IE 9]><script>document.createElement('video');<\/script><![endif]-->\n<video class=\"wp-video-shortcode\" id=\"video-6203-1\" width=\"840\" height=\"473\" preload=\"metadata\" controls=\"controls\"><source type=\"video\/mp4\" src=\"https:\/\/www.goldenglobe.hr\/wp-content\/uploads\/2023\/02\/instalacija-sjenila-za-prozor.mp4?_=1\" \/><a href=\"https:\/\/www.goldenglobe.hr\/wp-content\/uploads\/2023\/02\/instalacija-sjenila-za-prozor.mp4\">https:\/\/www.goldenglobe.hr\/wp-content\/uploads\/2023\/02\/instalacija-sjenila-za-prozor.mp4<\/a><\/video><\/div>\n<\/div>\n<\/div>\n<\/div>\n<\/div>\n<\/div>\n","protected":false},"excerpt":{"rendered":"<p>Rolux sjenilo dostupno u svakoj dimenziji Rolux krovnih prozora. Mogu\u0107nost zaustavljanja sjenila u bilo kojoj poziciji na krovnom prozoru. Rolux sjenilo je kompatibilno sa Velux krovnim prozorima.<\/p>\n","protected":false},"featured_media":6394,"template":"","meta":[],"product_cat":[61],"product_tag":[],"class_list":{"0":"post-6203","1":"product","2":"type-product","3":"status-publish","4":"has-post-thumbnail","6":"product_cat-krovni-prozori-rolux","7":"col-12 col-sm-6 col-md-4 col-lg-3","9":"first","10":"instock","11":"taxable","12":"shipping-taxable","13":"purchasable","14":"product-type-variable"},"yoast_head":"<!-- This site is optimized with the Yoast SEO plugin v24.1 - https:\/\/yoast.com\/wordpress\/plugins\/seo\/ -->\n<title>Rolux siesta sjenilo BE\u017d - Golden Globe d.o.o.<\/title>\n<meta name=\"description\" content=\"Rolux sjenilo dostupno u svakoj dimenziji Rolux krovnih prozora. Mogu\u0107nost zaustavljanja sjenila u bilo kojoj poziciji na krovnom prozoru. Rolux sjenilo je kompatibilno sa Velux krovnim prozorima.\" \/>\n<meta name=\"robots\" content=\"index, follow, max-snippet:-1, max-image-preview:large, max-video-preview:-1\" \/>\n<link rel=\"canonical\" href=\"https:\/\/www.goldenglobe.hr\/index.php\/proizvod\/rolux-siesta-sjenilo-bez\/\" \/>\n<meta property=\"og:locale\" content=\"hr_HR\" \/>\n<meta property=\"og:type\" content=\"article\" \/>\n<meta property=\"og:title\" content=\"Rolux siesta sjenilo BE\u017d - Golden Globe d.o.o.\" \/>\n<meta property=\"og:description\" content=\"Rolux sjenilo dostupno u svakoj dimenziji Rolux krovnih prozora. Mogu\u0107nost zaustavljanja sjenila u bilo kojoj poziciji na krovnom prozoru. Rolux sjenilo je kompatibilno sa Velux krovnim prozorima.\" \/>\n<meta property=\"og:url\" content=\"https:\/\/www.goldenglobe.hr\/index.php\/proizvod\/rolux-siesta-sjenilo-bez\/\" \/>\n<meta property=\"og:site_name\" content=\"Golden Globe d.o.o.\" \/>\n<meta property=\"article:modified_time\" content=\"2024-09-12T08:15:23+00:00\" \/>\n<meta property=\"og:image\" content=\"https:\/\/www.goldenglobe.hr\/wp-content\/uploads\/2023\/02\/DUR_4217_beige_2500px-c53d779d-.jpg\" \/>\n\t<meta property=\"og:image:width\" content=\"1920\" \/>\n\t<meta property=\"og:image:height\" content=\"1920\" \/>\n\t<meta property=\"og:image:type\" content=\"image\/jpeg\" \/>\n<meta name=\"twitter:card\" content=\"summary_large_image\" \/>\n<meta name=\"twitter:label1\" content=\"Procijenjeno vrijeme \u010ditanja\" \/>\n\t<meta name=\"twitter:data1\" content=\"1 minuta\" \/>\n<script type=\"application\/ld+json\" class=\"yoast-schema-graph\">{\"@context\":\"https:\/\/schema.org\",\"@graph\":[{\"@type\":\"WebPage\",\"@id\":\"https:\/\/www.goldenglobe.hr\/index.php\/proizvod\/rolux-siesta-sjenilo-bez\/\",\"url\":\"https:\/\/www.goldenglobe.hr\/index.php\/proizvod\/rolux-siesta-sjenilo-bez\/\",\"name\":\"Rolux siesta sjenilo BE\u017d - Golden Globe d.o.o.\",\"isPartOf\":{\"@id\":\"https:\/\/www.goldenglobe.hr\/#website\"},\"primaryImageOfPage\":{\"@id\":\"https:\/\/www.goldenglobe.hr\/index.php\/proizvod\/rolux-siesta-sjenilo-bez\/#primaryimage\"},\"image\":{\"@id\":\"https:\/\/www.goldenglobe.hr\/index.php\/proizvod\/rolux-siesta-sjenilo-bez\/#primaryimage\"},\"thumbnailUrl\":\"https:\/\/www.goldenglobe.hr\/wp-content\/uploads\/2023\/02\/DUR_4217_beige_2500px-c53d779d-.jpg\",\"datePublished\":\"2023-02-07T09:00:10+00:00\",\"dateModified\":\"2024-09-12T08:15:23+00:00\",\"description\":\"Rolux sjenilo dostupno u svakoj dimenziji Rolux krovnih prozora. Mogu\u0107nost zaustavljanja sjenila u bilo kojoj poziciji na krovnom prozoru. Rolux sjenilo je kompatibilno sa Velux krovnim prozorima.\",\"breadcrumb\":{\"@id\":\"https:\/\/www.goldenglobe.hr\/index.php\/proizvod\/rolux-siesta-sjenilo-bez\/#breadcrumb\"},\"inLanguage\":\"hr\",\"potentialAction\":[{\"@type\":\"ReadAction\",\"target\":[\"https:\/\/www.goldenglobe.hr\/index.php\/proizvod\/rolux-siesta-sjenilo-bez\/\"]}]},{\"@type\":\"ImageObject\",\"inLanguage\":\"hr\",\"@id\":\"https:\/\/www.goldenglobe.hr\/index.php\/proizvod\/rolux-siesta-sjenilo-bez\/#primaryimage\",\"url\":\"https:\/\/www.goldenglobe.hr\/wp-content\/uploads\/2023\/02\/DUR_4217_beige_2500px-c53d779d-.jpg\",\"contentUrl\":\"https:\/\/www.goldenglobe.hr\/wp-content\/uploads\/2023\/02\/DUR_4217_beige_2500px-c53d779d-.jpg\",\"width\":1920,\"height\":1920},{\"@type\":\"BreadcrumbList\",\"@id\":\"https:\/\/www.goldenglobe.hr\/index.php\/proizvod\/rolux-siesta-sjenilo-bez\/#breadcrumb\",\"itemListElement\":[{\"@type\":\"ListItem\",\"position\":1,\"name\":\"Po\u010detna stranica\",\"item\":\"https:\/\/www.goldenglobe.hr\/\"},{\"@type\":\"ListItem\",\"position\":2,\"name\":\"Trgovina\",\"item\":\"https:\/\/www.goldenglobe.hr\/index.php\/trgovina\/\"},{\"@type\":\"ListItem\",\"position\":3,\"name\":\"Rolux siesta sjenilo BE\u017d\"}]},{\"@type\":\"WebSite\",\"@id\":\"https:\/\/www.goldenglobe.hr\/#website\",\"url\":\"https:\/\/www.goldenglobe.hr\/\",\"name\":\"Golden Globe d.o.o.\",\"description\":\"Sve za krov na jednomu mjestu\",\"potentialAction\":[{\"@type\":\"SearchAction\",\"target\":{\"@type\":\"EntryPoint\",\"urlTemplate\":\"https:\/\/www.goldenglobe.hr\/?s={search_term_string}\"},\"query-input\":{\"@type\":\"PropertyValueSpecification\",\"valueRequired\":true,\"valueName\":\"search_term_string\"}}],\"inLanguage\":\"hr\"}]}<\/script>\n<!-- \/ Yoast SEO plugin. -->","yoast_head_json":{"title":"Rolux siesta sjenilo BE\u017d - Golden Globe d.o.o.","description":"Rolux sjenilo dostupno u svakoj dimenziji Rolux krovnih prozora. Mogu\u0107nost zaustavljanja sjenila u bilo kojoj poziciji na krovnom prozoru. Rolux sjenilo je kompatibilno sa Velux krovnim prozorima.","robots":{"index":"index","follow":"follow","max-snippet":"max-snippet:-1","max-image-preview":"max-image-preview:large","max-video-preview":"max-video-preview:-1"},"canonical":"https:\/\/www.goldenglobe.hr\/index.php\/proizvod\/rolux-siesta-sjenilo-bez\/","og_locale":"hr_HR","og_type":"article","og_title":"Rolux siesta sjenilo BE\u017d - Golden Globe d.o.o.","og_description":"Rolux sjenilo dostupno u svakoj dimenziji Rolux krovnih prozora. Mogu\u0107nost zaustavljanja sjenila u bilo kojoj poziciji na krovnom prozoru. Rolux sjenilo je kompatibilno sa Velux krovnim prozorima.","og_url":"https:\/\/www.goldenglobe.hr\/index.php\/proizvod\/rolux-siesta-sjenilo-bez\/","og_site_name":"Golden Globe d.o.o.","article_modified_time":"2024-09-12T08:15:23+00:00","og_image":[{"width":1920,"height":1920,"url":"https:\/\/www.goldenglobe.hr\/wp-content\/uploads\/2023\/02\/DUR_4217_beige_2500px-c53d779d-.jpg","type":"image\/jpeg"}],"twitter_card":"summary_large_image","twitter_misc":{"Procijenjeno vrijeme \u010ditanja":"1 minuta"},"schema":{"@context":"https:\/\/schema.org","@graph":[{"@type":"WebPage","@id":"https:\/\/www.goldenglobe.hr\/index.php\/proizvod\/rolux-siesta-sjenilo-bez\/","url":"https:\/\/www.goldenglobe.hr\/index.php\/proizvod\/rolux-siesta-sjenilo-bez\/","name":"Rolux siesta sjenilo BE\u017d - Golden Globe d.o.o.","isPartOf":{"@id":"https:\/\/www.goldenglobe.hr\/#website"},"primaryImageOfPage":{"@id":"https:\/\/www.goldenglobe.hr\/index.php\/proizvod\/rolux-siesta-sjenilo-bez\/#primaryimage"},"image":{"@id":"https:\/\/www.goldenglobe.hr\/index.php\/proizvod\/rolux-siesta-sjenilo-bez\/#primaryimage"},"thumbnailUrl":"https:\/\/www.goldenglobe.hr\/wp-content\/uploads\/2023\/02\/DUR_4217_beige_2500px-c53d779d-.jpg","datePublished":"2023-02-07T09:00:10+00:00","dateModified":"2024-09-12T08:15:23+00:00","description":"Rolux sjenilo dostupno u svakoj dimenziji Rolux krovnih prozora. Mogu\u0107nost zaustavljanja sjenila u bilo kojoj poziciji na krovnom prozoru. Rolux sjenilo je kompatibilno sa Velux krovnim prozorima.","breadcrumb":{"@id":"https:\/\/www.goldenglobe.hr\/index.php\/proizvod\/rolux-siesta-sjenilo-bez\/#breadcrumb"},"inLanguage":"hr","potentialAction":[{"@type":"ReadAction","target":["https:\/\/www.goldenglobe.hr\/index.php\/proizvod\/rolux-siesta-sjenilo-bez\/"]}]},{"@type":"ImageObject","inLanguage":"hr","@id":"https:\/\/www.goldenglobe.hr\/index.php\/proizvod\/rolux-siesta-sjenilo-bez\/#primaryimage","url":"https:\/\/www.goldenglobe.hr\/wp-content\/uploads\/2023\/02\/DUR_4217_beige_2500px-c53d779d-.jpg","contentUrl":"https:\/\/www.goldenglobe.hr\/wp-content\/uploads\/2023\/02\/DUR_4217_beige_2500px-c53d779d-.jpg","width":1920,"height":1920},{"@type":"BreadcrumbList","@id":"https:\/\/www.goldenglobe.hr\/index.php\/proizvod\/rolux-siesta-sjenilo-bez\/#breadcrumb","itemListElement":[{"@type":"ListItem","position":1,"name":"Po\u010detna stranica","item":"https:\/\/www.goldenglobe.hr\/"},{"@type":"ListItem","position":2,"name":"Trgovina","item":"https:\/\/www.goldenglobe.hr\/index.php\/trgovina\/"},{"@type":"ListItem","position":3,"name":"Rolux siesta sjenilo BE\u017d"}]},{"@type":"WebSite","@id":"https:\/\/www.goldenglobe.hr\/#website","url":"https:\/\/www.goldenglobe.hr\/","name":"Golden Globe d.o.o.","description":"Sve za krov na jednomu mjestu","potentialAction":[{"@type":"SearchAction","target":{"@type":"EntryPoint","urlTemplate":"https:\/\/www.goldenglobe.hr\/?s={search_term_string}"},"query-input":{"@type":"PropertyValueSpecification","valueRequired":true,"valueName":"search_term_string"}}],"inLanguage":"hr"}]}},"_links":{"self":[{"href":"https:\/\/www.goldenglobe.hr\/index.php\/wp-json\/wp\/v2\/product\/6203","targetHints":{"allow":["GET"]}}],"collection":[{"href":"https:\/\/www.goldenglobe.hr\/index.php\/wp-json\/wp\/v2\/product"}],"about":[{"href":"https:\/\/www.goldenglobe.hr\/index.php\/wp-json\/wp\/v2\/types\/product"}],"wp:featuredmedia":[{"embeddable":true,"href":"https:\/\/www.goldenglobe.hr\/index.php\/wp-json\/wp\/v2\/media\/6394"}],"wp:attachment":[{"href":"https:\/\/www.goldenglobe.hr\/index.php\/wp-json\/wp\/v2\/media?parent=6203"}],"wp:term":[{"taxonomy":"product_cat","embeddable":true,"href":"https:\/\/www.goldenglobe.hr\/index.php\/wp-json\/wp\/v2\/product_cat?post=6203"},{"taxonomy":"product_tag","embeddable":true,"href":"https:\/\/www.goldenglobe.hr\/index.php\/wp-json\/wp\/v2\/product_tag?post=6203"}],"curies":[{"name":"wp","href":"https:\/\/api.w.org\/{rel}","templated":true}]}}